{"id":686816,"date":"2026-01-08T18:13:27","date_gmt":"2026-01-08T15:13:27","guid":{"rendered":"https:\/\/nbg.eu\/product\/waermebildkamera-nocpix-ace-h50r-12um-640x512-zeiss-schiene\/"},"modified":"2026-04-14T17:18:52","modified_gmt":"2026-04-14T14:18:52","slug":"waermebildkamera-nocpix-ace-h50r-12um-640x512-zeiss-schiene","status":"publish","type":"product","link":"https:\/\/nbg.eu\/de\/produkt\/waermebildkamera-nocpix-ace-h50r-12um-640x512-zeiss-schiene\/","title":{"rendered":"Nocpix W\u00e4rmebildkamera ACE H50R ZEISS RAIL"},"content":{"rendered":"<h2>Nocpix ACE H50R Thermisches Zielfernrohr: Beispiellose Jagdgenauigkeit und Klarheit<\/h2>\n<p>Das Nocpix ACE H50R thermische Zielfernrohr kombiniert fortschrittliche Technologie mit robuster Haltbarkeit f\u00fcr ein beispielloses Jagderlebnis. Es verf\u00fcgt \u00fcber einen 640&#215;512 Aufl\u00f6sungs-Thermalsensor mit \u226412mK NETD f\u00fcr au\u00dfergew\u00f6hnliche Bildsch\u00e4rfe, eine Erkennungsreichweite von 3100 Metern und einen integrierten Entfernungsmesser f\u00fcr pr\u00e4zise Messungen bis zu 1200 Metern. Das innovative Vision+-System bietet Okular-Vergr\u00f6\u00dferung f\u00fcr klare Nahaufnahmen, w\u00e4hrend ein Doppelbatteriesystem einen langanhaltenden Einsatz gew\u00e4hrleistet. Aus hochfester Aluminiumlegierung gefertigt und mit einer IP67-Einstufung versehen, ist dieses Zielfernrohr konzipiert, um in jeder Outdoor-Umgebung zu exzellieren und sich jeder Situation anzupassen.<\/p>\n<p>Das Nocpix ACE H50 thermische Zielfernrohr ist ein hochmodernes Werkzeug, das darauf ausgelegt ist, das Jagderlebnis neu zu definieren, ob Sie sich durch die dunkle Nacht bewegen oder durch herausforderndes Gel\u00e4nde schleichen. Als Teil der Flaggschiff-Serie ACE von Nocpix zeichnet sich dieses thermische Optikvisier durch seine \u00fcberlegene Bildqualit\u00e4t und Pr\u00e4zision aus, dank seines hauseigenen hochaufl\u00f6senden Thermalsensors und der fortschrittlichen Reality+- und Vision+-Systeme.<\/p>\n<p>Im Herzen des Nocpix ACE H50R befindet sich sein Gen-2-HD-Thermalsensor, der eine Aufl\u00f6sung von 640&#215;512 und eine Bildrate von 60 Hz bietet und eine unglaublich stabile Leistung liefert. Mit einem NETD von \u226412mK erkennt dieser Sensor selbst die kleinsten Temperaturunterschiede und liefert detaillierte und stabile W\u00e4rmebilder, ideal zum Verfolgen von sich schnell bewegenden Zielen in Echtzeit. Der fortschrittliche Reality+-Bildbearbeitungsalgorithmus verst\u00e4rkt dies, indem er Umgebungstemperaturger\u00e4usche eliminiert und eine \u00fcberlegene Kontrastund Klarheit selbst unter schwierigen Jagdbedingungen bietet.<\/p>\n<p>Das ACE H50R ist mit einem 50 mm\/F0,9-Objektiv ausgestattet, das 20 % mehr Licht auf den Sensor l\u00e4sst und damit hellere und klarere Bilder erzeugt. Dies ist f\u00fcr J\u00e4ger, die auf Pr\u00e4zision setzen, entscheidend, da die verbesserte Licht\u00fcbertragung eine bessere Sichtbarkeit bei schwacher Beleuchtung bietet. Dar\u00fcber hinaus setzt die 3100-Meter-Erkennungsreichweite das ACE von der Konkurrenz ab und erleichtert die Langstrecken-Identifizierung und -Verfolgung von entfernten Zielen wie nie zuvor.<\/p>\n<p>Das integrierte Vision+-System verbessert das Seherlebnis mit einem 1,03 Zoll gro\u00dfen kreisf\u00f6rmigen AMOLED-Display mit einer Aufl\u00f6sung von 2560&#215;2560. Sein optisches Zoomsystem, das darauf ausgelegt ist, die f\u00fcr elektronische Zoomobjektive typischen Unsch\u00e4rfen und Verzerrungen zu vermeiden, stellt sicher, dass J\u00e4ger klare, hochaufl\u00f6sende Nahaufnahmen ohne Qualit\u00e4tsverlust genie\u00dfen k\u00f6nnen. Dies bietet ein immersives, komfortables Seherlebnis, egal ob Sie Beute aus der Ferne ausmachen oder f\u00fcr eine pr\u00e4zise Zielerfassung heranzoomen.<\/p>\n<p>F\u00fcr den Einsatz im Gel\u00e4nde konzipiert, verf\u00fcgt das ACE \u00fcber ein Doppelbatteriesystem mit einem eingebauten 4000-mAh-Akku und einem zus\u00e4tzlichen austauschbaren 18650-Akku, die einen unterbrechungsfreien Betrieb auch bei langen Jagdausfl\u00fcgen erm\u00f6glichen. Das robuste Design aus hochfester Aluminiumlegierung stellt sicher, dass das ACE rauen Outdoor-Umgebungen und intensiver Nutzung standh\u00e4lt und hat strenge Sto\u00dffestigkeitstests bestanden. Mit einer IP67-Wasserdichtigkeit bleibt das Zielfernrohr auch unter widrigen Wetterbedingungen zuverl\u00e4ssig und bietet J\u00e4gern Gewissheit, unabh\u00e4ngig von der Umgebung.<\/p>\n<p>Mit J\u00e4gern im Sinn entwickelt, umfasst das Nocpix ACE H50R wichtige Funktionen wie r\u00fccksto\u00dfaktivierte Videoaufnahme und einen verschlussfreien Aufbau f\u00fcr einfache Bedienung im Gel\u00e4nde. Dank praktischer Zus\u00e4tze wie einem Fokusregler, einer Ladeklappe und der M\u00f6glichkeit, Videos direkt \u00fcber die Galerie-Funktion abzuspielen, vereint dieses Zielfernrohr hohe Leistung mit Benutzerfreundlichkeit f\u00fcr ein optimales Jagderlebnis.<\/p>\n","protected":false},"excerpt":{"rendered":"<p>Die Nocpix ACE H50R W\u00e4rmebild-Zielfernrohrkombination vereint einen leistungsstarken 640&#215;512 12um Sensor, eine Reichweite von 3100m und einen integrierten Entfernungsmesser f\u00fcr beispiellose Jagdleistung.<\/p>\n<p>Wenn der Artikel nicht verf\u00fcgbar ist, kontaktieren Sie uns bitte unter: shop@nbg.eu oder +359896147790<\/p>\n<p>\n","protected":false},"featured_media":686839,"template":"","meta":{"_acf_changed":false},"product_brand":[14447],"product_cat":[16076],"product_tag":[],"class_list":{"0":"post-686816","1":"product","2":"type-product","3":"status-publish","4":"has-post-thumbnail","6":"product_brand-nocpix","7":"product_cat-thermal-cameras-de","9":"first","10":"instock","11":"taxable","12":"shipping-taxable","13":"purchasable","14":"product-type-simple"},"acf":[],"_links":{"self":[{"href":"https:\/\/nbg.eu\/de\/wp-json\/wp\/v2\/product\/686816","targetHints":{"allow":["GET"]}}],"collection":[{"href":"https:\/\/nbg.eu\/de\/wp-json\/wp\/v2\/product"}],"about":[{"href":"https:\/\/nbg.eu\/de\/wp-json\/wp\/v2\/types\/product"}],"wp:featuredmedia":[{"embeddable":true,"href":"https:\/\/nbg.eu\/de\/wp-json\/wp\/v2\/media\/686839"}],"wp:attachment":[{"href":"https:\/\/nbg.eu\/de\/wp-json\/wp\/v2\/media?parent=686816"}],"wp:term":[{"taxonomy":"product_brand","embeddable":true,"href":"https:\/\/nbg.eu\/de\/wp-json\/wp\/v2\/product_brand?post=686816"},{"taxonomy":"product_cat","embeddable":true,"href":"https:\/\/nbg.eu\/de\/wp-json\/wp\/v2\/product_cat?post=686816"},{"taxonomy":"product_tag","embeddable":true,"href":"https:\/\/nbg.eu\/de\/wp-json\/wp\/v2\/product_tag?post=686816"}],"curies":[{"name":"wp","href":"https:\/\/api.w.org\/{rel}","templated":true}]}}