{"id":686982,"date":"2025-12-18T18:25:22","date_gmt":"2025-12-18T15:25:22","guid":{"rendered":"https:\/\/nbg.eu\/product\/thermokamera-nocpix-bolt-l35r\/"},"modified":"2026-02-27T15:50:53","modified_gmt":"2026-02-27T12:50:53","slug":"thermokamera-nocpix-bolt-l35r","status":"publish","type":"product","link":"https:\/\/nbg.eu\/de\/produkt\/thermokamera-nocpix-bolt-l35r\/","title":{"rendered":"Thermokamera Nocpix Bolt L35R"},"content":{"rendered":"<h2>Der perfekte Start f\u00fcr Ihre Nachtjagd: Nocpix Bolt L35R W\u00e4rmebildkamera<\/h2>\n<p>Entwickelt f\u00fcr Anf\u00e4nger, die Klarheit, Allround-Bequemlichkeit und Vertrauen von Anfang an w\u00fcnschen, kombiniert der Nocpix BOLT scharfe W\u00e4rmebildaufnahmen, einen eingebauten Entfernungsmesser und intelligente ballistiktools in einem kompakten, leicht zu bedienenden Design &#8211; und gibt neuen J\u00e4gern genau das, was sie brauchen, um clever zu jagen und selbstbewusst zu schie\u00dfen.<\/p>\n<h2>Sehen Sie klar, identifizieren Sie genau<\/h2>\n<p>Verwischte Bilder und schwer zu erkennende Ziele sind ein h\u00e4ufiges Problem f\u00fcr neue Nutzer von W\u00e4rmebildferngl\u00e4sern, vor allem im Dunkeln. Deshalb ist der BOLT mit einem selbst entwickelten W\u00e4rmesensor mit \u226420mK NETD und einer hohen Bildrate von 50 Hz ausgestattet, was Ihnen auch unter schwierigen Bedingungen fl\u00fcssige, hochaufl\u00f6sende Bilder liefert. Dank unseres Reality+-Bildverarbeitungsalgorithmus durchdringt der BOLT Nebel, B\u00fcsche und Dunkelheit und bietet scharfe Bilder und zuverl\u00e4ssige Zielidentifizierung.<\/p>\n<h2>Leicht bleiben, fokussiert bleiben<\/h2>\n<p>Gerade als Neueinsteiger, wenn man sich noch an leises Bewegen und konzentriertes Bleiben gew\u00f6hnen muss. Deshalb h\u00e4lt der Nocpix BOLT die Dinge einfach. Mit nur 880 Gramm Gewicht und einem kompakten, stromlinienf\u00f6rmigen Design l\u00e4sst er sich leicht tragen, montieren und bedienen, auch auf langen Jagden.<\/p>\n<h2>Reichweite kennen, selbstbewusst jagen<\/h2>\n<p>F\u00fcr neue J\u00e4ger kann es schwierig sein, Entfernungen richtig einzusch\u00e4tzen, und verfehlte Sch\u00fcsse k\u00f6nnen ihr Selbstvertrauen ersch\u00fcttern. Der BOLT nimmt den Stress aus dem Schie\u00dfen mit einem eingebauten 1.200-Meter-Laserdistanzmesser und einer intelligenten Ballistikberechnung. Sie erhalten pr\u00e4zise Entfernungsmessungen und sofortige Zielhilfe, die Ihnen helfen, jeden Schuss genau dort zu platzieren, wo er z\u00e4hlt. Ab Ihrer ersten Jagd an gibt Ihnen der BOLT den Vorsprung, den Anf\u00e4nger brauchen, um intelligenter und konsistenter zu schie\u00dfen.<\/p>\n<h2>Den ganzen Tag jagen, ohne sich um den Strom zu sorgen<\/h2>\n<p>W\u00e4hrend der Jagd den Akku zu verlieren, ist ein Albtraum f\u00fcr jeden Neueinsteiger. Deshalb ist der BOLT mit einem Doppelbatteriesystem ausgestattet &#8211; einem langlebigen 5.000-mAh-Akku plus einer austauschbaren 18650-Ersatzbatterie. Mit einer Gesamtkapazit\u00e4t von 9.000 mAh haben Sie bis zu 12 Stunden ununterbrochene Nutzung. Kein Stress, keine Unterbrechungen &#8211; nur Strom, der von Sonnenaufgang bis Sonnenuntergang bei Ihnen ist.<\/p>\n<h2>Intelligentes Gear, engagiertes Jagen<\/h2>\n<p>F\u00fcr Anf\u00e4nger kann es schwierig sein, sich an neue Ausr\u00fcstung zu gew\u00f6hnen. Der BOLT macht den Prozess einfach mit anpassbaren Fadenkreuzen, einstellbaren Schusseinstellungen und sieben Farbpaletten f\u00fcr unterschiedliche Umgebungen. Au\u00dferdem erm\u00f6glicht die nahtlose App-Anbindung das Anpassen der Einstellungen und das Teilen Ihrer Abenteuer, was jede Jagd nicht nur intelligenter, sondern auch unterhaltsamer und lohnenswerter macht.<\/p>\n<h2>Robustes Design, zuverl\u00e4ssige Leistung<\/h2>\n<p>Wenn man gerade anf\u00e4ngt, ist das Letzte, was man sich Sorgen machen m\u00f6chte, dass die Ausr\u00fcstung im Feld kaputt geht. Der BOLT ist robust gebaut mit einem einteiligen Aluminiumgeh\u00e4use und IP67-Staub- und Wasserbest\u00e4ndigkeit. Er ist getestet, um St\u00fcrze und hohe R\u00fcckst\u00f6\u00dfe auszuhalten, damit er zuverl\u00e4ssig und genau bleibt, egal wie rauh die Bedingungen sind.<\/p>\n","protected":false},"excerpt":{"rendered":"<p>Die Thermokamera Nocpix Bolt L35R bietet scharfe W\u00e4rmebildaufnahmen, einen eingebauten Entfernungsmesser und intelligente Ballistik-Tools in einem kompakten, einfach zu bedienenden Design f\u00fcr neue Nachtj\u00e4ger.<\/p>\n<p>Wenn der Artikel nicht verf\u00fcgbar ist, kontaktieren Sie uns bitte: shop@nbg.eu oder +359896147790<\/p>\n","protected":false},"featured_media":687298,"template":"","meta":{"_acf_changed":false},"product_brand":[14447],"product_cat":[2876],"product_tag":[],"class_list":{"0":"post-686982","1":"product","2":"type-product","3":"status-publish","4":"has-post-thumbnail","6":"product_brand-nocpix","7":"product_cat-rahohvatki","9":"first","10":"instock","11":"taxable","12":"shipping-taxable","13":"purchasable","14":"product-type-simple"},"acf":[],"_links":{"self":[{"href":"https:\/\/nbg.eu\/de\/wp-json\/wp\/v2\/product\/686982","targetHints":{"allow":["GET"]}}],"collection":[{"href":"https:\/\/nbg.eu\/de\/wp-json\/wp\/v2\/product"}],"about":[{"href":"https:\/\/nbg.eu\/de\/wp-json\/wp\/v2\/types\/product"}],"wp:featuredmedia":[{"embeddable":true,"href":"https:\/\/nbg.eu\/de\/wp-json\/wp\/v2\/media\/687298"}],"wp:attachment":[{"href":"https:\/\/nbg.eu\/de\/wp-json\/wp\/v2\/media?parent=686982"}],"wp:term":[{"taxonomy":"product_brand","embeddable":true,"href":"https:\/\/nbg.eu\/de\/wp-json\/wp\/v2\/product_brand?post=686982"},{"taxonomy":"product_cat","embeddable":true,"href":"https:\/\/nbg.eu\/de\/wp-json\/wp\/v2\/product_cat?post=686982"},{"taxonomy":"product_tag","embeddable":true,"href":"https:\/\/nbg.eu\/de\/wp-json\/wp\/v2\/product_tag?post=686982"}],"curies":[{"name":"wp","href":"https:\/\/api.w.org\/{rel}","templated":true}]}}