{"id":687713,"date":"2026-01-08T18:14:10","date_gmt":"2026-01-08T15:14:10","guid":{"rendered":"https:\/\/nbg.eu\/product\/thermischer-monokularer-lumi-h35\/"},"modified":"2026-04-14T15:57:18","modified_gmt":"2026-04-14T12:57:18","slug":"thermischer-monokularer-lumi-h35","status":"publish","type":"product","link":"https:\/\/nbg.eu\/de\/produkt\/thermischer-monokularer-lumi-h35\/","title":{"rendered":"Nocpix W\u00e4rmebildmonokular LUMI H35"},"content":{"rendered":"<h2>Nocpix LUMI H35: Ihr unverzichtbarer Begleiter f\u00fcr alle Anwendungen<\/h2>\n<p>Die LUMI-W\u00e4rmebildmonokularserie ist sowohl f\u00fcr den Tag- als auch f\u00fcr den Nachtgebrauch konzipiert und bietet Ihnen eine hervorragende Bildqualit\u00e4t selbst unter schwierigen Wetterbedingungen wie Nebel, Smog oder Regen. Auch wenn Hindernisse wie \u00c4ste, hohes Gras oder dichtes Gestr\u00fcpp die Sicht erschweren, erm\u00f6glicht Ihnen diese Technologie, stets klar zu erkennen, was sich vor Ihnen befindet. Au\u00dferdem sind sie so kompakt und leicht, dass Sie sie \u00fcberall mit sich f\u00fchren k\u00f6nnen.<\/p>\n<p>LUMI-W\u00e4rmebildkameras sind f\u00fcr eine Vielzahl von Anwendungen wie Jagd, \u00dcberwachung, Sicherheit, Gel\u00e4ndeorientierung oder Such- und Rettungseins\u00e4tze perfekt geeignet.<\/p>\n<h2>Un\u00fcbertroffene Abbildungsleistung f\u00fcr messerscharfe Bilder<\/h2>\n<p>Die LUMI-Serie setzt neue Ma\u00dfst\u00e4be in Bezug auf die Bildqualit\u00e4t. Ausgestattet mit den modernsten Bildverarbeitungsalgorithmen und einem leistungsstarken W\u00e4rmesensor mit NETD &lt; 18 mK liefert die Kamera messerscharfe und realistische Bilder. Das AMOLED-Display mit einer Aufl\u00f6sung von 1024 x 768 Pixel sorgt f\u00fcr eine hervorragende Bilddarstellung, w\u00e4hrend der Ultra-Clear-Modus die Bildsch\u00e4rfe insbesondere bei schwierigen Wetterbedingungen weiter optimiert.<\/p>\n<h2>Individuelles Seherlebnis &#8211; Passen Sie Ihr Ger\u00e4t perfekt an<\/h2>\n<p>Dank des gro\u00dfen 640 x 512 px-Sensors und einer Vielzahl von Anpassungsm\u00f6glichkeiten k\u00f6nnen Sie das Ger\u00e4t genau an Ihre Bed\u00fcrfnisse anpassen. W\u00e4hlen Sie aus 5 Farbmodi und optimieren Sie Ihren Blick mit 10 Helligkeits-, Sch\u00e4rfe- und Kontraststufen &#8211; damit kein Detail unbemerkt bleibt.<\/p>\n<h2>Mit LUMI Erlebnisse einfach teilen<\/h2>\n<p>F\u00fcr den modernen J\u00e4ger ist das Festhalten besonderer Momente wichtig. Mit dem Nocpix LUMI H35 k\u00f6nnen Sie Ihre Aufnahmen nicht nur bequem \u00fcber die App teilen, sondern sie auch direkt auf dem Ger\u00e4t abspielen &#8211; perfekt, um Ihre Erlebnisse sofort mit anderen zu teilen.<\/p>\n<h2>Flexible Nutzung dank des auswechselbaren Batteriesystems<\/h2>\n<p>Die LUMI-Serie ist mit Standard-18650-Batterien ausgestattet, die Ihnen maximale Flexibilit\u00e4t bieten. Egal wo Sie sich befinden, mit dem mitgelieferten Ladeger\u00e4t sind Sie in k\u00fcrzester Zeit wieder einsatzbereit &#8211; und k\u00f6nnen Ihre Mission fortsetzen.<\/p>\n","protected":false},"excerpt":{"rendered":"<p>Nocpix LUMI H35: Ihr unverzichtbarer Begleiter f\u00fcr alle Anwendungen. 640-Sensor mit 18 mK, AMOLED-Display mit 1024 \u00d7 768 Pixel, abnehmbare 18650-Batterie, Erkennungsbereich von ca. 1800 Metern, kompaktes Design.<\/p>\n<p>Sollte der Artikel nicht verf\u00fcgbar sein, kontaktieren Sie uns bitte: shop@nbg.eu oder +359896147790<\/p>\n<p>\n","protected":false},"featured_media":687793,"template":"","meta":{"_acf_changed":false},"product_brand":[14447],"product_cat":[16075,12078],"product_tag":[],"class_list":{"0":"post-687713","1":"product","2":"type-product","3":"status-publish","4":"has-post-thumbnail","6":"product_brand-nocpix","7":"product_cat-monoculars-de","8":"product_cat-waermebildgeraete","10":"first","11":"instock","12":"taxable","13":"shipping-taxable","14":"purchasable","15":"product-type-simple"},"acf":[],"_links":{"self":[{"href":"https:\/\/nbg.eu\/de\/wp-json\/wp\/v2\/product\/687713","targetHints":{"allow":["GET"]}}],"collection":[{"href":"https:\/\/nbg.eu\/de\/wp-json\/wp\/v2\/product"}],"about":[{"href":"https:\/\/nbg.eu\/de\/wp-json\/wp\/v2\/types\/product"}],"wp:featuredmedia":[{"embeddable":true,"href":"https:\/\/nbg.eu\/de\/wp-json\/wp\/v2\/media\/687793"}],"wp:attachment":[{"href":"https:\/\/nbg.eu\/de\/wp-json\/wp\/v2\/media?parent=687713"}],"wp:term":[{"taxonomy":"product_brand","embeddable":true,"href":"https:\/\/nbg.eu\/de\/wp-json\/wp\/v2\/product_brand?post=687713"},{"taxonomy":"product_cat","embeddable":true,"href":"https:\/\/nbg.eu\/de\/wp-json\/wp\/v2\/product_cat?post=687713"},{"taxonomy":"product_tag","embeddable":true,"href":"https:\/\/nbg.eu\/de\/wp-json\/wp\/v2\/product_tag?post=687713"}],"curies":[{"name":"wp","href":"https:\/\/api.w.org\/{rel}","templated":true}]}}