{"id":687821,"date":"2026-01-08T18:13:58","date_gmt":"2026-01-08T15:13:58","guid":{"rendered":"https:\/\/nbg.eu\/product\/waermebildkamera-ace-s60r\/"},"modified":"2026-04-14T15:57:24","modified_gmt":"2026-04-14T12:57:24","slug":"waermebildkamera-ace-s60r","status":"publish","type":"product","link":"https:\/\/nbg.eu\/de\/produkt\/waermebildkamera-ace-s60r\/","title":{"rendered":"Nocpix W\u00e4rmebildkamera ACE S60R"},"content":{"rendered":"<h2>Produktbeschreibung<\/h2>\n<p>Der Nocpix ACE S60R W\u00e4rmebildvorsatz ist ein brandneues, innovatives Werkzeug, das f\u00fcr Elite-J\u00e4ger entwickelt wurde, die in den anspruchsvollsten Umgebungen h\u00f6chste Leistung fordern. Mit seiner hochmodernen Technologie und robuster Konstruktion ist dieser f\u00fchrende W\u00e4rmebildaufsatz daf\u00fcr ausgelegt, Ihnen dabei zu helfen, die Nacht zu beherrschen und Wild zu z\u00e4hmen. Egal ob Sie auf lange Distanz nach Beute Ausschau halten oder schnell bewegte Ziele verfolgen, der ACE S60R bietet un\u00fcbertroffene Klarheit, Pr\u00e4zision und Zuverl\u00e4ssigkeit.<\/p>\n<p>Im Herzen dieses au\u00dfergew\u00f6hnlichen Aufsatzes befindet sich ein W\u00e4rmebildsensor der Gen-2 HD mit einer beeindruckenden Aufl\u00f6sung von 1280\u00d71024 und einem ultrasensitiven NETD von \u226415mK. Dieser Sensor der n\u00e4chsten Generation erm\u00f6glicht es dem ACE S60R, selbst die geringsten Temperatur\u00e4nderungen zu erkennen und bietet in Echtzeit klare, detaillierte W\u00e4rmebildaufnahmen. Mit einer Bildrate von 50 Hz liefert der Aufsatz flie\u00dfende Bilder, die mit der Geschwindigkeit Ihres Ziels Schritt halten, so dass Sie mit beispielloser Pr\u00e4zision anvisieren k\u00f6nnen.<\/p>\n<p>Der Nocpix ACE S60R verf\u00fcgt auch \u00fcber ein 60-mm\/F1,0-Objektiv, das 20 % mehr Licht als herk\u00f6mmliche Aufs\u00e4tze sammelt und Ihnen so selbst bei dunkelsten Bedingungen hellere und klarere Bilder liefert. Seine \u00fcberlegene Langstreckenerkennungsreichweite von bis zu 3100 Metern erm\u00f6glicht es Ihnen, entfernte Ziele leicht zu identifizieren und zu verfolgen, was einen entscheidenden Vorteil f\u00fcr Jagd- und Schie\u00dfszenarien auf lange Distanz bietet. In Kombination mit Nocpix&#8216; propriet\u00e4rem Reality+ Bildverarbeitungsalgorithmus reduziert der ACE S60R Umgebungsrauschen deutlich und liefert jedes Mal scharfe, kontrastreiche Bilder.<\/p>\n<p>F\u00fcr diejenigen, die noch mehr visuelle Klarheit w\u00fcnschen, ist der ACE S60R mit dem innovativen Vision+-System ausgestattet. Das runde 1,03-Zoll-AMOLED-Display mit 2560\u00d72560 Pixeln, kombiniert mit branchenf\u00fchrender Okularvergr\u00f6\u00dferung, liefert eine unerreichte optische Vergr\u00f6\u00dferung ohne die typische Unsch\u00e4rfe oder Verzerrung elektronischer Zoom-Systeme. Diese bahnbrechende Technologie stellt sicher, dass Sie einen kristallklaren Blick und ein weites Sichtfeld genie\u00dfen &#8211; egal ob Sie Ihr Ziel anvisieren oder Ihre Umgebung scannen.<\/p>\n<p>Pr\u00e4zision ist der Schl\u00fcssel bei der Jagd, und der ACE S60R entt\u00e4uscht nicht. Sein integrierter Laser-Entfernungsmesser (LRF) bietet pr\u00e4zise Messungen bis zu 1200 Meter Entfernung. Der LRF ist nahtlos in das elegante Design integriert und beh\u00e4lt dabei die echte Optik-Achse-Ausrichtung bei, w\u00e4hrend Sie genaue Entfernungen messen k\u00f6nnen, ohne den Fokus zu st\u00f6ren. Und dank der integrierten Ballistikberechnungsfunktionalit\u00e4t stellt der ACE S60R sicher, dass Ihre Sch\u00fcsse pr\u00e4zise sind und alle Faktoren f\u00fcr eine makellose Genauigkeit ber\u00fccksichtigen.<\/p>\n<p>Der Nocpix ACE S60R wurde mit J\u00e4gern im Sinn entwickelt und besitzt ein Dual-Batteriesystem mit einem eingebauten 4000-mAh-Akku und einer austauschbaren 18650-Batterie f\u00fcr einen verl\u00e4ngerten Einsatz im Gel\u00e4nde. Machen Sie sich keine Sorgen mehr dar\u00fcber, mitten in der Jagd ohne Strom dazustehen &#8211; dieses System ist darauf ausgelegt, so lange zu halten wie Ihre Abenteuer. Zus\u00e4tzlich machen Funktionen wie Bildschirmautomatik-Abschaltung, r\u00fcckstossaktivierten Videoaufnahme und ein abdeckungsfreies Design den ACE S60R zu einem echten Spielwechsler im Feld.<\/p>\n<p>F\u00fcr die h\u00e4rtesten Outdoor-Bedingungen gefertigt, besteht der ACE S60R aus einer hochfesten Aluminiumlegierung und wurde streng auf Sto\u00dffestigkeit und Belastbarkeit getestet. Mit der IP67-Einstufung f\u00fcr Wasserfestigkeit funktioniert er einwandfrei bei Regen, Staub und anderen herausfordernden Umgebungen, so dass Ihr Aufsatz genauso robust ist wie Ihr Jagdinstinkt.<\/p>\n<p>Der Nocpix ACE S60R ist mehr als nur ein W\u00e4rmebildvisier &#8211; er ist der ultimative Jagdbegleiter. Mit seiner hochmodernen Technologie, au\u00dfergew\u00f6hnlichen Haltbarkeit und einer Vielzahl fortschrittlicher Funktionen, die Ihr Jagderlebnis verbessern, wird dieser Aufsatz Ihre Erwartungen an Ihre Ausr\u00fcstung neu definieren. Machen Sie sich bereit, die Nacht zu beherrschen.<\/p>\n","protected":false},"excerpt":{"rendered":"<p>Das Nocpix ACE S60R W\u00e4rmebildger\u00e4t ist ein Spitzenwerkzeug f\u00fcr Elite-J\u00e4ger, das un\u00fcbertroffene Klarheit, Pr\u00e4zision und Zuverl\u00e4ssigkeit in den anspruchsvollsten Umgebungen bietet. Sein Gen-2 HD-W\u00e4rmesensor, 60-mm-\/F1,0-Objektiv und das fortschrittliche Vision+-System liefern eine hervorragende Bildqualit\u00e4t, w\u00e4hrend der integrierte Laserentfernungsmesser, die ballistische Berechnung und das Dual-Batterie-System Pr\u00e4zision und verl\u00e4ngerte Nutzung bieten. Aus einer robusten Aluminiumlegierung gefertigt und mit IP67-Schutzart bewertet, ist das ACE S60R f\u00fcr den Einsatz in den h\u00e4rtesten Bedingungen ausgelegt.<\/p>\n<p>Wenn der Artikel nicht verf\u00fcgbar ist, kontaktieren Sie uns bitte: shop@nbg.eu oder +359896147790<\/p>\n","protected":false},"featured_media":687970,"template":"","meta":{"_acf_changed":false},"product_brand":[14447],"product_cat":[16076],"product_tag":[],"class_list":{"0":"post-687821","1":"product","2":"type-product","3":"status-publish","4":"has-post-thumbnail","6":"product_brand-nocpix","7":"product_cat-thermal-cameras-de","9":"first","10":"instock","11":"taxable","12":"shipping-taxable","13":"purchasable","14":"product-type-simple"},"acf":[],"_links":{"self":[{"href":"https:\/\/nbg.eu\/de\/wp-json\/wp\/v2\/product\/687821","targetHints":{"allow":["GET"]}}],"collection":[{"href":"https:\/\/nbg.eu\/de\/wp-json\/wp\/v2\/product"}],"about":[{"href":"https:\/\/nbg.eu\/de\/wp-json\/wp\/v2\/types\/product"}],"wp:featuredmedia":[{"embeddable":true,"href":"https:\/\/nbg.eu\/de\/wp-json\/wp\/v2\/media\/687970"}],"wp:attachment":[{"href":"https:\/\/nbg.eu\/de\/wp-json\/wp\/v2\/media?parent=687821"}],"wp:term":[{"taxonomy":"product_brand","embeddable":true,"href":"https:\/\/nbg.eu\/de\/wp-json\/wp\/v2\/product_brand?post=687821"},{"taxonomy":"product_cat","embeddable":true,"href":"https:\/\/nbg.eu\/de\/wp-json\/wp\/v2\/product_cat?post=687821"},{"taxonomy":"product_tag","embeddable":true,"href":"https:\/\/nbg.eu\/de\/wp-json\/wp\/v2\/product_tag?post=687821"}],"curies":[{"name":"wp","href":"https:\/\/api.w.org\/{rel}","templated":true}]}}