{"id":688035,"date":"2025-10-17T23:10:38","date_gmt":"2025-10-17T20:10:38","guid":{"rendered":"https:\/\/nbg.eu\/product\/halbautomatische-pistole-kmr-w-02-spectra-s-kal-9x19\/"},"modified":"2026-04-16T17:10:06","modified_gmt":"2026-04-16T14:10:06","slug":"halbautomatische-pistole-kmr-w-02-spectra-s-kal-9x19","status":"publish","type":"product","link":"https:\/\/nbg.eu\/de\/produkt\/halbautomatische-pistole-kmr-w-02-spectra-s-kal-9x19\/","title":{"rendered":"KMR Halbautomatische Pistole W-02 SPECTRA S"},"content":{"rendered":"<h2>KMR W-02 SPECTRA S OR Halbautomatische Pistole &#8211; 9&#215;19 Kaliber<\/h2>\n<p>Schnelligkeit kombiniert mit Kompaktheit. Die KMR W-02 SPECTRA S OR ist eine Pistole mit einem kompakteren Design und einem reduzierten Griff. Wie bei unseren anderen Modellen k\u00f6nnen Sie auch bei dieser Pistole eine hohe Genauigkeit und einen glatten, fl\u00fcssigen Betrieb erwarten. Die Pistole ist mit dem BRS-Laufstabilisierungssystem, KMR-Zubeh\u00f6r, einer vollst\u00e4ndig einstellbaren Kimme, einem Wettkampfhahn und einer Optik-Schnittstelle ausgestattet.<\/p>\n<p>Eigenschaften:<\/p>\n<ul>\n<li>5&#8243; Schwerer, gerillter, nitridierter Lauf<\/li>\n<li>BRS &#8211; Laufring-System &#8211; Laufstabilisierungssystem im Schlitten<\/li>\n<li>Rahmen und Schlitten aus Stahl, CNC-gefr\u00e4st aus einem Vollblock<\/li>\n<li>Nitrierter Rahmen und Schlitten &#8211; schwarz<\/li>\n<li>Rahmen im Griffbereich reduziert<\/li>\n<li>Optikbereit-Schnittstelle (OR)<\/li>\n<li>Faseroptische Visierlinie (1 mm)<\/li>\n<li>Vollst\u00e4ndig einstellbare OR-Kimme<\/li>\n<li>SA\/DA Ausl\u00f6sevorrichtung<\/li>\n<li>Stahl ger\u00e4ndelte SA\/DA Ausl\u00f6sung mit einstellbarem R\u00fcckweg &#8211; schwarz<\/li>\n<li>Kurzer Reset<\/li>\n<li>Wettkampf-SA\/DA-Hahn<\/li>\n<li>Verl\u00e4ngerter linker manueller Sicherungshebel<\/li>\n<li>Flacher rechter manueller Sicherungshebel<\/li>\n<li>Duralumin WAVES Griffe &#8211; Dunkelrot<\/li>\n<li>Verstellbarer Duralumin-Magazinhalter &#8211; schwarz<\/li>\n<li>Magazin 9&#215;19, 9&#215;21 mit einer Kapazit\u00e4t von 17 Patronen<\/li>\n<li>Magazin &#8211; 3x<\/li>\n<li>KMR Pistolenkoffer, Reinigungsset, KMR-\u00d6l, Laufbefestigungswerkzeug, Hauptfeder 14 lbs, R\u00fccksto\u00dffedern 11 lbs, 13 lbs, Puffersatz, Innensechskantschl\u00fcssel, Schraubensicherung, Garantiekarte, Bedienungsanleitung<\/li>\n<\/ul>\n<p>Technische Daten:<\/p>\n<ul>\n<li>Kaliber: 9&#215;19, 9&#215;21<\/li>\n<li>Gesamtl\u00e4nge: 220 mm \/ 8,7 Zoll<\/li>\n<li>Schlittenl\u00e4nge: 194 mm \/ 7,6 Zoll<\/li>\n<li>Gesamtbreite: 39 mm \/ 1,5 Zoll<\/li>\n<li>Schlittenbreite: 26 mm \/ 1 Zoll<\/li>\n<li>Gesamth\u00f6he: 146 mm \/ 5,7 Zoll<\/li>\n<li>Visierung: 177 mm \/ 7 Zoll<\/li>\n<li>Laufl\u00e4nge: 127 mm \/ 5 Zoll<\/li>\n<li>Magazinkapazit\u00e4t: 17<\/li>\n<li>Ausl\u00f6sevorrichtung: SA \/ DA<\/li>\n<li>Ausl\u00f6sekraft: 17,5 N \/ 45 N<\/li>\n<li>R\u00fccksto\u00dffeder: 12 lbs<\/li>\n<li>Hauptfeder: 17 lbs<\/li>\n<li>Gewicht (ohne Magazin): 1230 g \/ 43,4 oz<\/li>\n<li>Gewicht (mit leerem Magazin): 1320 g \/ 46,6 oz<\/li>\n<\/ul>\n","protected":false},"excerpt":{"rendered":"<p>Die KMR W-02 SPECTRA S OR ist eine Pistole mit einem kompakteren Design und einem verk\u00fcrzten Griff. Wie bei unseren anderen Modellen k\u00f6nnen Sie auch bei dieser Pistole eine hohe Genauigkeit und einen geschmeidigen, fl\u00fcssigen Betrieb erwarten. Die Pistole ist mit dem BRS-Laufstabilisierungssystem, KMR-Zubeh\u00f6r, einer vollst\u00e4ndig einstellbaren Kimme und einer Schnittstelle f\u00fcr Zieloptiken ausgestattet.<\/p>\n","protected":false},"featured_media":688113,"template":"","meta":{"_acf_changed":false},"product_brand":[11493],"product_cat":[12106],"product_tag":[],"class_list":{"0":"post-688035","1":"product","2":"type-product","3":"status-publish","4":"has-post-thumbnail","6":"product_brand-kmr-precision","7":"product_cat-pistolen","9":"first","10":"instock","11":"taxable","12":"shipping-taxable","13":"purchasable","14":"product-type-simple"},"acf":[],"_links":{"self":[{"href":"https:\/\/nbg.eu\/de\/wp-json\/wp\/v2\/product\/688035","targetHints":{"allow":["GET"]}}],"collection":[{"href":"https:\/\/nbg.eu\/de\/wp-json\/wp\/v2\/product"}],"about":[{"href":"https:\/\/nbg.eu\/de\/wp-json\/wp\/v2\/types\/product"}],"wp:featuredmedia":[{"embeddable":true,"href":"https:\/\/nbg.eu\/de\/wp-json\/wp\/v2\/media\/688113"}],"wp:attachment":[{"href":"https:\/\/nbg.eu\/de\/wp-json\/wp\/v2\/media?parent=688035"}],"wp:term":[{"taxonomy":"product_brand","embeddable":true,"href":"https:\/\/nbg.eu\/de\/wp-json\/wp\/v2\/product_brand?post=688035"},{"taxonomy":"product_cat","embeddable":true,"href":"https:\/\/nbg.eu\/de\/wp-json\/wp\/v2\/product_cat?post=688035"},{"taxonomy":"product_tag","embeddable":true,"href":"https:\/\/nbg.eu\/de\/wp-json\/wp\/v2\/product_tag?post=688035"}],"curies":[{"name":"wp","href":"https:\/\/api.w.org\/{rel}","templated":true}]}}