{"id":688793,"date":"2025-12-22T15:23:07","date_gmt":"2025-12-22T12:23:07","guid":{"rendered":"https:\/\/nbg.eu\/product\/hyllus-duffel-militaergruen-65-liter\/"},"modified":"2026-04-15T14:22:19","modified_gmt":"2026-04-15T11:22:19","slug":"hyllus-duffel-militaergruen-65-liter","status":"publish","type":"product","link":"https:\/\/nbg.eu\/de\/produkt\/hyllus-duffel-militaergruen-65-liter\/","title":{"rendered":"Eberlestock Reisetasche Hyllus &#8211; 65 Liter"},"content":{"rendered":"<h2>Hyllus Reisetasche &#8211; 65 Liter<\/h2>\n<p>Die Hyllus Reisetasche ist eine wasserdichte, \u00e4u\u00dferst robuste Reisetasche, die perfekt zum Verstauen von Ausr\u00fcstung im Kofferraum oder im Handgep\u00e4ckfach geeignet ist. Der Boden und die Seitenw\u00e4nde sind mit 1000D TPU beschichtetem Nylon gefertigt, und die Oberseite besteht aus 500D TPU beschichtetem Nylongewebe.<\/p>\n<p>Innen- und Au\u00dfentaschen mit Rei\u00dfverschluss erleichtern das Organisieren und Sichern kleiner Artikel, w\u00e4hrend eine gro\u00dfe \u00d6ffnung zum Hauptfach ein schnelles Verstauen von Kleidung und gro\u00dfen Gegenst\u00e4nden erm\u00f6glicht. Die Hyllus Reisetasche verf\u00fcgt \u00fcber einen Gurtband-Riemen, um sie bequem an einem ausziehbaren Gep\u00e4ckgriff zu befestigen.<\/p>\n<h2>Abmessungen<\/h2>\n<p>65L Volumen: 3966ci<br \/>\n65L Gewicht: 2,5 Lb<br \/>\n65L Ma\u00dfe: 11Hx27Lx13W<\/p>\n<h2>Merkmale<\/h2>\n<p>Wasserdichte Konstruktion<br \/>\nGro\u00dfes Hauptfach mit inneniegenden Rei\u00dfverschlusstaschen zur Organisation<br \/>\nExterne Rei\u00dfverschlusstaschen an beiden Seiten und der Vorderseite<br \/>\nTragegriffe f\u00fcr die Reisetasche<\/p>\n","protected":false},"excerpt":{"rendered":"<p>Der Hyllus Duffel- 65 Liter ist ein wasserbest\u00e4ndiger, extrem robuster Reisetasche mit einem Volumen von 3966ci und einem Gewicht von 2,5 Pfund.<\/p>\n","protected":false},"featured_media":688897,"template":"","meta":{"_acf_changed":false},"product_brand":[15152],"product_cat":[12047],"product_tag":[],"class_list":{"0":"post-688793","1":"product","2":"type-product","3":"status-publish","4":"has-post-thumbnail","6":"product_brand-eberlestock","7":"product_cat-rangetaschen","9":"first","10":"instock","11":"taxable","12":"shipping-taxable","13":"purchasable","14":"product-type-variable","15":"wvs-archive-product-wrapper"},"acf":[],"_links":{"self":[{"href":"https:\/\/nbg.eu\/de\/wp-json\/wp\/v2\/product\/688793","targetHints":{"allow":["GET"]}}],"collection":[{"href":"https:\/\/nbg.eu\/de\/wp-json\/wp\/v2\/product"}],"about":[{"href":"https:\/\/nbg.eu\/de\/wp-json\/wp\/v2\/types\/product"}],"wp:featuredmedia":[{"embeddable":true,"href":"https:\/\/nbg.eu\/de\/wp-json\/wp\/v2\/media\/688897"}],"wp:attachment":[{"href":"https:\/\/nbg.eu\/de\/wp-json\/wp\/v2\/media?parent=688793"}],"wp:term":[{"taxonomy":"product_brand","embeddable":true,"href":"https:\/\/nbg.eu\/de\/wp-json\/wp\/v2\/product_brand?post=688793"},{"taxonomy":"product_cat","embeddable":true,"href":"https:\/\/nbg.eu\/de\/wp-json\/wp\/v2\/product_cat?post=688793"},{"taxonomy":"product_tag","embeddable":true,"href":"https:\/\/nbg.eu\/de\/wp-json\/wp\/v2\/product_tag?post=688793"}],"curies":[{"name":"wp","href":"https:\/\/api.w.org\/{rel}","templated":true}]}}