{"id":689240,"date":"2024-08-18T11:35:41","date_gmt":"2024-08-18T08:35:41","guid":{"rendered":"https:\/\/nbg.eu\/product\/ejector-sa-da-kmr\/"},"modified":"2026-05-13T15:09:47","modified_gmt":"2026-05-13T12:09:47","slug":"ejector-sa-da-kmr","status":"publish","type":"product","link":"https:\/\/nbg.eu\/de\/produkt\/ejector-sa-da-kmr\/","title":{"rendered":"KMR Auswerfer SA\/DA"},"content":{"rendered":"<h2>Ejector SA\/DA KMR f\u00fcr Waffen KMR<\/h2>\n<p>Der Ejector SA\/DA KMR ist ein vielseitiges und zuverl\u00e4ssiges Zubeh\u00f6r, das f\u00fcr den Einsatz mit verschiedenen Waffen-KMR-Modellen konzipiert wurde. Er verf\u00fcgt \u00fcber einen Einzelschuss- (SA) und Doppelschuss-Mechanismus (DA), der Nutzern eine erh\u00f6hte Flexibilit\u00e4t und Kontrolle w\u00e4hrend des Betriebs bietet. Kompatibel mit den folgenden Modellen:<\/p>\n<ul>\n<li>KMR L-02 EMIQ<\/li>\n<li>KMR L-02 EMIQ (OR)<\/li>\n<li>KMR L-02 ORCA AB 2024<\/li>\n<li>KMR L-02 ORCA BIS 2023<\/li>\n<li>KMR L-02 SPECTRA AB 2024<\/li>\n<li>KMR L-02 SPECTRA BIS 2023<\/li>\n<li>KMR L-02 UMBRA (OR) SR<\/li>\n<li>KMR W-02 CUDA (OR)<\/li>\n<li>KMR W-02 UMBRA<\/li>\n<li>KMR W-02 UMBRA (OR)<\/li>\n<\/ul>\n<p>Artikelnummer 1060-00701-0401<\/p>\n","protected":false},"excerpt":{"rendered":"<p>Ejector SA\/DA KMR &#8211; zuverl\u00e4ssiges, vielseitiges Waffenzubeh\u00f6r f\u00fcr KMR.<\/p>\n","protected":false},"featured_media":25683,"template":"","meta":{"_acf_changed":false},"product_brand":[11493],"product_cat":[12057],"product_tag":[],"class_list":{"0":"post-689240","1":"product","2":"type-product","3":"status-publish","4":"has-post-thumbnail","6":"product_brand-kmr-precision","7":"product_cat-kmr-teile","9":"first","10":"instock","11":"taxable","12":"shipping-taxable","13":"product-type-simple"},"acf":[],"_links":{"self":[{"href":"https:\/\/nbg.eu\/de\/wp-json\/wp\/v2\/product\/689240","targetHints":{"allow":["GET"]}}],"collection":[{"href":"https:\/\/nbg.eu\/de\/wp-json\/wp\/v2\/product"}],"about":[{"href":"https:\/\/nbg.eu\/de\/wp-json\/wp\/v2\/types\/product"}],"wp:featuredmedia":[{"embeddable":true,"href":"https:\/\/nbg.eu\/de\/wp-json\/wp\/v2\/media\/25683"}],"wp:attachment":[{"href":"https:\/\/nbg.eu\/de\/wp-json\/wp\/v2\/media?parent=689240"}],"wp:term":[{"taxonomy":"product_brand","embeddable":true,"href":"https:\/\/nbg.eu\/de\/wp-json\/wp\/v2\/product_brand?post=689240"},{"taxonomy":"product_cat","embeddable":true,"href":"https:\/\/nbg.eu\/de\/wp-json\/wp\/v2\/product_cat?post=689240"},{"taxonomy":"product_tag","embeddable":true,"href":"https:\/\/nbg.eu\/de\/wp-json\/wp\/v2\/product_tag?post=689240"}],"curies":[{"name":"wp","href":"https:\/\/api.w.org\/{rel}","templated":true}]}}