{"id":689249,"date":"2024-08-17T17:58:41","date_gmt":"2024-08-17T14:58:41","guid":{"rendered":"https:\/\/nbg.eu\/product\/ejector-spring-kmr\/"},"modified":"2026-05-13T16:02:32","modified_gmt":"2026-05-13T13:02:32","slug":"ejector-spring-kmr","status":"publish","type":"product","link":"https:\/\/nbg.eu\/de\/produkt\/ejector-spring-kmr\/","title":{"rendered":"KMR Auswerferfeder"},"content":{"rendered":"<h2>Auswurffeder KMR<\/h2>\n<p>Die Auswurffeder KMR ist ein wesentlicher Bestandteil f\u00fcr eine Vielzahl von Waffenmodellen, entwickelt, um einen zuverl\u00e4ssigen und konstanten Auswerfen von Patronenh\u00fclsen zu gew\u00e4hrleisten.<\/p>\n<p>Mit Pr\u00e4zision und Haltbarkeit im Sinn entwickelt, sorgt diese Feder f\u00fcr ein zuverl\u00e4ssiges Extrahieren und Auswerfen von Patronenh\u00fclsen und erh\u00e4lt den reibungslosen und einheitlichen Betrieb Ihrer Waffe. Aus hochwertigen Materialien gefertigt, ist diese Feder darauf ausgelegt, den Belastungen des regelm\u00e4\u00dfigen Gebrauchs standzuhalten und eine langlebige Leistung zu liefern.<\/p>\n<p>Ob Sie professioneller Sch\u00fctze oder begeisterter Enthusiast sind, dieses Teil ist ein unverzichtbares Zubeh\u00f6r, um die optimale Leistung Ihrer KMR-kompatiblen Waffen zu erhalten. Investieren Sie in diese zuverl\u00e4ssige Komponente und erleben Sie den Unterschied, den sie in Ihrem Schie\u00dferlebnis machen kann.<\/p>\n<p>F\u00fcr Waffen KMR:<\/p>\n<p>KMR L-02 EMIQ<\/p>\n<p>KMR L-02 EMIQ (OR)<\/p>\n<p>KMR L-02 ORCA AB 2024<\/p>\n<p>KMR L-02 ORCA BIS 2023<\/p>\n<p>KMR L-02 SPECTRA AB 2024<\/p>\n<p>KMR L-02 SPECTRA BIS 2023<\/p>\n<p>KMR L-02 UMBRA (OR) SR<\/p>\n<p>KMR S-02 AB 2024<\/p>\n<p>KMR W-02 CUDA (OR)<\/p>\n<p>KMR W-02 UMBRA<\/p>\n<p>KMR W-02 UMBRA (OR)<\/p>\n","protected":false},"excerpt":{"rendered":"<p>Auswurffeder f\u00fcr KMR-Waffenserie, kompatibel mit mehreren Modellen.<\/p>\n","protected":false},"featured_media":24731,"template":"","meta":{"_acf_changed":false},"product_brand":[11493],"product_cat":[12075,12057],"product_tag":[],"class_list":{"0":"post-689249","1":"product","2":"type-product","3":"status-publish","4":"has-post-thumbnail","6":"product_brand-kmr-precision","7":"product_cat-federn","8":"product_cat-kmr-teile","10":"first","11":"instock","12":"taxable","13":"shipping-taxable","14":"product-type-simple"},"acf":[],"_links":{"self":[{"href":"https:\/\/nbg.eu\/de\/wp-json\/wp\/v2\/product\/689249","targetHints":{"allow":["GET"]}}],"collection":[{"href":"https:\/\/nbg.eu\/de\/wp-json\/wp\/v2\/product"}],"about":[{"href":"https:\/\/nbg.eu\/de\/wp-json\/wp\/v2\/types\/product"}],"wp:featuredmedia":[{"embeddable":true,"href":"https:\/\/nbg.eu\/de\/wp-json\/wp\/v2\/media\/24731"}],"wp:attachment":[{"href":"https:\/\/nbg.eu\/de\/wp-json\/wp\/v2\/media?parent=689249"}],"wp:term":[{"taxonomy":"product_brand","embeddable":true,"href":"https:\/\/nbg.eu\/de\/wp-json\/wp\/v2\/product_brand?post=689249"},{"taxonomy":"product_cat","embeddable":true,"href":"https:\/\/nbg.eu\/de\/wp-json\/wp\/v2\/product_cat?post=689249"},{"taxonomy":"product_tag","embeddable":true,"href":"https:\/\/nbg.eu\/de\/wp-json\/wp\/v2\/product_tag?post=689249"}],"curies":[{"name":"wp","href":"https:\/\/api.w.org\/{rel}","templated":true}]}}