{"id":689427,"date":"2024-09-18T13:09:26","date_gmt":"2024-09-18T10:09:26","guid":{"rendered":"https:\/\/nbg.eu\/product\/extractor-spring-or-kmr\/"},"modified":"2026-05-13T16:02:17","modified_gmt":"2026-05-13T13:02:17","slug":"extractor-spring-or-kmr","status":"publish","type":"product","link":"https:\/\/nbg.eu\/de\/produkt\/extractor-spring-or-kmr\/","title":{"rendered":"KMR Auszieherfeder OR"},"content":{"rendered":"<h2>EXTRAKTORFEDER ODER KMR<\/h2>\n<p>Hergestellt aus hochwertigen Materialien und konstruiert, um den Anforderungen intensiver Nutzung standzuhalten, bietet diese Feder die erforderliche Spannung und Ansprechf\u00e4higkeit, um den Extraktormechanismus Ihrer Waffe reibungslos zu halten. Ob Sie an Wettkampfschie\u00dfen teilnehmen, taktisches Training durchf\u00fchren oder sich auf Ihren KMR f\u00fcr den pers\u00f6nlichen Schutz verlassen, diese Ersatzfeder sorgt f\u00fcr einen nahtlosen und zuverl\u00e4ssigen Betrieb, immer wieder.<\/p>\n<p>Das Aufr\u00fcsten oder Ersetzen Ihrer Feder ist ein einfacher und unkomplizierter Prozess, mit dem Sie die Spitzenleistung Ihres KMR aufrechterhalten und seine Lebensdauer verl\u00e4ngern k\u00f6nnen. Dank der pr\u00e4zisen Passform und einfachen Installation k\u00f6nnen Sie Ihre Waffe mit minimalem Stillstand wieder einsatzbereit machen und sind f\u00fcr die n\u00e4chste Herausforderung immer gewappnet.<\/p>\n<\/p>\n<p>F\u00fcr Waffen KMR:<\/p>\n<\/p>\n<p>KMR L-02 EMIQ (OR)<\/p>\n<\/p>\n<p>KMR L-02 SPECTRA AB 2024<\/p>\n<\/p>\n<p>KMR L-02 SPECTRA BIS 2023<\/p>\n<\/p>\n<p>KMR L-02 UMBRA (OR) SR<\/p>\n<\/p>\n<p>KMR W-02 CUDA (OR)<\/p>\n<\/p>\n<p>KMR W-02 UMBRA (OR)<\/p>\n","protected":false},"excerpt":{"rendered":"<p>Ersatz-Extraktorfeder f\u00fcr KMR L-02- und KMR W-02-Waffen.<\/p>\n","protected":false},"featured_media":24777,"template":"","meta":{"_acf_changed":false},"product_brand":[11493],"product_cat":[12075,12057],"product_tag":[],"class_list":{"0":"post-689427","1":"product","2":"type-product","3":"status-publish","4":"has-post-thumbnail","6":"product_brand-kmr-precision","7":"product_cat-federn","8":"product_cat-kmr-teile","10":"first","11":"instock","12":"taxable","13":"shipping-taxable","14":"product-type-simple"},"acf":[],"_links":{"self":[{"href":"https:\/\/nbg.eu\/de\/wp-json\/wp\/v2\/product\/689427","targetHints":{"allow":["GET"]}}],"collection":[{"href":"https:\/\/nbg.eu\/de\/wp-json\/wp\/v2\/product"}],"about":[{"href":"https:\/\/nbg.eu\/de\/wp-json\/wp\/v2\/types\/product"}],"wp:featuredmedia":[{"embeddable":true,"href":"https:\/\/nbg.eu\/de\/wp-json\/wp\/v2\/media\/24777"}],"wp:attachment":[{"href":"https:\/\/nbg.eu\/de\/wp-json\/wp\/v2\/media?parent=689427"}],"wp:term":[{"taxonomy":"product_brand","embeddable":true,"href":"https:\/\/nbg.eu\/de\/wp-json\/wp\/v2\/product_brand?post=689427"},{"taxonomy":"product_cat","embeddable":true,"href":"https:\/\/nbg.eu\/de\/wp-json\/wp\/v2\/product_cat?post=689427"},{"taxonomy":"product_tag","embeddable":true,"href":"https:\/\/nbg.eu\/de\/wp-json\/wp\/v2\/product_tag?post=689427"}],"curies":[{"name":"wp","href":"https:\/\/api.w.org\/{rel}","templated":true}]}}