{"id":689450,"date":"2024-08-17T15:26:35","date_gmt":"2024-08-17T12:26:35","guid":{"rendered":"https:\/\/nbg.eu\/product\/fiber-optic-front-sight-kmr-625xd1x3-red\/"},"modified":"2026-05-13T16:03:18","modified_gmt":"2026-05-13T13:03:18","slug":"fiber-optic-front-sight-kmr-625xd1x3-red","status":"publish","type":"product","link":"https:\/\/nbg.eu\/de\/produkt\/fiber-optic-front-sight-kmr-625xd1x3-red\/","title":{"rendered":"KMR Faseroptisches Korn 6.25xD1x3 Rot"},"content":{"rendered":"<h2>Verbessern Sie Ihre Waffenvisierf\u00e4higkeiten mit dem FASEROPTISCHEN VORDERSCHAFT KMR 6,25xD1x3 ROT<\/h2>\n<p>Die Abmessungen des Visiers von 6,25 x D1 x 3 machen es zu einem perfekten Fit f\u00fcr Ihre Waffe und erm\u00f6glichen eine nahtlose Integration, ohne das Gesamtdesign zu beeintr\u00e4chtigen. Die robuste Konstruktion und die bei der Herstellung verwendeten haltbaren Materialien garantieren eine langlebige Leistung, auch unter anspruchsvollen Umgebungsbedingungen.<\/p>\n<p>Egal, ob Sie bei taktischen Eins\u00e4tzen, Wettkampfschiessen oder zu Freizeitzwecken eingesetzt sind, der faseroptische Vorderverschluss wird Ihre Visierf \u00e4higkeiten verbessern und Ihnen den entscheidenden Vorteil verschaffen. Vertrauen Sie auf dieses zuverl\u00e4ssige und hochwertige Zubeh\u00f6r, um die Pr\u00e4zision und Genauigkeit Ihrer Waffe zu verbessern.<\/p>\n<p>F\u00fcr Waffen KMR:<\/p>\n<p>KMR L-02 ORCA BIS 2023<\/p>\n<p>KMR W-02 UMBRA<\/p>\n<p>Referenz: 0501-04605-0001<\/p>\n","protected":false},"excerpt":{"rendered":"<p>Faservoptischer Visierkorn f\u00fcr KMR-Waffen, 6,25xD1x3, rot.<\/p>\n","protected":false},"featured_media":24131,"template":"","meta":{"_acf_changed":false},"product_brand":[11493],"product_cat":[12057],"product_tag":[],"class_list":{"0":"post-689450","1":"product","2":"type-product","3":"status-publish","4":"has-post-thumbnail","6":"product_brand-kmr-precision","7":"product_cat-kmr-teile","9":"first","10":"instock","11":"taxable","12":"shipping-taxable","13":"product-type-simple"},"acf":[],"_links":{"self":[{"href":"https:\/\/nbg.eu\/de\/wp-json\/wp\/v2\/product\/689450","targetHints":{"allow":["GET"]}}],"collection":[{"href":"https:\/\/nbg.eu\/de\/wp-json\/wp\/v2\/product"}],"about":[{"href":"https:\/\/nbg.eu\/de\/wp-json\/wp\/v2\/types\/product"}],"wp:featuredmedia":[{"embeddable":true,"href":"https:\/\/nbg.eu\/de\/wp-json\/wp\/v2\/media\/24131"}],"wp:attachment":[{"href":"https:\/\/nbg.eu\/de\/wp-json\/wp\/v2\/media?parent=689450"}],"wp:term":[{"taxonomy":"product_brand","embeddable":true,"href":"https:\/\/nbg.eu\/de\/wp-json\/wp\/v2\/product_brand?post=689450"},{"taxonomy":"product_cat","embeddable":true,"href":"https:\/\/nbg.eu\/de\/wp-json\/wp\/v2\/product_cat?post=689450"},{"taxonomy":"product_tag","embeddable":true,"href":"https:\/\/nbg.eu\/de\/wp-json\/wp\/v2\/product_tag?post=689450"}],"curies":[{"name":"wp","href":"https:\/\/api.w.org\/{rel}","templated":true}]}}