{"id":689784,"date":"2024-08-18T11:10:20","date_gmt":"2024-08-18T08:10:20","guid":{"rendered":"https:\/\/nbg.eu\/product\/firing-pin-screw-m4x5-din-913-kmr\/"},"modified":"2026-02-27T11:54:56","modified_gmt":"2026-02-27T08:54:56","slug":"firing-pin-screw-m4x5-din-913-kmr","status":"publish","type":"product","link":"https:\/\/nbg.eu\/de\/produkt\/firing-pin-screw-m4x5-din-913-kmr\/","title":{"rendered":"Verschlussbolzenschraube M4X5 Din 913 KMR"},"content":{"rendered":"<h2>Schraube f\u00fcr den Schlagbolzen M4X5 Din 913 KMR<\/h2>\n<p>Pr\u00e4zisionsgefertigt nach strengen Spezifikationen, ist die Schraube f\u00fcr den Schlagbolzen M4X5 Din 913 KMR aus hochwertigen Materialien hergestellt, um den Beanspruchungen bei intensivem Gebrauch standzuhalten. Mit ihren Ma\u00dfen von M4 x 5 mm und der DIN 913-Konfiguration ist sie perfekt f\u00fcr die entsprechenden KMR-Waffenmodelle geeignet und bietet eine sichere und zuverl\u00e4ssige Verbindung f\u00fcr den Abzugsmechanismus.<\/p>\n<p>Ob Sie Ihr KMR-Waffensystem warten, reparieren oder aufr\u00fcsten, die Schraube f\u00fcr den Schlagbolzen M4X5 Din 913 KMR ist eine unverzichtbare Komponente, die Sie vorr\u00e4tig haben sollten. Ihre Langlebigkeit und pr\u00e4zise Konstruktion sorgen f\u00fcr eine konsistente und zuverl\u00e4ssige Leistung und tragen zur Gesamtzuverl\u00e4ssigkeit und Effektivit\u00e4t Ihrer Waffe bei.<\/p>\n<p>F\u00fcr Waffen KMR:<\/p>\n<p>KMR S-01 LANCE (OR)<\/p>\n<p>KMR S-02 10 (OR) SR ADA<\/p>\n<p>KMR S-02 75 (OR) SR ADA<\/p>\n<p>KMR S-02 AB 2024<\/p>\n<p>KMR S-02 SH1 (OR) SR ADA<\/p>\n<p>KMR S-02 SH2 (OR) SR ADA<\/p>\n<p>KMR S-02 TS (OR) SR ADA<\/p>\n<p>KMR S-02 BIS 2023<\/p>\n","protected":false},"excerpt":{"rendered":"<p>Z\u00fcndfingerschraube M4X5 Din 913 f\u00fcr KMR-Modelle.<\/p>\n","protected":false},"featured_media":25336,"template":"","meta":{"_acf_changed":false},"product_brand":[11493],"product_cat":[12057,14767],"product_tag":[],"class_list":{"0":"post-689784","1":"product","2":"type-product","3":"status-publish","4":"has-post-thumbnail","6":"product_brand-kmr-precision","7":"product_cat-kmr-teile","8":"product_cat-schlagbolzen","10":"first","11":"instock","12":"taxable","13":"shipping-taxable","14":"product-type-simple"},"acf":[],"_links":{"self":[{"href":"https:\/\/nbg.eu\/de\/wp-json\/wp\/v2\/product\/689784","targetHints":{"allow":["GET"]}}],"collection":[{"href":"https:\/\/nbg.eu\/de\/wp-json\/wp\/v2\/product"}],"about":[{"href":"https:\/\/nbg.eu\/de\/wp-json\/wp\/v2\/types\/product"}],"wp:featuredmedia":[{"embeddable":true,"href":"https:\/\/nbg.eu\/de\/wp-json\/wp\/v2\/media\/25336"}],"wp:attachment":[{"href":"https:\/\/nbg.eu\/de\/wp-json\/wp\/v2\/media?parent=689784"}],"wp:term":[{"taxonomy":"product_brand","embeddable":true,"href":"https:\/\/nbg.eu\/de\/wp-json\/wp\/v2\/product_brand?post=689784"},{"taxonomy":"product_cat","embeddable":true,"href":"https:\/\/nbg.eu\/de\/wp-json\/wp\/v2\/product_cat?post=689784"},{"taxonomy":"product_tag","embeddable":true,"href":"https:\/\/nbg.eu\/de\/wp-json\/wp\/v2\/product_tag?post=689784"}],"curies":[{"name":"wp","href":"https:\/\/api.w.org\/{rel}","templated":true}]}}