{"id":68980,"date":"2023-01-30T18:17:49","date_gmt":"2023-01-30T18:17:49","guid":{"rendered":"https:\/\/nbg.eu\/product\/geissele-super-duty-mod1-rifle-14-5-5-56mm-ddc\/"},"modified":"2026-04-22T12:29:50","modified_gmt":"2026-04-22T09:29:50","slug":"geissele-super-duty-gewehr-145-556mm-ddc","status":"publish","type":"product","link":"https:\/\/nbg.eu\/de\/produkt\/geissele-super-duty-gewehr-145-556mm-ddc\/","title":{"rendered":"Geissele Halbautomatische Karabiner Super Duty 14.5&#8243; 5.56MM &#8211; DDC"},"content":{"rendered":"<h2>Geissele Super Duty &#8211; 14,5&#8243; 5,56MM<\/h2>\n<p>Der Geissele Super Duty ist ein 14,5-Zoll-Gewehr im Kaliber 5,56 NATO.<\/p>\n<h2>Hauptmerkmale:<\/h2>\n<ul>\n<li>14,5&#8243; kaltgeschmiedeter, verchromter Lauf (1:7&#8243; Dralll\u00e4nge)<\/li>\n<li>In Geisseles Werk in North Wales, PA gefertigt<\/li>\n<li>Karabinerl\u00e4ngen-Gassystem mit kompaktem Gasblock<\/li>\n<li>14&#8243; SMR MK14.5 modulare Handschutzschiene mit M-LOK-Kompatibilit\u00e4t<\/li>\n<li>7075-T6 Aluminium-Untergeh\u00e4use mit Ultra Duty Teilen<\/li>\n<li>Beidseitiger konfigurierbarer Sicherungshebel<\/li>\n<li>Super-42 Schlie\u00dffeder und H3-Puffer<\/li>\n<\/ul>\n<h2>Technische Daten:<\/h2>\n<ul>\n<li>Kaliber: 5,56 NATO<\/li>\n<li>Lauf: Geissele kaltgeschmiedet, verchromt, 1\/7 Dralll\u00e4nge<\/li>\n<li>Geh\u00e4use: Geschmiedetes 7075-T6, Typ III harteloxiert<\/li>\n<li>Verschlusstr\u00e4ger: REBCG (Reliability Enhanced Bolt Carrier Group)<\/li>\n<li>Abzug: SSA-X mit Lightning Bow<\/li>\n<li>M\u00fcndungsger\u00e4t: Geissele Sparkout M\u00fcndungsfeuerd\u00e4mpfer<\/li>\n<li>Ladehebel: Airborne<\/li>\n<li>Farbe: DDC (Desert Dirt Color)*<\/li>\n<\/ul>\n<p><em>*Hinweis: DDC-Eloxierung kann farblich variieren<\/em><\/p>\n<p>Der Geissele Super Duty ist ein kompaktes Pr\u00e4zisionsgewehr.<\/p>\n","protected":false},"excerpt":{"rendered":"<p>Geissele Super Duty: 14,5&#8243; 5,56 mm, fortschrittliche Technologie, pr\u00e4zisionsgefertigt.<\/p>\n","protected":false},"featured_media":696156,"template":"","meta":{"_acf_changed":false},"product_brand":[11387],"product_cat":[16196,12107,12039,15809],"product_tag":[],"class_list":{"0":"post-68980","1":"product","2":"type-product","3":"status-publish","4":"has-post-thumbnail","6":"product_brand-geissele","7":"product_cat-ar-15-rifles-de","8":"product_cat-gewehr","9":"product_cat-karabiner","10":"product_cat-semi-automatic-rifles-de","12":"first","13":"outofstock","14":"taxable","15":"shipping-taxable","16":"product-type-simple"},"acf":[],"_links":{"self":[{"href":"https:\/\/nbg.eu\/de\/wp-json\/wp\/v2\/product\/68980","targetHints":{"allow":["GET"]}}],"collection":[{"href":"https:\/\/nbg.eu\/de\/wp-json\/wp\/v2\/product"}],"about":[{"href":"https:\/\/nbg.eu\/de\/wp-json\/wp\/v2\/types\/product"}],"wp:featuredmedia":[{"embeddable":true,"href":"https:\/\/nbg.eu\/de\/wp-json\/wp\/v2\/media\/696156"}],"wp:attachment":[{"href":"https:\/\/nbg.eu\/de\/wp-json\/wp\/v2\/media?parent=68980"}],"wp:term":[{"taxonomy":"product_brand","embeddable":true,"href":"https:\/\/nbg.eu\/de\/wp-json\/wp\/v2\/product_brand?post=68980"},{"taxonomy":"product_cat","embeddable":true,"href":"https:\/\/nbg.eu\/de\/wp-json\/wp\/v2\/product_cat?post=68980"},{"taxonomy":"product_tag","embeddable":true,"href":"https:\/\/nbg.eu\/de\/wp-json\/wp\/v2\/product_tag?post=68980"}],"curies":[{"name":"wp","href":"https:\/\/api.w.org\/{rel}","templated":true}]}}