{"id":689806,"date":"2024-09-16T12:28:47","date_gmt":"2024-09-16T09:28:47","guid":{"rendered":"https:\/\/nbg.eu\/product\/firing-pin-kmr-w\/"},"modified":"2026-05-13T15:59:37","modified_gmt":"2026-05-13T12:59:37","slug":"firing-pin-kmr-w","status":"publish","type":"product","link":"https:\/\/nbg.eu\/de\/produkt\/firing-pin-kmr-w\/","title":{"rendered":"KMR Schlagbolzen W"},"content":{"rendered":"<h2>KMR W-Series Pr\u00e4zisions-Schlagbolzen<\/h2>\n<p>Der KMR W-Series Schlagbolzen ist eine hochleistungsf\u00e4hige interne Komponente, die f\u00fcr die anspruchsvollen Anforderungen von Wettkampf- und professionellen Sch\u00fctzen entwickelt wurde. Speziell f\u00fcr die Plattformen KMR W-02 und verwandte W-Series-Modelle konzipiert, ist dieser Schlagbolzen das Herzst\u00fcck des Z\u00fcndmechanismus Ihrer Pistole und stellt sicher, dass jeder Abzug einen zuverl\u00e4ssigen Schuss ergibt.<\/p>\n<h3>F\u00fcr Wettbewerbszuverl\u00e4ssigkeit entwickelt<\/h3>\n<p>In Hochrisiko-Umgebungen wie IPSC oder USPSA ist ein Z\u00fcndausfall keine Option. Dieser Schlagbolzen ist pr\u00e4zise aus einer speziellen hochgradigen Stahllegierung gefertigt, die w\u00e4rmebehandelt wurde, um die perfekte Balance zwischen H\u00e4rte und Z\u00e4higkeit zu erreichen. Dies verhindert, dass die Spitze sich verformt oder spr\u00f6de wird, selbst nach Zehntausenden von Trocken\u00fcbungen und Sch\u00fcssen.<\/p>\n<h3>Technische Spezifikationen:<\/h3>\n<ul>\n<li><strong>Premium Werkzeugstahl:<\/strong> Hergestellt aus sto\u00dffester Legierungsstahl, um den st\u00e4ndigen hochgeschwindigkeitsschl\u00e4gen gegen den Z\u00fcndh\u00fctchen standzuhalten.<\/li>\n<li><strong>Optimierte Masse und Geometrie:<\/strong> Spezifisch f\u00fcr den W-Series-Verschluss gewichtet, um die ideale kinetische Energie f\u00fcr eine konsistente Z\u00fcndh\u00fctchenz\u00fcndung bei gleichzeitig schneller Verschlusszeit zu liefern.<\/li>\n<li><strong>Pr\u00e4zise polierte Oberfl\u00e4che:<\/strong> Verf\u00fcgt \u00fcber eine reibungsarme Oberfl\u00e4che, die ein reibungsloses Gleiten im Schlagbolzenkanal gew\u00e4hrleistet und Fehlz\u00fcndungen verhindert.<\/li>\n<li><strong>OEM-Passgenauigkeit:<\/strong> Eine echte KMR-Komponente, die eine 100%ige Kompatibilit\u00e4t mit der Schlagbolzenfeder, der Halteplatte und dem Sicherheitskolben der W-Series-Modelle sicherstellt.<\/li>\n<\/ul>\n<h3>Erh\u00f6hte Lebensdauer und Sicherheit<\/h3>\n<p>Der KMR W-Series Schlagbolzen ist f\u00fcr den Druck von sowohl Fabrikmunition als auch leistungsf\u00e4higer Wettkampfmunition ausgelegt. Durch die Einhaltung strenger Werktoleranzen stellt dieser Bolzen zentrierte Z\u00fcndh\u00fctchenauschl\u00e4ge sicher, was das Risiko von durchschlagenen Z\u00fcndh\u00fctchen erheblich reduziert und die allgemeine Betriebssicherheit der Waffe erh\u00f6ht.<\/p>\n<h3>Wichtigste Vorteile:<\/h3>\n<ul>\n<li><strong>Eliminiert Fehlz\u00fcndungen:<\/strong> Sorgt f\u00fcr tiefen, konsistenten Z\u00fcndnadeleindruck f\u00fcr maximale Z\u00fcndungszuverl\u00e4ssigkeit.<\/li>\n<li><strong>Schnelle Verschlusszeit:<\/strong> Das leichte, aber dennoch robuste Design tr\u00e4gt zu einem knackigeren Schie\u00dferlebnis und verbesserter Genauigkeit bei.<\/li>\n<li><strong>Reduzierter Verschlei\u00df:<\/strong> Die spezielle W\u00e4rmebehandlung stellt sicher, dass der Bolzen seine Werkstolleranzen deutlich l\u00e4nger beibeh\u00e4lt als herk\u00f6mmliche Aftermarket-Alternativen.<\/li>\n<li><strong>Unerl\u00e4sslich f\u00fcr die Wartung:<\/strong> Ein wichtiges Ersatzteil f\u00fcr jeden Werkzeugsatz eines ernsthaften Sch\u00fctzen, um sicherzustellen, dass Ihre KMR in einem optimalen Betriebszustand bleibt.<\/li>\n<\/ul>\n","protected":false},"excerpt":{"rendered":"<p>1140-00301-0000<\/p>\n","protected":false},"featured_media":30319,"template":"","meta":{"_acf_changed":false},"product_brand":[11493],"product_cat":[12057,14767],"product_tag":[],"class_list":{"0":"post-689806","1":"product","2":"type-product","3":"status-publish","4":"has-post-thumbnail","6":"product_brand-kmr-precision","7":"product_cat-kmr-teile","8":"product_cat-schlagbolzen","10":"first","11":"instock","12":"taxable","13":"shipping-taxable","14":"product-type-simple"},"acf":[],"_links":{"self":[{"href":"https:\/\/nbg.eu\/de\/wp-json\/wp\/v2\/product\/689806","targetHints":{"allow":["GET"]}}],"collection":[{"href":"https:\/\/nbg.eu\/de\/wp-json\/wp\/v2\/product"}],"about":[{"href":"https:\/\/nbg.eu\/de\/wp-json\/wp\/v2\/types\/product"}],"wp:featuredmedia":[{"embeddable":true,"href":"https:\/\/nbg.eu\/de\/wp-json\/wp\/v2\/media\/30319"}],"wp:attachment":[{"href":"https:\/\/nbg.eu\/de\/wp-json\/wp\/v2\/media?parent=689806"}],"wp:term":[{"taxonomy":"product_brand","embeddable":true,"href":"https:\/\/nbg.eu\/de\/wp-json\/wp\/v2\/product_brand?post=689806"},{"taxonomy":"product_cat","embeddable":true,"href":"https:\/\/nbg.eu\/de\/wp-json\/wp\/v2\/product_cat?post=689806"},{"taxonomy":"product_tag","embeddable":true,"href":"https:\/\/nbg.eu\/de\/wp-json\/wp\/v2\/product_tag?post=689806"}],"curies":[{"name":"wp","href":"https:\/\/api.w.org\/{rel}","templated":true}]}}