{"id":690221,"date":"2024-09-17T22:42:30","date_gmt":"2024-09-17T19:42:30","guid":{"rendered":"https:\/\/nbg.eu\/product\/firing-pin-spring-kmr\/"},"modified":"2026-05-13T16:04:39","modified_gmt":"2026-05-13T13:04:39","slug":"firing-pin-spring-kmr","status":"publish","type":"product","link":"https:\/\/nbg.eu\/de\/produkt\/firing-pin-spring-kmr\/","title":{"rendered":"KMR Schlagbolzenfeder"},"content":{"rendered":"<h2>Federn f\u00fcr den Schlagbolzen KMR<\/h2>\n<p>Die Feder f\u00fcr den Schlagbolzen KMR ist eine kritische Komponente f\u00fcr eine Reihe von Waffensystemen, die darauf ausgelegt ist, eine zuverl\u00e4ssige und konsistente Leistung in Ihren KMR-Schusswaffen zu gew\u00e4hrleisten. Diese Feder ist so konstruiert, dass sie die erforderliche Spannung und Kraft f\u00fcr die Bet\u00e4tigung des Schlagbolzens liefert, um einen reibungslosen und zuverl\u00e4ssigen Abzug jedes Mal zu gew\u00e4hrleisten.<\/p>\n<p>Diese Schlagboltenfeder ist ein unerl\u00e4ssliches Ersatzteil, um die Funktionalit\u00e4t Ihrer Waffe auf h\u00f6chstem Niveau zu erhalten.<\/p>\n<p>Gefertigt aus hochwertigen Materialien und mit Pr\u00e4zision nach strengen Normen hergestellt, stellt die Feder f\u00fcr den Schlagbolzen KMR eine optimale Leistung und Haltbarkeit auch unter den anspruchsvollsten Bedingungen sicher. Egal ob Sie Sportsch\u00fctze oder verantwortungsbewusster Waffenbesitzer sind, diese Schlagboltenfeder ist eine entscheidende Komponente, um die Zuverl\u00e4ssigkeit und Leistung Ihrer KMR-Schusswaffe aufrechtzuerhalten.<\/p>\n<p>F\u00fcr Waffen KMR:<\/p>\n<p>KMR L-02 EMIQ<\/p>\n<p>KMR L-02 EMIQ (OR)<\/p>\n<p>KMR L-02 ORCA AB 2024<\/p>\n<p>KMR L-02 ORCA BIS 2023<\/p>\n<p>KMR L-02 SPECTRA AB 2024<\/p>\n<p>KMR L-02 SPECTRA BIS 2023<\/p>\n<p>KMR L-02 UMBRA (OR) SR<\/p>\n<p>KMR W-02 CUDA (OR)<\/p>\n<p>KMR W-02 UMBRA<\/p>\n<p>KMR W-02 UMBRA (OR)<\/p>\n","protected":false},"excerpt":{"rendered":"<p>Schlagbolzenfeder f\u00fcr Waffen der KMR-Reihe, kompatible Modelle aufgef\u00fchrt.<\/p>\n","protected":false},"featured_media":24944,"template":"","meta":{"_acf_changed":false},"product_brand":[11493],"product_cat":[12075,12057],"product_tag":[],"class_list":{"0":"post-690221","1":"product","2":"type-product","3":"status-publish","4":"has-post-thumbnail","6":"product_brand-kmr-precision","7":"product_cat-federn","8":"product_cat-kmr-teile","10":"first","11":"instock","12":"taxable","13":"shipping-taxable","14":"product-type-simple"},"acf":[],"_links":{"self":[{"href":"https:\/\/nbg.eu\/de\/wp-json\/wp\/v2\/product\/690221","targetHints":{"allow":["GET"]}}],"collection":[{"href":"https:\/\/nbg.eu\/de\/wp-json\/wp\/v2\/product"}],"about":[{"href":"https:\/\/nbg.eu\/de\/wp-json\/wp\/v2\/types\/product"}],"wp:featuredmedia":[{"embeddable":true,"href":"https:\/\/nbg.eu\/de\/wp-json\/wp\/v2\/media\/24944"}],"wp:attachment":[{"href":"https:\/\/nbg.eu\/de\/wp-json\/wp\/v2\/media?parent=690221"}],"wp:term":[{"taxonomy":"product_brand","embeddable":true,"href":"https:\/\/nbg.eu\/de\/wp-json\/wp\/v2\/product_brand?post=690221"},{"taxonomy":"product_cat","embeddable":true,"href":"https:\/\/nbg.eu\/de\/wp-json\/wp\/v2\/product_cat?post=690221"},{"taxonomy":"product_tag","embeddable":true,"href":"https:\/\/nbg.eu\/de\/wp-json\/wp\/v2\/product_tag?post=690221"}],"curies":[{"name":"wp","href":"https:\/\/api.w.org\/{rel}","templated":true}]}}