{"id":690926,"date":"2024-07-25T21:45:22","date_gmt":"2024-07-25T18:45:22","guid":{"rendered":"https:\/\/nbg.eu\/product\/hornady-6mm-arc-108gr-eld-match-ammunition\/"},"modified":"2026-05-13T15:11:56","modified_gmt":"2026-05-13T12:11:56","slug":"hornady-6mm-arc-108gr-eld-match-ammunition","status":"publish","type":"product","link":"https:\/\/nbg.eu\/de\/produkt\/hornady-6mm-arc-108gr-eld-match-ammunition\/","title":{"rendered":"Hornady 6mm ARC 108gr. ELD MATCH Ammunition"},"content":{"rendered":"<div class=\"product-description\">\n<h2>Hornady 6mm ARC 108gr. ELD MATCH Munition<\/h2>\n<p>Erleben Sie eine beispiellose Leistung mit der Hornady 6mm ARC 108gr. ELD MATCH Munition. Diese vielseitige Patrone bietet:<\/p>\n<ul>\n<li>Au\u00dfergew\u00f6hnliche Effizienz mit hochballistischen Geschossen<\/li>\n<li>Beispiellose Leistung aus AR-15-Plattformen<\/li>\n<li>Optimale Ergebnisse in kurzen oder Micro-Action-B\u00fcchsenl\u00e4ufen<\/li>\n<li>Ideal f\u00fcr Match-Schie\u00dfen, Jagd und Selbstverteidigung<\/li>\n<li>\u00dcberlegene Endleistung in verschiedenen Anwendungen<\/li>\n<\/ul>\n<p>Die 6mm ARC kombiniert modernste Patronenentwicklung mit sorgf\u00e4ltig ausgew\u00e4hlten Geschossen und bietet so die perfekte Balance zwischen Systemgewicht, Leistung und Schie\u00dfbarkeit. Egal ob Sie Wettkampfsch\u00fctze, J\u00e4ger oder Strafverfolgungsbeamter sind, diese Munition bietet Ihnen die Genauigkeit und Leistung, die Sie ben\u00f6tigen.<\/p>\n<\/div>\n","protected":false},"excerpt":{"rendered":"<p>Vielseitiges 6mm ARC: Pr\u00e4zisions-Matchmunition f\u00fcr AR-15 und Repetiergewehre.<\/p>\n","protected":false},"featured_media":21697,"template":"","meta":{"_acf_changed":false},"product_brand":[11449],"product_cat":[12120,12110],"product_tag":[],"class_list":{"0":"post-690926","1":"product","2":"type-product","3":"status-publish","4":"has-post-thumbnail","6":"product_brand-hornady","7":"product_cat-gewehrmunition","8":"product_cat-munition","10":"first","11":"instock","12":"taxable","13":"shipping-taxable","14":"purchasable","15":"product-type-simple"},"acf":[],"_links":{"self":[{"href":"https:\/\/nbg.eu\/de\/wp-json\/wp\/v2\/product\/690926","targetHints":{"allow":["GET"]}}],"collection":[{"href":"https:\/\/nbg.eu\/de\/wp-json\/wp\/v2\/product"}],"about":[{"href":"https:\/\/nbg.eu\/de\/wp-json\/wp\/v2\/types\/product"}],"wp:featuredmedia":[{"embeddable":true,"href":"https:\/\/nbg.eu\/de\/wp-json\/wp\/v2\/media\/21697"}],"wp:attachment":[{"href":"https:\/\/nbg.eu\/de\/wp-json\/wp\/v2\/media?parent=690926"}],"wp:term":[{"taxonomy":"product_brand","embeddable":true,"href":"https:\/\/nbg.eu\/de\/wp-json\/wp\/v2\/product_brand?post=690926"},{"taxonomy":"product_cat","embeddable":true,"href":"https:\/\/nbg.eu\/de\/wp-json\/wp\/v2\/product_cat?post=690926"},{"taxonomy":"product_tag","embeddable":true,"href":"https:\/\/nbg.eu\/de\/wp-json\/wp\/v2\/product_tag?post=690926"}],"curies":[{"name":"wp","href":"https:\/\/api.w.org\/{rel}","templated":true}]}}