{"id":691146,"date":"2025-03-07T13:06:11","date_gmt":"2025-03-07T10:06:11","guid":{"rendered":"https:\/\/nbg.eu\/product\/kmr-or-aimpoint-acro-mounting-kit-for-l-02-w-02-steel-black\/"},"modified":"2026-05-13T16:48:13","modified_gmt":"2026-05-13T13:48:13","slug":"kmr-or-aimpoint-acro-mounting-kit-for-l-02-w-02-steel-black","status":"publish","type":"product","link":"https:\/\/nbg.eu\/de\/produkt\/kmr-or-aimpoint-acro-mounting-kit-for-l-02-w-02-steel-black\/","title":{"rendered":"KMR OR Aimpoint Acro Montagesatz f\u00fcr L-02, W-02 Stahl Schwarz"},"content":{"rendered":"<h2>KMR &#8211; ODER AIMPOINT ACRO-MONTAGESET F\u00dcR L-02, W-02, STAHLSCHWARZ<\/h2>\n<p>Das KMR Optic Ready (OR) Aimpoint ACRO-Montageset ist die ultimative L\u00f6sung f\u00fcr eine rocksolide Optikintegration und perfekte Co-Witness-Ausrichtung auf Ihren KMR L-02 und W-02 Pistolen. Pr\u00e4zise gefertigt aus hochfestem Stahl, verf\u00fcgt dieses Montageset \u00fcber eine spezifische Aimpoint ACRO-Auflagefl\u00e4che, ein flaches Design und eine matt-schwarze korrosionsbest\u00e4ndige Oberfl\u00e4che f\u00fcr ein schlankes, robustes Erscheinungsbild.<\/p>\n<p>Die Stahlkonstruktion des KMR OR Aimpoint ACRO-Montagesets gew\u00e4hrleistet eine Nullpunktverschiebung bei hoher R\u00fccksto\u00dfbelastung und bietet damit die zuverl\u00e4ssigste Montagel\u00f6sung f\u00fcr Visiere mit geschlossenem Emitter. Die pr\u00e4zise Passform garantiert, dass Ihr Visier auch bei Hochleistungswettk\u00e4mpfen oder im Einsatz zielgenau bleibt, und macht es damit zur ultimativen Wahl f\u00fcr KMR OR-Pistolen.<\/p>\n","protected":false},"excerpt":{"rendered":"<p>KMR &#8211; ODER AIMPOINT ACRO MONTAGESATZ F\u00dcR L-02, W-02, STAHL SCHWARZ. Hochfeste Optikintegration und perfekte Co-Witness-Ausrichtung f\u00fcr L-02- und W-02-Modelle. Pr\u00e4zisionsgefertigt aus hochfestem Stahl, spezifischer Aimpoint ACRO-Fu\u00dfabdruck, flaches Design, mattschwarze korrosionsbest\u00e4ndige Oberfl\u00e4che. Bietet die robusteste Montagel\u00f6sung f\u00fcr eingeschlossene Emitter-Zielfernrohre; die Stahlkonstruktion gew\u00e4hrleistet eine Nullverschiebung bei starkem R\u00fccksto\u00df, w\u00e4hrend die pr\u00e4zise Passform garantiert, dass das Zielfernrohr auch bei Hochleistungswettbewerben oder Eins\u00e4tzen auf KMR OR-Pistolen seine Nulllage beibeh\u00e4lt.<\/p>\n","protected":false},"featured_media":246145,"template":"","meta":{"_acf_changed":false},"product_brand":[11493],"product_cat":[12057,12089,12053,14904],"product_tag":[],"class_list":{"0":"post-691146","1":"product","2":"type-product","3":"status-publish","4":"has-post-thumbnail","6":"product_brand-kmr-precision","7":"product_cat-kmr-teile","8":"product_cat-pistolen-rotpunktvisiere","9":"product_cat-pistolenteile","10":"product_cat-red-dot-sights-mounts-de","12":"first","13":"instock","14":"taxable","15":"shipping-taxable","16":"purchasable","17":"product-type-simple"},"acf":[],"_links":{"self":[{"href":"https:\/\/nbg.eu\/de\/wp-json\/wp\/v2\/product\/691146","targetHints":{"allow":["GET"]}}],"collection":[{"href":"https:\/\/nbg.eu\/de\/wp-json\/wp\/v2\/product"}],"about":[{"href":"https:\/\/nbg.eu\/de\/wp-json\/wp\/v2\/types\/product"}],"wp:featuredmedia":[{"embeddable":true,"href":"https:\/\/nbg.eu\/de\/wp-json\/wp\/v2\/media\/246145"}],"wp:attachment":[{"href":"https:\/\/nbg.eu\/de\/wp-json\/wp\/v2\/media?parent=691146"}],"wp:term":[{"taxonomy":"product_brand","embeddable":true,"href":"https:\/\/nbg.eu\/de\/wp-json\/wp\/v2\/product_brand?post=691146"},{"taxonomy":"product_cat","embeddable":true,"href":"https:\/\/nbg.eu\/de\/wp-json\/wp\/v2\/product_cat?post=691146"},{"taxonomy":"product_tag","embeddable":true,"href":"https:\/\/nbg.eu\/de\/wp-json\/wp\/v2\/product_tag?post=691146"}],"curies":[{"name":"wp","href":"https:\/\/api.w.org\/{rel}","templated":true}]}}