{"id":691170,"date":"2025-03-04T21:40:08","date_gmt":"2025-03-04T18:40:08","guid":{"rendered":"https:\/\/nbg.eu\/product\/kmr-qd-sling-swivel\/"},"modified":"2026-05-13T15:10:54","modified_gmt":"2026-05-13T12:10:54","slug":"kmr-qd-sling-swivel","status":"publish","type":"product","link":"https:\/\/nbg.eu\/de\/produkt\/kmr-qd-sling-swivel\/","title":{"rendered":"KMR QD Riemenb\u00fcgel"},"content":{"rendered":"<h2>Schnelle Befestigung, schwere Zuverl\u00e4ssigkeit: Der KMR Quick Detach (QD) Tragegurt-Dreh-Scharnier<\/h2>\n<p>Entwickelt f\u00fcr eine schnelle Befestigung und schwere Zuverl\u00e4ssigkeit ist der KMR QD Tragegurt-Dreh-Scharnier der perfekte Begleiter f\u00fcr Ihre Schusswaffe. Gefertigt aus hochfestem Stahl verf\u00fcgt dieser Scharnier \u00fcber einen Druckknopf-Freigabemechanismus und 360-Grad-Drehung, wodurch ein nahezu sofortiges Anbringen oder Entfernen eines Tragegurts aus jeder QD-kompatiblen Fassung, sei es eine M-LOK, ein Schaft oder ein Handschutz, m\u00f6glich ist.<\/p>\n<p>Entwickelt, um hohen Zugkr\u00e4ften und rauen Feldbedingungen standzuhalten, stellt der KMR QD Tragegurt-Dreh-Scharnier sicher, dass Ihre Waffe beim dynamischen Bewegungen sicher am Tragegurt bleibt. Die schwarze Oberfl\u00e4che erh\u00f6ht zudem die Haltbarkeit des Scharniers und macht es zu einer zuverl\u00e4ssigen Wahl f\u00fcr all Ihre Tragegurt-Befestigungsbed\u00fcrfnisse.<\/p>\n","protected":false},"excerpt":{"rendered":"<p>KMR QD SLING-DREHWIRBEL, STANDARD: Schneller An-\/Abbau.<\/p>\n","protected":false},"featured_media":236792,"template":"","meta":{"_acf_changed":false},"product_brand":[11493],"product_cat":[12068,14943,12043],"product_tag":[],"class_list":{"0":"post-691170","1":"product","2":"type-product","3":"status-publish","4":"has-post-thumbnail","6":"product_brand-kmr-precision","7":"product_cat-gewehr-tuning","8":"product_cat-sling-swivels-de","9":"product_cat-trageriemen","11":"first","12":"instock","13":"taxable","14":"shipping-taxable","15":"purchasable","16":"product-type-simple"},"acf":[],"_links":{"self":[{"href":"https:\/\/nbg.eu\/de\/wp-json\/wp\/v2\/product\/691170","targetHints":{"allow":["GET"]}}],"collection":[{"href":"https:\/\/nbg.eu\/de\/wp-json\/wp\/v2\/product"}],"about":[{"href":"https:\/\/nbg.eu\/de\/wp-json\/wp\/v2\/types\/product"}],"wp:featuredmedia":[{"embeddable":true,"href":"https:\/\/nbg.eu\/de\/wp-json\/wp\/v2\/media\/236792"}],"wp:attachment":[{"href":"https:\/\/nbg.eu\/de\/wp-json\/wp\/v2\/media?parent=691170"}],"wp:term":[{"taxonomy":"product_brand","embeddable":true,"href":"https:\/\/nbg.eu\/de\/wp-json\/wp\/v2\/product_brand?post=691170"},{"taxonomy":"product_cat","embeddable":true,"href":"https:\/\/nbg.eu\/de\/wp-json\/wp\/v2\/product_cat?post=691170"},{"taxonomy":"product_tag","embeddable":true,"href":"https:\/\/nbg.eu\/de\/wp-json\/wp\/v2\/product_tag?post=691170"}],"curies":[{"name":"wp","href":"https:\/\/api.w.org\/{rel}","templated":true}]}}