{"id":692139,"date":"2025-03-04T21:42:27","date_gmt":"2025-03-04T18:42:27","guid":{"rendered":"https:\/\/nbg.eu\/product\/kmr-qd-sling-swivel-small-25-mm\/"},"modified":"2026-05-13T16:02:05","modified_gmt":"2026-05-13T13:02:05","slug":"kmr-qd-sling-swivel-small-25-mm","status":"publish","type":"product","link":"https:\/\/nbg.eu\/de\/produkt\/kmr-qd-sling-swivel-small-25-mm\/","title":{"rendered":"KMR QD Riemenb\u00fcgel Klein 25mm"},"content":{"rendered":"<h2>KMR QD Sling Swivel, klein 25 mm<\/h2>\n<p>Entwickelt f\u00fcr schnelle Befestigung, hochwertige Zuverl\u00e4ssigkeit, ist der KMR QD Sling Swivel der perfekte Begleiter f\u00fcr Ihre Schusswaffe. Gefertigt aus hochfestem Stahl, verf\u00fcgt dieser Wirbel \u00fcber einen Druckknopf-Freigabemechanismus und 360-Grad-Drehung, die eine nahezu sofortige Befestigung oder Entfernung eines Riemens aus jeder QD-kompatiblen Buchse erm\u00f6glichen, sei es an einem M-LOK, Schaft oder Handschutz.<\/p>\n<p>Entwickelt, um hohen Zugkr\u00e4ften und harten Feldbedingungen standzuhalten, stellt der KMR QD Sling Swivel sicher, dass Ihre Waffe auch bei dynamischer Bewegung sicher aufgeh\u00e4ngt bleibt. Die schwarze Oberfl\u00e4che erh\u00f6ht dar\u00fcber hinaus die Haltbarkeit des Wirbels, sodass er eine zuverl\u00e4ssige Wahl f\u00fcr all Ihre Riemenbefestigungsbed\u00fcrfnisse ist.<\/p>\n","protected":false},"excerpt":{"rendered":"<p>Schnell an-\/abl\u00f6sbare KMR QD Schultergurt-Drehwirbel, klein 25 mm<\/p>\n","protected":false},"featured_media":236816,"template":"","meta":{"_acf_changed":false},"product_brand":[11493],"product_cat":[12068,14943,12043],"product_tag":[],"class_list":{"0":"post-692139","1":"product","2":"type-product","3":"status-publish","4":"has-post-thumbnail","6":"product_brand-kmr-precision","7":"product_cat-gewehr-tuning","8":"product_cat-sling-swivels-de","9":"product_cat-trageriemen","11":"first","12":"instock","13":"taxable","14":"shipping-taxable","15":"purchasable","16":"product-type-simple"},"acf":[],"_links":{"self":[{"href":"https:\/\/nbg.eu\/de\/wp-json\/wp\/v2\/product\/692139","targetHints":{"allow":["GET"]}}],"collection":[{"href":"https:\/\/nbg.eu\/de\/wp-json\/wp\/v2\/product"}],"about":[{"href":"https:\/\/nbg.eu\/de\/wp-json\/wp\/v2\/types\/product"}],"wp:featuredmedia":[{"embeddable":true,"href":"https:\/\/nbg.eu\/de\/wp-json\/wp\/v2\/media\/236816"}],"wp:attachment":[{"href":"https:\/\/nbg.eu\/de\/wp-json\/wp\/v2\/media?parent=692139"}],"wp:term":[{"taxonomy":"product_brand","embeddable":true,"href":"https:\/\/nbg.eu\/de\/wp-json\/wp\/v2\/product_brand?post=692139"},{"taxonomy":"product_cat","embeddable":true,"href":"https:\/\/nbg.eu\/de\/wp-json\/wp\/v2\/product_cat?post=692139"},{"taxonomy":"product_tag","embeddable":true,"href":"https:\/\/nbg.eu\/de\/wp-json\/wp\/v2\/product_tag?post=692139"}],"curies":[{"name":"wp","href":"https:\/\/api.w.org\/{rel}","templated":true}]}}