{"id":692219,"date":"2024-08-17T18:04:12","date_gmt":"2024-08-17T15:04:12","guid":{"rendered":"https:\/\/nbg.eu\/product\/magazine-catch-spring-kmr\/"},"modified":"2026-05-13T16:04:49","modified_gmt":"2026-05-13T13:04:49","slug":"magazine-catch-spring-kmr","status":"publish","type":"product","link":"https:\/\/nbg.eu\/de\/produkt\/magazine-catch-spring-kmr\/","title":{"rendered":"KMR Magazinhalterfeder"},"content":{"rendered":"<h2>Magazin-Fangfeder KMR<\/h2>\n<p>Gefertigt mit Pr\u00e4zision und Langlebigkeit im Sinn, stellt die Magazin-Fangfeder eine sichere und zuverl\u00e4ssige Magazinausl\u00f6sung sicher, die Waffenbenutzern ein nahtloses und effizientes Erlebnis bietet. Ihre robuste Konstruktion und zuverl\u00e4ssige Leistung machen sie zu einem unerl\u00e4sslichen Zubeh\u00f6rteil f\u00fcr den Erhalt der Funktionalit\u00e4t und Leistung Ihrer KMR-Waffenplattform.<\/p>\n<p>Die Magazin-Fangfeder KMR ist ein vielseitiges und unerl\u00e4ssliches Zubeh\u00f6rteil f\u00fcr eine Vielzahl von KMR-Waffenmodellen. Entwickelt, um eine sichere und zuverl\u00e4ssige Magazinfangvorrichtung zu bieten<\/p>\n<p>F\u00fcr KMR-Waffen:<\/p>\n<p>KMR L-02 EMIQ<\/p>\n<p>KMR L-02 EMIQ (OR)<\/p>\n<p>KMR L-02 ORCA AB 2024<\/p>\n<p>KMR L-02 ORCA BIS 2023<\/p>\n<p>KMR L-02 SPECTRA AB 2024<\/p>\n<p>KMR L-02 SPECTRA BIS 2023<\/p>\n<p>KMR L-02 UMBRA (OR) SR<\/p>\n<p>KMR S-02 AB 2024<\/p>\n<p>KMR S-02 BIS 2023<\/p>\n<p>KMR W-02 CUDA (OR)<\/p>\n<p>KMR W-02 UMBRA<\/p>\n<p>KMR W-02 UMBRA (OR)<\/p>\n","protected":false},"excerpt":{"rendered":"<p>Magazinefangfeder KMR f\u00fcr KMR-Waffenserien.<\/p>\n","protected":false},"featured_media":24852,"template":"","meta":{"_acf_changed":false},"product_brand":[11493],"product_cat":[12075,12057],"product_tag":[],"class_list":{"0":"post-692219","1":"product","2":"type-product","3":"status-publish","4":"has-post-thumbnail","6":"product_brand-kmr-precision","7":"product_cat-federn","8":"product_cat-kmr-teile","10":"first","11":"instock","12":"taxable","13":"shipping-taxable","14":"product-type-simple"},"acf":[],"_links":{"self":[{"href":"https:\/\/nbg.eu\/de\/wp-json\/wp\/v2\/product\/692219","targetHints":{"allow":["GET"]}}],"collection":[{"href":"https:\/\/nbg.eu\/de\/wp-json\/wp\/v2\/product"}],"about":[{"href":"https:\/\/nbg.eu\/de\/wp-json\/wp\/v2\/types\/product"}],"wp:featuredmedia":[{"embeddable":true,"href":"https:\/\/nbg.eu\/de\/wp-json\/wp\/v2\/media\/24852"}],"wp:attachment":[{"href":"https:\/\/nbg.eu\/de\/wp-json\/wp\/v2\/media?parent=692219"}],"wp:term":[{"taxonomy":"product_brand","embeddable":true,"href":"https:\/\/nbg.eu\/de\/wp-json\/wp\/v2\/product_brand?post=692219"},{"taxonomy":"product_cat","embeddable":true,"href":"https:\/\/nbg.eu\/de\/wp-json\/wp\/v2\/product_cat?post=692219"},{"taxonomy":"product_tag","embeddable":true,"href":"https:\/\/nbg.eu\/de\/wp-json\/wp\/v2\/product_tag?post=692219"}],"curies":[{"name":"wp","href":"https:\/\/api.w.org\/{rel}","templated":true}]}}