{"id":692617,"date":"2024-11-03T10:02:34","date_gmt":"2024-11-03T07:02:34","guid":{"rendered":"https:\/\/nbg.eu\/product\/norma-cal-6-5-creedmoore-target-match-8-4g-130gr\/"},"modified":"2026-05-13T16:04:50","modified_gmt":"2026-05-13T13:04:50","slug":"norma-cal-6-5-creedmoore-target-match-8-4g-130gr","status":"publish","type":"product","link":"https:\/\/nbg.eu\/de\/produkt\/norma-cal-6-5-creedmoore-target-match-8-4g-130gr\/","title":{"rendered":"NORMA cal. 6.5 Creedmoore Target Match 8.4g\/130gr."},"content":{"rendered":"<h2>NORMA cal. 6.5 Creedmoore Target Match 8.4g\/130gr<\/h2>\n<p>Erleben Sie Pr\u00e4zision mit der NORMA 6.5 Creedmoor Target Match Munition. Entwickelt im Jahr 2007 zeichnet sich diese Patrone durch ihre Leistung bei Langstrecken-Zielschie\u00dfen und der Jagd aus. Die 6,5-mm-Kugel \u00fcberzeugt durch hervorragende Querschnittsdichten und balistischen Koeffizienten, was eine \u00fcberlegene Leistung auf gro\u00dfe Distanzen sicherstellt.<\/p>\n<h3>Merkmale:<\/h3>\n<ul>\n<li>Kaliber: 6.5 Creedmoor<\/li>\n<li>Gewicht: 8.4g\/130gr<\/li>\n<li>Ballistischer Koeffizient: G1 0.548 \/ G7 0.294<\/li>\n<li>Typ: Golden Target<\/li>\n<li>Z\u00fcndung: Zentralfeuer<\/li>\n<\/ul>\n<h3>Geschwindigkeit:<\/h3>\n<ul>\n<li>V0: 869 m\/s<\/li>\n<li>V100: 813 m\/s<\/li>\n<li>V200: 759 m\/s<\/li>\n<li>V300: 708 m\/s<\/li>\n<\/ul>\n","protected":false},"excerpt":{"rendered":"<p>Pr\u00e4zisions-Munition 6.5 Creedmoor f\u00fcr Langstrecken-Zielschie\u00dfen.<\/p>\n","protected":false},"featured_media":76696,"template":"","meta":{"_acf_changed":false},"product_brand":[14471],"product_cat":[12120],"product_tag":[],"class_list":{"0":"post-692617","1":"product","2":"type-product","3":"status-publish","4":"has-post-thumbnail","6":"product_brand-norma-precision","7":"product_cat-gewehrmunition","9":"first","10":"instock","11":"taxable","12":"shipping-taxable","13":"purchasable","14":"product-type-simple"},"acf":[],"_links":{"self":[{"href":"https:\/\/nbg.eu\/de\/wp-json\/wp\/v2\/product\/692617","targetHints":{"allow":["GET"]}}],"collection":[{"href":"https:\/\/nbg.eu\/de\/wp-json\/wp\/v2\/product"}],"about":[{"href":"https:\/\/nbg.eu\/de\/wp-json\/wp\/v2\/types\/product"}],"wp:featuredmedia":[{"embeddable":true,"href":"https:\/\/nbg.eu\/de\/wp-json\/wp\/v2\/media\/76696"}],"wp:attachment":[{"href":"https:\/\/nbg.eu\/de\/wp-json\/wp\/v2\/media?parent=692617"}],"wp:term":[{"taxonomy":"product_brand","embeddable":true,"href":"https:\/\/nbg.eu\/de\/wp-json\/wp\/v2\/product_brand?post=692617"},{"taxonomy":"product_cat","embeddable":true,"href":"https:\/\/nbg.eu\/de\/wp-json\/wp\/v2\/product_cat?post=692617"},{"taxonomy":"product_tag","embeddable":true,"href":"https:\/\/nbg.eu\/de\/wp-json\/wp\/v2\/product_tag?post=692617"}],"curies":[{"name":"wp","href":"https:\/\/api.w.org\/{rel}","templated":true}]}}