{"id":692650,"date":"2024-08-17T14:49:07","date_gmt":"2024-08-17T11:49:07","guid":{"rendered":"https:\/\/nbg.eu\/product\/mounting-kit-for-l-02-w-02-steel-black\/"},"modified":"2026-05-13T16:01:41","modified_gmt":"2026-05-13T13:01:41","slug":"mounting-kit-for-l-02-w-02-steel-black","status":"publish","type":"product","link":"https:\/\/nbg.eu\/de\/produkt\/mounting-kit-for-l-02-w-02-steel-black\/","title":{"rendered":"KMR Montagesatz for L-02, W-02 Stahl Schwarz"},"content":{"rendered":"<h2>KMR Optic Ready (OR) Montageset \u2013 Stahl, Schwarz<\/h2>\n<p>Erweitern Sie Ihre L-02 und W-02 KMR-Plattformen mit dem KMR Optic Ready (OR) Montageset. Aus hochfestem Stahl gefertigt, bietet diese Montagel\u00f6sung eine un\u00fcbertroffene Haltbarkeit und Stabilit\u00e4t, um sicherzustellen, dass Ihr Zielfernrohr auch bei intensiven R\u00fccksto\u00dfkr\u00e4ften beim Wettkampfschie\u00dfen seine Nullung beibeh\u00e4lt.<\/p>\n<p>Mit einem modellspezifischen Fu\u00dfabdruck ist das OR Montageset so konzipiert, dass es Trijicon RMR, Leupold DeltaPoint Pro oder Shield-Zielfernrohre sicher aufnimmt und eine stabile Grundlage f\u00fcr Ihr Visierungssystem bietet. Im Unterschied zu herk\u00f6mmlichen Aluminiumplatten verhindert die Stahlkonstruktion ein Ausrei\u00dfen der Gewinde und bewahrt einen perfekten Sitz f\u00fcr die L-02 und W-02 Optic Ready-Schienen, um Ihre Investition zu sch\u00fctzen.<\/p>\n<p>Mit einer matter, korrosionsbest\u00e4ndiger Beschichtung in Schwarz sieht dieses Montageset nicht nur gut aus, sondern h\u00e4lt auch Umwelteinfl\u00fcssen stand und garantiert zuverl\u00e4ssige Leistung unter allen Bedingungen. Upgraden Sie Ihre KMR-Plattform mit dem KMR Optic Ready (OR) Montageset \u2013 die ultimative L\u00f6sung f\u00fcr eine hochbelastbare Zielfernrohrmontage.<\/p>\n","protected":false},"excerpt":{"rendered":"<p>Hochfeste Stahlmontagesatz f\u00fcr L-02, W-02 KMR-Optikintegration.<\/p>\n","protected":false},"featured_media":30367,"template":"","meta":{"_acf_changed":false},"product_brand":[],"product_cat":[12057,12089,12053,14904],"product_tag":[],"class_list":{"0":"post-692650","1":"product","2":"type-product","3":"status-publish","4":"has-post-thumbnail","6":"product_cat-kmr-teile","7":"product_cat-pistolen-rotpunktvisiere","8":"product_cat-pistolenteile","9":"product_cat-red-dot-sights-mounts-de","11":"first","12":"instock","13":"taxable","14":"shipping-taxable","15":"purchasable","16":"product-type-variable","17":"wvs-archive-product-wrapper"},"acf":[],"_links":{"self":[{"href":"https:\/\/nbg.eu\/de\/wp-json\/wp\/v2\/product\/692650","targetHints":{"allow":["GET"]}}],"collection":[{"href":"https:\/\/nbg.eu\/de\/wp-json\/wp\/v2\/product"}],"about":[{"href":"https:\/\/nbg.eu\/de\/wp-json\/wp\/v2\/types\/product"}],"wp:featuredmedia":[{"embeddable":true,"href":"https:\/\/nbg.eu\/de\/wp-json\/wp\/v2\/media\/30367"}],"wp:attachment":[{"href":"https:\/\/nbg.eu\/de\/wp-json\/wp\/v2\/media?parent=692650"}],"wp:term":[{"taxonomy":"product_brand","embeddable":true,"href":"https:\/\/nbg.eu\/de\/wp-json\/wp\/v2\/product_brand?post=692650"},{"taxonomy":"product_cat","embeddable":true,"href":"https:\/\/nbg.eu\/de\/wp-json\/wp\/v2\/product_cat?post=692650"},{"taxonomy":"product_tag","embeddable":true,"href":"https:\/\/nbg.eu\/de\/wp-json\/wp\/v2\/product_tag?post=692650"}],"curies":[{"name":"wp","href":"https:\/\/api.w.org\/{rel}","templated":true}]}}