{"id":692952,"date":"2024-11-02T11:43:26","date_gmt":"2024-11-02T08:43:26","guid":{"rendered":"https:\/\/nbg.eu\/product\/norma-308-win-whitetail-150gr-soft-point-hunting-ammo\/"},"modified":"2026-05-13T16:03:40","modified_gmt":"2026-05-13T13:03:40","slug":"norma-308-win-whitetail-150gr-soft-point-hunting-ammo","status":"publish","type":"product","link":"https:\/\/nbg.eu\/de\/produkt\/norma-308-win-whitetail-150gr-soft-point-hunting-ammo\/","title":{"rendered":"NORMA .308 Win Whitetail 150gr Soft Point Hunting Ammo"},"content":{"rendered":"<div class=\"product-description\">\n<h2>NORMA cal. .308 Win SP Whitetail 9,7g\/150gr<\/h2>\n<p>Erleben Sie eine un\u00fcbertroffene Pr\u00e4zision und Leistung mit der .308 Win SP Whitetail-Munition von NORMA. Diese 150-gr (9,7-g) Softpoint-Kugel bietet:<\/p>\n<ul>\n<li>Hervorragende Genauigkeit f\u00fcr die Jagd auf Rehe und Gro\u00dfwild<\/li>\n<li>Flach-basiertes Design f\u00fcr eine konstante Leistung<\/li>\n<li>Freiliegender Bleikopf f\u00fcr eine schnelle Expansion<\/li>\n<li>Tiefe Durchdringung und effiziente Energie\u00fcbertragung<\/li>\n<\/ul>\n<h3>Wichtige Spezifikationen:<\/h3>\n<ul>\n<li>Produktnummer: 20177382<\/li>\n<li>Kaliber: .308 Win<\/li>\n<li>Gewicht: 9,7g\/150gr<\/li>\n<li>Ballistische Koeffizienz (G1): 0,274<\/li>\n<li>M\u00fcndungsgeschwindigkeit (V0): 850 m\/s<\/li>\n<\/ul>\n<p>Hergestellt in \u00c5motfors, Schweden, mit der renommierten Pr\u00e4zision und hochwertigen Messingpatronen von NORMA, garantiert diese Munition eine \u00fcberlegene Konsistenz und hervorragende Wiederladbarkeit.<\/p>\n<\/div>\n<div class=\"panel panel--no-padding\">\n<div class=\"panel__inner\">\n<table class=\"ballistic-table\">\n<thead>\n<tr>\n<th scope=\"col\"><\/th>\n<th scope=\"col\">50 Yards<\/th>\n<th scope=\"col\">75 Yards<\/th>\n<th scope=\"col\">100 Yards<\/th>\n<th scope=\"col\">150 Yards<\/th>\n<th scope=\"col\">200 Yards<\/th>\n<th scope=\"col\">300 Yards<\/th>\n<\/tr>\n<\/thead>\n<tbody>\n<tr>\n<th scope=\"row\">50<\/th>\n<td><\/td>\n<td>0<\/td>\n<td>0,4<\/td>\n<td>-0,7<\/td>\n<td>-3,3<\/td>\n<td>-14,4<\/td>\n<\/tr>\n<tr>\n<th scope=\"row\">100<\/th>\n<td>-0,2<\/td>\n<td>&#8211;<\/td>\n<td><\/td>\n<td>-1,2<\/td>\n<td>-4<\/td>\n<td>-15,5<\/td>\n<\/tr>\n<tr>\n<th scope=\"row\">150<\/th>\n<td>0,2<\/td>\n<td>&#8211;<\/td>\n<td>0,8<\/td>\n<td><\/td>\n<td>-2,4<\/td>\n<td>-13<\/td>\n<\/tr>\n<tr>\n<th scope=\"row\">200<\/th>\n<td>0,8<\/td>\n<td>&#8211;<\/td>\n<td>2<\/td>\n<td>1,8<\/td>\n<td><\/td>\n<td>-9,4<\/td>\n<\/tr>\n<\/tbody>\n<\/table>\n<\/div>\n<\/div>\n","protected":false},"excerpt":{"rendered":"<p>NORMA .308 Win SP Whitetail: Pr\u00e4zise, kraftvolle Jagdmunition f\u00fcr Hirsche.<\/p>\n","protected":false},"featured_media":76626,"template":"","meta":{"_acf_changed":false},"product_brand":[14471],"product_cat":[12110],"product_tag":[],"class_list":{"0":"post-692952","1":"product","2":"type-product","3":"status-publish","4":"has-post-thumbnail","6":"product_brand-norma-precision","7":"product_cat-munition","9":"first","10":"instock","11":"taxable","12":"shipping-taxable","13":"purchasable","14":"product-type-simple"},"acf":[],"_links":{"self":[{"href":"https:\/\/nbg.eu\/de\/wp-json\/wp\/v2\/product\/692952","targetHints":{"allow":["GET"]}}],"collection":[{"href":"https:\/\/nbg.eu\/de\/wp-json\/wp\/v2\/product"}],"about":[{"href":"https:\/\/nbg.eu\/de\/wp-json\/wp\/v2\/types\/product"}],"wp:featuredmedia":[{"embeddable":true,"href":"https:\/\/nbg.eu\/de\/wp-json\/wp\/v2\/media\/76626"}],"wp:attachment":[{"href":"https:\/\/nbg.eu\/de\/wp-json\/wp\/v2\/media?parent=692952"}],"wp:term":[{"taxonomy":"product_brand","embeddable":true,"href":"https:\/\/nbg.eu\/de\/wp-json\/wp\/v2\/product_brand?post=692952"},{"taxonomy":"product_cat","embeddable":true,"href":"https:\/\/nbg.eu\/de\/wp-json\/wp\/v2\/product_cat?post=692952"},{"taxonomy":"product_tag","embeddable":true,"href":"https:\/\/nbg.eu\/de\/wp-json\/wp\/v2\/product_tag?post=692952"}],"curies":[{"name":"wp","href":"https:\/\/api.w.org\/{rel}","templated":true}]}}