{"id":694248,"date":"2024-08-17T18:03:33","date_gmt":"2024-08-17T15:03:33","guid":{"rendered":"https:\/\/nbg.eu\/product\/sear-spring-kmr\/"},"modified":"2026-04-16T17:15:13","modified_gmt":"2026-04-16T14:15:13","slug":"sear-spring-kmr","status":"publish","type":"product","link":"https:\/\/nbg.eu\/de\/produkt\/sear-spring-kmr\/","title":{"rendered":"KMR Abzugsstollenfeder"},"content":{"rendered":"<h2>Sear Spring KMR: Pr\u00e4zisionswaffen-R\u00fccksto\u00dfkontrolle<\/h2>\n<p>Einf\u00fchrung des Sear Spring KMR, eines vielseitigen und hochleistungsf\u00e4higen R\u00fccksto\u00dfkontrollsystems, das f\u00fcr eine breite Palette von Waffenplattformen entwickelt wurde.<\/p>\n<p>Aus hochwertigen Materialien gefertigt und sorgf\u00e4ltig konstruiert, kombiniert der Sear Spring KMR fortschrittliche Technologie mit Haltbarkeit, um in den anspruchsvollsten Umgebungen eine zuverl\u00e4ssige Leistung zu gew\u00e4hrleisten. Sein innovatives Design hilft, den R\u00fccksto\u00df zu reduzieren, was eine schnellere Zielerfassung, verbesserte Genauigkeit und geringere Erm\u00fcdung des Benutzers erm\u00f6glicht.<\/p>\n<p>Vielseitig in seiner Anwendung, ist der Sear Spring KMR mit einer Vielzahl von Waffen kompatibel, von Gewehren und Karabinern bis hin zu Pistolen und Schrotflinten. Sein modularer Aufbau erm\u00f6glicht eine nahtlose Integration und sorgt f\u00fcr eine ma\u00dfgeschneiderte Passform f\u00fcr eine optimale Leistung.<\/p>\n<p>F\u00fcr Waffen KMR:<\/p>\n<p>KMR L-02 EMIQ<\/p>\n<p>KMR L-02 EMIQ (OR)<\/p>\n<p>KMR L-02 ORCA AB 2024<\/p>\n<p>KMR L-02 ORCA BIS 2023<\/p>\n<p>KMR L-02 SPECTRA AB 2024<\/p>\n<p>KMR L-02 SPECTRA BIS 2023<\/p>\n<p>KMR L-02 UMBRA (OR) SR<\/p>\n<p>KMR S-01 LANCE (OR)<\/p>\n<p>KMR S-02 AB 2024<\/p>\n<p>KMR S-02 BIS 2023<\/p>\n<p>KMR W-02 CUDA (OR)<\/p>\n<p>KMR W-02 UMBRA<\/p>\n<p>KMR W-02 UMBRA (OR)<\/p>\n","protected":false},"excerpt":{"rendered":"<p>Federdruckfeder f\u00fcr KMR-Waffen, kompatibel mit verschiedenen Modellen.<\/p>\n","protected":false},"featured_media":24827,"template":"","meta":{"_acf_changed":false},"product_brand":[11493],"product_cat":[12075,12057],"product_tag":[],"class_list":{"0":"post-694248","1":"product","2":"type-product","3":"status-publish","4":"has-post-thumbnail","6":"product_brand-kmr-precision","7":"product_cat-federn","8":"product_cat-kmr-teile","10":"first","11":"instock","12":"taxable","13":"shipping-taxable","14":"product-type-simple"},"acf":[],"_links":{"self":[{"href":"https:\/\/nbg.eu\/de\/wp-json\/wp\/v2\/product\/694248","targetHints":{"allow":["GET"]}}],"collection":[{"href":"https:\/\/nbg.eu\/de\/wp-json\/wp\/v2\/product"}],"about":[{"href":"https:\/\/nbg.eu\/de\/wp-json\/wp\/v2\/types\/product"}],"wp:featuredmedia":[{"embeddable":true,"href":"https:\/\/nbg.eu\/de\/wp-json\/wp\/v2\/media\/24827"}],"wp:attachment":[{"href":"https:\/\/nbg.eu\/de\/wp-json\/wp\/v2\/media?parent=694248"}],"wp:term":[{"taxonomy":"product_brand","embeddable":true,"href":"https:\/\/nbg.eu\/de\/wp-json\/wp\/v2\/product_brand?post=694248"},{"taxonomy":"product_cat","embeddable":true,"href":"https:\/\/nbg.eu\/de\/wp-json\/wp\/v2\/product_cat?post=694248"},{"taxonomy":"product_tag","embeddable":true,"href":"https:\/\/nbg.eu\/de\/wp-json\/wp\/v2\/product_tag?post=694248"}],"curies":[{"name":"wp","href":"https:\/\/api.w.org\/{rel}","templated":true}]}}