{"id":694281,"date":"2024-08-16T23:19:01","date_gmt":"2024-08-16T20:19:01","guid":{"rendered":"https:\/\/nbg.eu\/product\/sear-pin-kmr\/"},"modified":"2026-05-13T15:11:28","modified_gmt":"2026-05-13T12:11:28","slug":"sear-pin-kmr","status":"publish","type":"product","link":"https:\/\/nbg.eu\/de\/produkt\/sear-pin-kmr\/","title":{"rendered":"KMR Abzugsstollenstift"},"content":{"rendered":"<h2>Spannhebel f\u00fcr KMR-Pistolen: pr\u00e4ziser Drehpunkt f\u00fcr Abzugskonsistenz<\/h2>\n<p>Der Spannhebel f\u00fcr KMR-Pistolen ist eine entscheidende Komponente, die die Zuverl\u00e4ssigkeit und Konsistenz des Abzugsmechanismus Ihrer Schusswaffe sicherstellt. Gefertigt aus pr\u00e4zise geschliffenem, geh\u00e4rtetem Werkzeugstahl, wird dieses Teil nach strengen KMR-Werkstoleranzwerten hergestellt und bietet eine hervorragende Verschlei\u00dffestigkeit und eine reibungslose, zuverl\u00e4ssige Leistung.<\/p>\n<p>Im Herzen des Spannhebelmechanismus fungiert der Spannhebel als Drehachse, wodurch sich der Spannhebel pr\u00e4zise und konsistent bewegen kann. Die ultra-glatte Oberfl\u00e4che und der exakte Durchmesser dieser Komponente sind entscheidend f\u00fcr die Aufrechterhaltung eines knackigen, vorhersagbaren Abzugsbruchs und eines zuverl\u00e4ssigen R\u00fcckstellens in KMR-Wettbewerbspistolen.<\/p>\n<p>Durch Bereitstellung eines stabilen, hochpr\u00e4zisen Drehpunkts tr\u00e4gt der Spannhebel dazu bei, Abzugsungenauigkeiten zu beseitigen, die Genauigkeit und Leistung beeinflussen k\u00f6nnen. Ob Sie im Wettkampfschiessen engagiert sind oder sich auf Ihre KMR-Pistole f\u00fcr die pers\u00f6nliche Verteidigung verlassen, dieses unverzichtbare Teil tr\u00e4gt dazu bei, einen konsistenten, zuverl\u00e4ssigen Abzug jedes Mal sicherzustellen.<\/p>\n<p>R\u00fcsten Sie Ihre KMR-Pistole mit dem Spannhebel auf und erfahren Sie den Unterschied, den pr\u00e4zise Technik machen kann. Steigern Sie Ihr Schie\u00dfen mit dieser unerl\u00e4sslichen Komponente, die f\u00fcr die ultimative Abzugsleistung ausgelegt ist.<\/p>\n","protected":false},"excerpt":{"rendered":"<p>Pr\u00e4zise Scharnierpunkt-Ausl\u00f6sung, die einen gleichm\u00e4\u00dfigen KMR-Abzug gew\u00e4hrleistet.<\/p>\n","protected":false},"featured_media":23801,"template":"","meta":{"_acf_changed":false},"product_brand":[11493],"product_cat":[12057],"product_tag":[],"class_list":{"0":"post-694281","1":"product","2":"type-product","3":"status-publish","4":"has-post-thumbnail","6":"product_brand-kmr-precision","7":"product_cat-kmr-teile","9":"first","10":"instock","11":"taxable","12":"shipping-taxable","13":"product-type-simple"},"acf":[],"_links":{"self":[{"href":"https:\/\/nbg.eu\/de\/wp-json\/wp\/v2\/product\/694281","targetHints":{"allow":["GET"]}}],"collection":[{"href":"https:\/\/nbg.eu\/de\/wp-json\/wp\/v2\/product"}],"about":[{"href":"https:\/\/nbg.eu\/de\/wp-json\/wp\/v2\/types\/product"}],"wp:featuredmedia":[{"embeddable":true,"href":"https:\/\/nbg.eu\/de\/wp-json\/wp\/v2\/media\/23801"}],"wp:attachment":[{"href":"https:\/\/nbg.eu\/de\/wp-json\/wp\/v2\/media?parent=694281"}],"wp:term":[{"taxonomy":"product_brand","embeddable":true,"href":"https:\/\/nbg.eu\/de\/wp-json\/wp\/v2\/product_brand?post=694281"},{"taxonomy":"product_cat","embeddable":true,"href":"https:\/\/nbg.eu\/de\/wp-json\/wp\/v2\/product_cat?post=694281"},{"taxonomy":"product_tag","embeddable":true,"href":"https:\/\/nbg.eu\/de\/wp-json\/wp\/v2\/product_tag?post=694281"}],"curies":[{"name":"wp","href":"https:\/\/api.w.org\/{rel}","templated":true}]}}