{"id":694298,"date":"2024-08-18T12:10:09","date_gmt":"2024-08-18T09:10:09","guid":{"rendered":"https:\/\/nbg.eu\/product\/sear-kmr\/"},"modified":"2026-05-13T15:10:50","modified_gmt":"2026-05-13T12:10:50","slug":"sear-kmr","status":"publish","type":"product","link":"https:\/\/nbg.eu\/de\/produkt\/sear-kmr\/","title":{"rendered":"KMR Abzugsstollen"},"content":{"rendered":"<h2>KMR Pr\u00e4zisions-Abzugshebel<\/h2>\n<p>Der KMR-Abzugshebel ist eine Kernkomponente des Z\u00fcndungssystems, die f\u00fcr diejenigen, die die h\u00f6chste Leistung des Abzugs fordern, entwickelt wurde. Als prim\u00e4res Glied im Z\u00fcndungssystem h\u00e4lt der Abzugshebel den Hahn bis zum exakten Zeitpunkt der Schussausl\u00f6sung zur\u00fcck. Dieses Original-KMR-Teil ist so konstruiert, dass es den sauberen, &#8222;glasstab\u00e4hnlichen&#8220; Bruch bietet, der zum Markenzeichen von KMR geworden ist.<\/p>\n<h3>Wettkampfw\u00fcrdige Z\u00fcndung<\/h3>\n<p>Die Geometrie des KMR-Abzugshebels ist \u00e4u\u00dferst genau berechnet, um Schleppweg und \u00dcberreisen zu minimieren. Durch die Verwendung hochfesten, geh\u00e4rteten Stahls stellt KMR sicher, dass die Kontaktkanten \u00fcber Hunderttausende von Zyklen hinweg scharf und konstant bleiben. Egal, ob Sie ein Wettkampf-Spezialmodell bauen oder Ihre Waffe auf Werksleistung bringen wollen, dieser Abzugshebel ist der Schl\u00fcssel zu einem wiederholbaren und sicheren Abzug.<\/p>\n<h3>Technische Spezifikationen:<\/h3>\n<ul>\n<li><strong>Hochlegierter, geh\u00e4rteter Stahl:<\/strong> Geschmiedet f\u00fcr extreme Haltbarkeit und Best\u00e4ndigkeit gegen Oberfl\u00e4chenverschlei\u00df an den Kontaktpunkten.<\/li>\n<li><strong>Pr\u00e4zise Bearbeitung:<\/strong> Hergestellt mit h\u00f6chster Pr\u00e4zision, um eine perfekte Verbindung mit den Hahnarmen zu gew\u00e4hrleisten.<\/li>\n<li><strong>Optimierte R\u00fcckstellgeometrie:<\/strong> Entwickelt, um einen kurzen, pr\u00e4zisen R\u00fcckhub f\u00fcr schnellere Folgsch\u00fcsse in dynamischen Schie\u00dfsituationen zu erm\u00f6glichen.<\/li>\n<li><strong>Universelle KMR-Passgenauigkeit:<\/strong> Kompatibel mit den KMR L-02- und W-02-Serienrahmen.<\/li>\n<\/ul>\n<h3>Wichtige Vorteile:<\/h3>\n<ul>\n<li><strong>Beseitigung von Abzugswegspiel:<\/strong> Bietet einen knackigen, sofortigen Abzug, der die Genauigkeit durch Reduzierung der M\u00f6glichkeit eines Fehlschusses verbessert.<\/li>\n<li><strong>Erh\u00f6hte Sicherheit:<\/strong> Pr\u00e4zise geschliffene Oberfl\u00e4chen gew\u00e4hrleisten einen sicheren Hahnarretierer, der auch bei starker Beanspruchung die mechanische Sicherheit aufrechterh\u00e4lt.<\/li>\n<li><strong>Einbauqualit\u00e4t:<\/strong> Obwohl eine Anpassung durch einen B\u00fcchsenmacher f\u00fcr die beste Ausl\u00f6sung empfohlen wird, bietet dieses Original-Ersatzteil die zuverl\u00e4ssigste Grundlage f\u00fcr eine professionelle Abzugsarbeit.<\/li>\n<\/ul>\n<p><em><strong>Hinweis:<\/strong> Da der Abzugshebel eine kritische Sicherheitskomponente ist, empfiehlt KMR, dass der Einbau und jegliches anschlie\u00dfende Schleifen von einem qualifizierten B\u00fcchsenmacher durchgef\u00fchrt werden, um eine korrekte Abzugshebel-Hahn-Verbindung sicherzustellen.<\/em><\/p>\n","protected":false},"excerpt":{"rendered":"<p>1110-00106-0401<\/p>\n","protected":false},"featured_media":25798,"template":"","meta":{"_acf_changed":false},"product_brand":[11493],"product_cat":[12057],"product_tag":[],"class_list":{"0":"post-694298","1":"product","2":"type-product","3":"status-publish","4":"has-post-thumbnail","6":"product_brand-kmr-precision","7":"product_cat-kmr-teile","9":"first","10":"instock","11":"taxable","12":"shipping-taxable","13":"product-type-simple"},"acf":[],"_links":{"self":[{"href":"https:\/\/nbg.eu\/de\/wp-json\/wp\/v2\/product\/694298","targetHints":{"allow":["GET"]}}],"collection":[{"href":"https:\/\/nbg.eu\/de\/wp-json\/wp\/v2\/product"}],"about":[{"href":"https:\/\/nbg.eu\/de\/wp-json\/wp\/v2\/types\/product"}],"wp:featuredmedia":[{"embeddable":true,"href":"https:\/\/nbg.eu\/de\/wp-json\/wp\/v2\/media\/25798"}],"wp:attachment":[{"href":"https:\/\/nbg.eu\/de\/wp-json\/wp\/v2\/media?parent=694298"}],"wp:term":[{"taxonomy":"product_brand","embeddable":true,"href":"https:\/\/nbg.eu\/de\/wp-json\/wp\/v2\/product_brand?post=694298"},{"taxonomy":"product_cat","embeddable":true,"href":"https:\/\/nbg.eu\/de\/wp-json\/wp\/v2\/product_cat?post=694298"},{"taxonomy":"product_tag","embeddable":true,"href":"https:\/\/nbg.eu\/de\/wp-json\/wp\/v2\/product_tag?post=694298"}],"curies":[{"name":"wp","href":"https:\/\/api.w.org\/{rel}","templated":true}]}}