{"id":694422,"date":"2024-09-16T12:21:06","date_gmt":"2024-09-16T09:21:06","guid":{"rendered":"https:\/\/nbg.eu\/product\/slide-stop-spring-pin-kmr\/"},"modified":"2026-05-13T16:40:28","modified_gmt":"2026-05-13T13:40:28","slug":"slide-stop-spring-pin-kmr","status":"publish","type":"product","link":"https:\/\/nbg.eu\/de\/produkt\/slide-stop-spring-pin-kmr\/","title":{"rendered":"KMR Stift der Verschlussfanghebelfeder Centerfire"},"content":{"rendered":"<h2>SCHIEBESTOPPFEDER-STIFT KMR Centerfire<\/h2>\n<p>Verbessern Sie die Leistung Ihrer Waffe mit dem SCHIEBESTOPPFEDER-STIFT KMR Centerfire, der f\u00fcr eine nahtlose Kompatibilit\u00e4t mit einer Vielzahl von Waffenmodellen entwickelt wurde. Diese pr\u00e4zisionsgefertigte Komponente sorgt f\u00fcr einen reibungslosen und zuverl\u00e4ssigen Betrieb und verbessert Ihr Schusserlebnis. Mit \u00e4u\u00dferster Sorgfalt gefertigt, ist der SCHIEBESTOPPFEDER-STIFT KMR Centerfire ein unverzichtbares Zubeh\u00f6r f\u00fcr Waffenliebhaber, die die Funktionalit\u00e4t ihrer Feuerwaffe optimieren m\u00f6chten.<\/p>\n<p>Pr\u00e4zisionskonstruktion: Mit \u00e4u\u00dferster Sorgfalt gefertigt, ist der SCHIEBESTOPPFEDER-STIFT KMR Centerfire so konzipiert, dass er eine nahtlose und zuverl\u00e4ssige Leistung bietet und daf\u00fcr sorgt, dass Ihre Waffe ihre H\u00f6chstleistung erbringt. Seine sorgf\u00e4ltige Konstruktion und hochwertigen Materialien machen ihn zu einer vertrauensw\u00fcrdigen Wahl unter Waffenliebhabern.<\/p>\n<p>Verbessern Sie Ihr Schusserlebnis: R\u00fcsten Sie Ihre Centerfire-Waffe mit dem SCHIEBESTOPPFEDER-STIFT KMR Centerfire auf und erleben Sie den Unterschied in Ihrer Schussleistung. Dieses Zubeh\u00f6r ist eine unverzichtbare Erg\u00e4nzung f\u00fcr das Arsenal jedes Waffenliebhabers und bietet verbesserte Funktionalit\u00e4t und Zuverl\u00e4ssigkeit.<\/p>\n","protected":false},"excerpt":{"rendered":"<p>GLEITLAGER-STOPP-FEDERSTIFT f\u00fcr KMR-Waffen.<\/p>\n","protected":false},"featured_media":22339,"template":"","meta":{"_acf_changed":false},"product_brand":[11493],"product_cat":[12075,12057],"product_tag":[],"class_list":{"0":"post-694422","1":"product","2":"type-product","3":"status-publish","4":"has-post-thumbnail","6":"product_brand-kmr-precision","7":"product_cat-federn","8":"product_cat-kmr-teile","10":"first","11":"instock","12":"taxable","13":"shipping-taxable","14":"product-type-simple"},"acf":[],"_links":{"self":[{"href":"https:\/\/nbg.eu\/de\/wp-json\/wp\/v2\/product\/694422","targetHints":{"allow":["GET"]}}],"collection":[{"href":"https:\/\/nbg.eu\/de\/wp-json\/wp\/v2\/product"}],"about":[{"href":"https:\/\/nbg.eu\/de\/wp-json\/wp\/v2\/types\/product"}],"wp:featuredmedia":[{"embeddable":true,"href":"https:\/\/nbg.eu\/de\/wp-json\/wp\/v2\/media\/22339"}],"wp:attachment":[{"href":"https:\/\/nbg.eu\/de\/wp-json\/wp\/v2\/media?parent=694422"}],"wp:term":[{"taxonomy":"product_brand","embeddable":true,"href":"https:\/\/nbg.eu\/de\/wp-json\/wp\/v2\/product_brand?post=694422"},{"taxonomy":"product_cat","embeddable":true,"href":"https:\/\/nbg.eu\/de\/wp-json\/wp\/v2\/product_cat?post=694422"},{"taxonomy":"product_tag","embeddable":true,"href":"https:\/\/nbg.eu\/de\/wp-json\/wp\/v2\/product_tag?post=694422"}],"curies":[{"name":"wp","href":"https:\/\/api.w.org\/{rel}","templated":true}]}}