{"id":694456,"date":"2024-09-16T14:36:57","date_gmt":"2024-09-16T11:36:57","guid":{"rendered":"https:\/\/nbg.eu\/product\/slide-stop-27-kmr\/"},"modified":"2026-02-02T18:40:59","modified_gmt":"2026-02-02T15:40:59","slug":"slide-stop-27-kmr","status":"publish","type":"product","link":"https:\/\/nbg.eu\/de\/produkt\/slide-stop-27-kmr\/","title":{"rendered":"Schlie\u00dfhebel 27 KMR"},"content":{"rendered":"<h2>SLIDE STOP 27 KMR &#8211; Zuverl\u00e4ssige Waffensicherheit und Nachf\u00fcllungsanzeige<\/h2>\n<p>Der SLIDE STOP 27 KMR ist ein wesentliches Merkmal, das die Sicherheit und Funktionalit\u00e4t Ihrer Waffe verbessert. Wenn das Magazin leer ist, verriegelt der Magazinhalter automatisch den Verschluss in der hinteren Position und gibt so ein deutliches visuelles Signal, dass das Magazin ausgetauscht werden muss.<\/p>\n<p>Dieses Merkmal erm\u00f6glicht ein nahtloses Nachladen, da der Sch\u00fctze einfach den Verschlusshalter bet\u00e4tigen kann, um den Verschluss freizugeben und die erste Patrone in die Kammer zu laden, sobald ein neues Magazin eingesetzt ist. Der SLIDE STOP 27 KMR fungiert als zuverl\u00e4ssiger Sicherheitsmechanismus und verhindert unbeabsichtigtes Abfeuern, bis das Magazin ordnungsgem\u00e4\u00df gesichert und die Waffe einsatzbereit ist.<\/p>\n<p>Mit Pr\u00e4zision und Sorgfalt gefertigt, ist der SLIDE STOP 27 KMR ein wertvoller Zusatz f\u00fcr jede Waffe und sorgt f\u00fcr ein sichereres und effizienteres Schie\u00dferlebnis. Ob Sie ein erfahrener Sch\u00fctze oder ein Neuling sind, dieses Merkmal wird Ihnen die notwendige Ruhe und Zuversicht auf dem Schie\u00dfstand oder im Gel\u00e4nde geben.<\/p>\n<p>F\u00fcr Waffen KMR<br \/>\nKMR L-02 SPECTRA BIS 2023<br \/>\nKMR W-02 CUDA (OR)<br \/>\nKMR W-02 UMBRA<br \/>\nKMR W-02 UMBRA (OR)<\/p>\n","protected":false},"excerpt":{"rendered":"<p>Schiebesperrenmerkmale verriegeln den Verschluss automatisch, wenn das Magazin leer ist, erm\u00f6glichen das Nachladen von neuer Munition und verhindern versehentliche Entladung.<\/p>\n","protected":false},"featured_media":25867,"template":"","meta":{"_acf_changed":false},"product_brand":[11493],"product_cat":[12057],"product_tag":[],"class_list":{"0":"post-694456","1":"product","2":"type-product","3":"status-publish","4":"has-post-thumbnail","6":"product_brand-kmr-precision","7":"product_cat-kmr-teile","9":"first","10":"instock","11":"taxable","12":"shipping-taxable","13":"product-type-simple"},"acf":[],"_links":{"self":[{"href":"https:\/\/nbg.eu\/de\/wp-json\/wp\/v2\/product\/694456","targetHints":{"allow":["GET"]}}],"collection":[{"href":"https:\/\/nbg.eu\/de\/wp-json\/wp\/v2\/product"}],"about":[{"href":"https:\/\/nbg.eu\/de\/wp-json\/wp\/v2\/types\/product"}],"wp:featuredmedia":[{"embeddable":true,"href":"https:\/\/nbg.eu\/de\/wp-json\/wp\/v2\/media\/25867"}],"wp:attachment":[{"href":"https:\/\/nbg.eu\/de\/wp-json\/wp\/v2\/media?parent=694456"}],"wp:term":[{"taxonomy":"product_brand","embeddable":true,"href":"https:\/\/nbg.eu\/de\/wp-json\/wp\/v2\/product_brand?post=694456"},{"taxonomy":"product_cat","embeddable":true,"href":"https:\/\/nbg.eu\/de\/wp-json\/wp\/v2\/product_cat?post=694456"},{"taxonomy":"product_tag","embeddable":true,"href":"https:\/\/nbg.eu\/de\/wp-json\/wp\/v2\/product_tag?post=694456"}],"curies":[{"name":"wp","href":"https:\/\/api.w.org\/{rel}","templated":true}]}}