{"id":694492,"date":"2024-09-17T22:47:08","date_gmt":"2024-09-17T19:47:08","guid":{"rendered":"https:\/\/nbg.eu\/product\/slide-stop-spring-22-lr-kmr\/"},"modified":"2026-02-13T18:49:52","modified_gmt":"2026-02-13T15:49:52","slug":"slide-stop-spring-22-lr-kmr","status":"publish","type":"product","link":"https:\/\/nbg.eu\/de\/produkt\/slide-stop-spring-22-lr-kmr\/","title":{"rendered":"Schiebestopfeder 22 LR KMR"},"content":{"rendered":"<h2>SLIDE STOP SPRING 22 LR KMR f\u00fcr Waffen KMR<\/h2>\n<p>Entwickelt f\u00fcr den Einsatz mit der KMR-Waffenserie ist der SLIDE STOP SPRING 22 LR KMR ein robustes und zuverl\u00e4ssiges Zubeh\u00f6r, das einen reibungslosen Betrieb und eine verbesserte Funktionalit\u00e4t gew\u00e4hrleistet.<\/p>\n<p>Mit Pr\u00e4zision und Sorgfalt gefertigt, stellt der SLIDE STOP SPRING 22 LR KMR eine zuverl\u00e4ssige Leistung und eine lange Lebensdauer sicher, was ihn zu einem unerl\u00e4sslichen Bestandteil f\u00fcr KMR-Waffenbegeisterte und -Profis macht. Diese Feder ist mit allen KMR-Modellen bis 2023 kompatibel und bietet eine robuste L\u00f6sung f\u00fcr die Wartung und Aufr\u00fcstung Ihrer Schusswaffe.<\/p>\n<p>F\u00fcr Waffen KMR<\/p>\n<p>KMR S-01 LANCE (OR)<\/p>\n<p>KMR S-02 10 (OR) SR ADA<\/p>\n<p>KMR S-02 75 (OR) SR ADA<\/p>\n<p>KMR S-02 SH1 (OR) SR ADA<\/p>\n<p>KMR S-02 SH2 (OR) SR ADA<\/p>\n<p>KMR S-02 TS (OR) SR ADA<\/p>\n<p>KMR S-02 BIS 2023<\/p>\n","protected":false},"excerpt":{"rendered":"<p>Ersatzschlittenr\u00fcckholfeder f\u00fcr KMR-Waffen.<\/p>\n","protected":false},"featured_media":24898,"template":"","meta":{"_acf_changed":false},"product_brand":[11493],"product_cat":[12075,12057],"product_tag":[],"class_list":{"0":"post-694492","1":"product","2":"type-product","3":"status-publish","4":"has-post-thumbnail","6":"product_brand-kmr-precision","7":"product_cat-federn","8":"product_cat-kmr-teile","10":"first","11":"instock","12":"taxable","13":"shipping-taxable","14":"product-type-simple"},"acf":[],"_links":{"self":[{"href":"https:\/\/nbg.eu\/de\/wp-json\/wp\/v2\/product\/694492","targetHints":{"allow":["GET"]}}],"collection":[{"href":"https:\/\/nbg.eu\/de\/wp-json\/wp\/v2\/product"}],"about":[{"href":"https:\/\/nbg.eu\/de\/wp-json\/wp\/v2\/types\/product"}],"wp:featuredmedia":[{"embeddable":true,"href":"https:\/\/nbg.eu\/de\/wp-json\/wp\/v2\/media\/24898"}],"wp:attachment":[{"href":"https:\/\/nbg.eu\/de\/wp-json\/wp\/v2\/media?parent=694492"}],"wp:term":[{"taxonomy":"product_brand","embeddable":true,"href":"https:\/\/nbg.eu\/de\/wp-json\/wp\/v2\/product_brand?post=694492"},{"taxonomy":"product_cat","embeddable":true,"href":"https:\/\/nbg.eu\/de\/wp-json\/wp\/v2\/product_cat?post=694492"},{"taxonomy":"product_tag","embeddable":true,"href":"https:\/\/nbg.eu\/de\/wp-json\/wp\/v2\/product_tag?post=694492"}],"curies":[{"name":"wp","href":"https:\/\/api.w.org\/{rel}","templated":true}]}}