{"id":694645,"date":"2025-03-08T13:35:33","date_gmt":"2025-03-08T10:35:33","guid":{"rendered":"https:\/\/nbg.eu\/product\/the-creapeiron-elysien-pistol\/"},"modified":"2026-05-13T16:02:28","modified_gmt":"2026-05-13T13:02:28","slug":"the-creapeiron-elysien-pistol","status":"publish","type":"product","link":"https:\/\/nbg.eu\/de\/produkt\/the-creapeiron-elysien-pistol\/","title":{"rendered":"The Cr\u00e9apeiron Elysien Pistol"},"content":{"rendered":"<div class=\"product-description\">\n<h2>Cr\u00e9apeiron Elysien-Pistole<\/h2>\n<p>Hier stellen wir Ihnen die Cr\u00e9apeiron Elysien vor, eine revolution\u00e4re Pistole, die modernste Technologie mit exquisiter Verarbeitung kombiniert. Diese au\u00dfergew\u00f6hnliche Schusswaffe ist nicht nur ein Werkzeug, sondern ein Kunstwerk, das f\u00fcr Spitzenleistung und unerreichte Pr\u00e4zision konzipiert wurde.<\/p>\n<h2>Technische Spezifikationen:<\/h2>\n<ul>\n<li>Kaliber: 9 x 19 (19 Patronen)<\/li>\n<li>Laufl\u00e4nge: 125 mm<\/li>\n<li>Abmessungen (H x B x L): 148 x 25\/35 x 223 mm<\/li>\n<li>Gewicht: 1150 g (ohne Magazin), 1260 g (mit leerem Magazin)<\/li>\n<li>Visierradius: 160 mm<\/li>\n<li>Abzugsgewicht: 10-15 N SAO<\/li>\n<li>R\u00fcckstellweg: 2,5 &#8211; 3,5 mm<\/li>\n<li>Gesamtverpackungsgewicht: 6000 g<\/li>\n<\/ul>\n<h2>Unvergleichliche Merkmale:<\/h2>\n<ol>\n<li><strong>Komplett aus Stahl gefertigt:<\/strong> Vollst\u00e4ndig aus Stahl hergestellt, f\u00fcr Haltbarkeit und Langlebigkeit.<\/li>\n<li><strong>Dreieckiger selbstverriegelnder (TSL) Lauf:<\/strong> Ein einzigartiges dreieckiges Au\u00dfenprofil, das Stabilit\u00e4t und Leistung verbessert.<\/li>\n<li><strong>Pr\u00e4zisionstechnik:<\/strong> \u00c4u\u00dferst enge Fertigungstoleranzen f\u00fcr \u00fcberlegene Genauigkeit und Zuverl\u00e4ssigkeit.<\/li>\n<li><strong>Ergonomisches Design:<\/strong> Niedriger Laufachsenversatz und 108-Grad-Griffwinkel f\u00fcr bessere Kontrolle und h\u00f6heren Griff.<\/li>\n<li><strong>Magnetischer Abzugsregler (MTR):<\/strong> Anpassbarer Abzugsweg mit einem genialen magnetischen Einstellsystem.<\/li>\n<li><strong>M-Griffe (Magnetische Griffe):<\/strong> Werkzeugfreie, austauschbare Griffe mit einem faszinierenden fraktalgeinspirierten Motiv.<\/li>\n<li><strong>Vielseitige Visieroptionen:<\/strong> Faseroptikvordersight, verstellbare Kimme und Kompatibilit\u00e4t mit Micro-Rotpunkt-Visieren.<\/li>\n<\/ol>\n<h2>Sicherheitsmerkmale:<\/h2>\n<ul>\n<li>Manueller Sicherungshebel<\/li>\n<li>Sicherungskerbe am Hahn<\/li>\n<li>Abzugssperre<\/li>\n<\/ul>\n<h2>Wettkampfbereit:<\/h2>\n<p>Die Cr\u00e9apeiron Elysien ist f\u00fcr den Wettkampfsport konzipiert und passt in die Kategorien IPSC STANDARD, STANDARD OPTICS und OPEN.<\/p>\n<\/div>\n","protected":false},"excerpt":{"rendered":"<p>Kontaktieren Sie den Kundendienst f\u00fcr Anfragen<\/p>\n","protected":false},"featured_media":251154,"template":"","meta":{"_acf_changed":false},"product_brand":[11247],"product_cat":[12060,12077,12106,14996],"product_tag":[],"class_list":{"0":"post-694645","1":"product","2":"type-product","3":"status-publish","4":"has-post-thumbnail","6":"product_brand-creapeiron","7":"product_cat-lizenziert","8":"product_cat-pistole","9":"product_cat-pistolen","10":"product_cat-semi-automatic-pistols-de","12":"first","13":"outofstock","14":"taxable","15":"shipping-taxable","16":"product-type-simple"},"acf":[],"_links":{"self":[{"href":"https:\/\/nbg.eu\/de\/wp-json\/wp\/v2\/product\/694645","targetHints":{"allow":["GET"]}}],"collection":[{"href":"https:\/\/nbg.eu\/de\/wp-json\/wp\/v2\/product"}],"about":[{"href":"https:\/\/nbg.eu\/de\/wp-json\/wp\/v2\/types\/product"}],"wp:featuredmedia":[{"embeddable":true,"href":"https:\/\/nbg.eu\/de\/wp-json\/wp\/v2\/media\/251154"}],"wp:attachment":[{"href":"https:\/\/nbg.eu\/de\/wp-json\/wp\/v2\/media?parent=694645"}],"wp:term":[{"taxonomy":"product_brand","embeddable":true,"href":"https:\/\/nbg.eu\/de\/wp-json\/wp\/v2\/product_brand?post=694645"},{"taxonomy":"product_cat","embeddable":true,"href":"https:\/\/nbg.eu\/de\/wp-json\/wp\/v2\/product_cat?post=694645"},{"taxonomy":"product_tag","embeddable":true,"href":"https:\/\/nbg.eu\/de\/wp-json\/wp\/v2\/product_tag?post=694645"}],"curies":[{"name":"wp","href":"https:\/\/api.w.org\/{rel}","templated":true}]}}