{"id":694718,"date":"2024-08-17T15:43:53","date_gmt":"2024-08-17T12:43:53","guid":{"rendered":"https:\/\/nbg.eu\/product\/thumbrest-4-48-alu-black-kmr\/"},"modified":"2026-05-13T16:03:17","modified_gmt":"2026-05-13T13:03:17","slug":"thumbrest-4-48-alu-black-kmr","status":"publish","type":"product","link":"https:\/\/nbg.eu\/de\/produkt\/thumbrest-4-48-alu-black-kmr\/","title":{"rendered":"KMR Daumenauflage 4-48\u00b0 ALU Schwarz f\u00fcr Orca 2023"},"content":{"rendered":"<h2>DAUMENAUFLAGE 4-48\u00b0 ALU SCHWARZ KMR<\/h2>\n<p>Verbessern Sie Ihr Schie\u00dferlebnis mit der DAUMENAUFLAGE 4-48\u00b0 ALU SCHWARZ KMR. Dieses innovative Zubeh\u00f6r bietet einen komfortablen und stabilen Griff an Ihrer Waffe, was Ihnen eine bessere Kontrolle und Genauigkeit beim Schie\u00dfen erm\u00f6glicht.<\/p>\n<p>Entwickelt f\u00fcr den Einsatz mit Waffen KMR, insbesondere dem Modell KMR L-02 ORCA bis 2023, verf\u00fcgt die Daumenauflage \u00fcber einen vielseitigen Winkeleinstellbereich von 4-48\u00b0. Diese Anpassungsf\u00e4higkeit gew\u00e4hrleistet einen individuellen Sitz, der Ihrem pers\u00f6nlichen Schie\u00dfstil und Ihren Pr\u00e4ferenzen gerecht wird.<\/p>\n<p>Verbessern Sie Ihre Schie\u00dfleistung und erh\u00f6hen Sie Ihre Kontrolle mit der DAUMENAUFLAGE 4-48\u00b0 ALU SCHWARZ KMR. Heben Sie Ihr Schie\u00dferlebnis auf ein neues Level.<\/p>\n","protected":false},"excerpt":{"rendered":"<p>Der komfortable Griff, die stabilisierte Waffe und die bessere Kontrolle f\u00fcr das KMR L-02 ORCA.<\/p>\n","protected":false},"featured_media":24246,"template":"","meta":{"_acf_changed":false},"product_brand":[11493],"product_cat":[12057],"product_tag":[],"class_list":{"0":"post-694718","1":"product","2":"type-product","3":"status-publish","4":"has-post-thumbnail","6":"product_brand-kmr-precision","7":"product_cat-kmr-teile","9":"first","10":"instock","11":"taxable","12":"shipping-taxable","13":"product-type-simple"},"acf":[],"_links":{"self":[{"href":"https:\/\/nbg.eu\/de\/wp-json\/wp\/v2\/product\/694718","targetHints":{"allow":["GET"]}}],"collection":[{"href":"https:\/\/nbg.eu\/de\/wp-json\/wp\/v2\/product"}],"about":[{"href":"https:\/\/nbg.eu\/de\/wp-json\/wp\/v2\/types\/product"}],"wp:featuredmedia":[{"embeddable":true,"href":"https:\/\/nbg.eu\/de\/wp-json\/wp\/v2\/media\/24246"}],"wp:attachment":[{"href":"https:\/\/nbg.eu\/de\/wp-json\/wp\/v2\/media?parent=694718"}],"wp:term":[{"taxonomy":"product_brand","embeddable":true,"href":"https:\/\/nbg.eu\/de\/wp-json\/wp\/v2\/product_brand?post=694718"},{"taxonomy":"product_cat","embeddable":true,"href":"https:\/\/nbg.eu\/de\/wp-json\/wp\/v2\/product_cat?post=694718"},{"taxonomy":"product_tag","embeddable":true,"href":"https:\/\/nbg.eu\/de\/wp-json\/wp\/v2\/product_tag?post=694718"}],"curies":[{"name":"wp","href":"https:\/\/api.w.org\/{rel}","templated":true}]}}