{"id":694828,"date":"2024-09-17T08:32:39","date_gmt":"2024-09-17T05:32:39","guid":{"rendered":"https:\/\/nbg.eu\/product\/trigger-bar-sa-da-kmr-w\/"},"modified":"2026-05-13T16:00:54","modified_gmt":"2026-05-13T13:00:54","slug":"trigger-bar-sa-da-kmr-w","status":"publish","type":"product","link":"https:\/\/nbg.eu\/de\/produkt\/trigger-bar-sa-da-kmr-w\/","title":{"rendered":"KMR Abzugsstange SA\/DA W"},"content":{"rendered":"<h2>Abzugstange SA\/DA KMR W<\/h2>\n<p>Eine interne Pistolen-Komponente, die die Abzugsbewegung an den Abzugsmechanismus des KMR W-Modells sowohl im Einzelschuss- als auch im Doppelschuss-Betrieb (SA\/DA) \u00fcbertr\u00e4gt. Diese vielseitige Abzugstange ist f\u00fcr eine nahtlose Integration in die folgenden KMR-Waffenmodelle ausgelegt:<\/p>\n<ul>\n<li>KMR S-01 LANCE (OR)<\/li>\n<li>KMR S-02 AB 2024<\/li>\n<li>KMR S-02 BIS 2023<\/li>\n<li>KMR W-02 CUDA BIS 2023<\/li>\n<li>KMR W-02 UMBRA<\/li>\n<li>KMR W-02 UMBRA (OR)<\/li>\n<\/ul>\n<p>Artikelnummer: 0900-00401-0900.<\/p>\n","protected":false},"excerpt":{"rendered":"<p>Ausl\u00f6ser aktivieren den Abzugsmechanismus bei KMR W-Modellen, SA\/DA.<\/p>\n","protected":false},"featured_media":25521,"template":"","meta":{"_acf_changed":false},"product_brand":[11493],"product_cat":[12057],"product_tag":[],"class_list":{"0":"post-694828","1":"product","2":"type-product","3":"status-publish","4":"has-post-thumbnail","6":"product_brand-kmr-precision","7":"product_cat-kmr-teile","9":"first","10":"instock","11":"taxable","12":"shipping-taxable","13":"product-type-simple"},"acf":[],"_links":{"self":[{"href":"https:\/\/nbg.eu\/de\/wp-json\/wp\/v2\/product\/694828","targetHints":{"allow":["GET"]}}],"collection":[{"href":"https:\/\/nbg.eu\/de\/wp-json\/wp\/v2\/product"}],"about":[{"href":"https:\/\/nbg.eu\/de\/wp-json\/wp\/v2\/types\/product"}],"wp:featuredmedia":[{"embeddable":true,"href":"https:\/\/nbg.eu\/de\/wp-json\/wp\/v2\/media\/25521"}],"wp:attachment":[{"href":"https:\/\/nbg.eu\/de\/wp-json\/wp\/v2\/media?parent=694828"}],"wp:term":[{"taxonomy":"product_brand","embeddable":true,"href":"https:\/\/nbg.eu\/de\/wp-json\/wp\/v2\/product_brand?post=694828"},{"taxonomy":"product_cat","embeddable":true,"href":"https:\/\/nbg.eu\/de\/wp-json\/wp\/v2\/product_cat?post=694828"},{"taxonomy":"product_tag","embeddable":true,"href":"https:\/\/nbg.eu\/de\/wp-json\/wp\/v2\/product_tag?post=694828"}],"curies":[{"name":"wp","href":"https:\/\/api.w.org\/{rel}","templated":true}]}}