{"id":694843,"date":"2024-08-17T17:23:25","date_gmt":"2024-08-17T14:23:25","guid":{"rendered":"https:\/\/nbg.eu\/product\/trigger-bar-spring-kmr\/"},"modified":"2026-02-26T12:13:56","modified_gmt":"2026-02-26T09:13:56","slug":"trigger-bar-spring-kmr","status":"publish","type":"product","link":"https:\/\/nbg.eu\/de\/produkt\/trigger-bar-spring-kmr\/","title":{"rendered":"Ausl\u00f6sestangenfeder KMR"},"content":{"rendered":"<h2>Abzugsfeder KMR f\u00fcr Waffen KMR<\/h2>\n<p>Mit Pr\u00e4zision und Haltbarkeit konstruiert, stellt diese Feder einen glatten und zuverl\u00e4ssigen Abzugsbetrieb f\u00fcr diese fortschrittlichen Waffensysteme sicher. Ihre robuste Konstruktion und sorgf\u00e4ltige Gestaltung liefern eine konsistente Leistung, selbst in den anspruchsvollsten Umgebungen.<\/p>\n<p>Egal, ob Sie Sch\u00fctze oder leidenschaftlicher Enthusiast sind, dieses Teil ist ein unerl\u00e4sslicher Ersatzteil, um die optimale Funktionalit\u00e4t Ihrer KMR-Waffen zu erhalten. Investieren Sie in diese hochwertige Komponente, um Ihre Feuerwaffen in Spitzenleistung zu halten.<\/p>\n<p>F\u00fcr Waffen KMR:<\/p>\n<p>KMR L-02 SPECTRA AB 2024<\/p>\n<p>KMR L-02 SPECTRA BIS 2023<\/p>\n<p>KMR L-02 UMBRA (OR) SR<\/p>\n<p>KMR S-01 LANCE (OR)<\/p>\n<p>KMR S-02 AB 2024<\/p>\n<p>KMR S-02 BIS 2023<\/p>\n<p>KMR W-02 CUDA (OR)<\/p>\n<p>KMR W-02 UMBRA<\/p>\n<p>KMR W-02 UMBRA (OR)<\/p>\n","protected":false},"excerpt":{"rendered":"<p>Federdruckfeder f\u00fcr KMR-Modelle.<\/p>\n","protected":false},"featured_media":24639,"template":"","meta":{"_acf_changed":false},"product_brand":[11493],"product_cat":[12075,12057],"product_tag":[],"class_list":{"0":"post-694843","1":"product","2":"type-product","3":"status-publish","4":"has-post-thumbnail","6":"product_brand-kmr-precision","7":"product_cat-federn","8":"product_cat-kmr-teile","10":"first","11":"instock","12":"taxable","13":"shipping-taxable","14":"product-type-simple"},"acf":[],"_links":{"self":[{"href":"https:\/\/nbg.eu\/de\/wp-json\/wp\/v2\/product\/694843","targetHints":{"allow":["GET"]}}],"collection":[{"href":"https:\/\/nbg.eu\/de\/wp-json\/wp\/v2\/product"}],"about":[{"href":"https:\/\/nbg.eu\/de\/wp-json\/wp\/v2\/types\/product"}],"wp:featuredmedia":[{"embeddable":true,"href":"https:\/\/nbg.eu\/de\/wp-json\/wp\/v2\/media\/24639"}],"wp:attachment":[{"href":"https:\/\/nbg.eu\/de\/wp-json\/wp\/v2\/media?parent=694843"}],"wp:term":[{"taxonomy":"product_brand","embeddable":true,"href":"https:\/\/nbg.eu\/de\/wp-json\/wp\/v2\/product_brand?post=694843"},{"taxonomy":"product_cat","embeddable":true,"href":"https:\/\/nbg.eu\/de\/wp-json\/wp\/v2\/product_cat?post=694843"},{"taxonomy":"product_tag","embeddable":true,"href":"https:\/\/nbg.eu\/de\/wp-json\/wp\/v2\/product_tag?post=694843"}],"curies":[{"name":"wp","href":"https:\/\/api.w.org\/{rel}","templated":true}]}}