{"id":694874,"date":"2025-03-09T15:43:31","date_gmt":"2025-03-09T12:43:31","guid":{"rendered":"https:\/\/nbg.eu\/product\/blue-force-gear-trauma-kit-now-medium-medical-supplies\/"},"modified":"2026-05-13T16:43:13","modified_gmt":"2026-05-13T13:43:13","slug":"blue-force-gear-trauma-kit-now-medium-medical-supplies","status":"publish","type":"product","link":"https:\/\/nbg.eu\/de\/produkt\/blue-force-gear-trauma-kit-now-medium-medical-supplies\/","title":{"rendered":"Blue Force Gear Trauma Kit NOW! Medium Medical Supplies"},"content":{"rendered":"<h2>Blue Force Gear Trauma Kit NOW! (Medium)<\/h2>\n<p>Schnell auf lebensrettende medizinische Ausr\u00fcstung zugreifen mit dem Blue Force Gear Trauma Kit NOW! (Medium). Mit einem Griff f\u00fcr hohe Geschwindigkeit und Einh\u00e4ndigbedienung entwickelt, ist dieses Kit f\u00fcr medizinische &#8222;Sofortma\u00dfnahmen&#8220; ausgelegt. Das Zuggriff-Design erm\u00f6glicht das Entfalten des gesamten medizinischen Einsatzes mit einer einzigen Bewegung von jeder Hand, sodass lebenswichtige Produkte wie Tourniquets, Brustverschl\u00fcsse und h\u00e4mostatische Mittel in Sekunden zur Verf\u00fcgung stehen, wenn jede Minute z\u00e4hlt.<\/p>\n<p>Gefertigt mit BLIP (Ballistic Line Integrated Pull) Griff-Technologie, Helium Whisper Befestigungssystem und MIL-SPEC 500D Cordura-Konstruktion, ist das Trauma Kit NOW! (Medium) eine robuste und zuverl\u00e4ssige L\u00f6sung f\u00fcr Ihre medizinischen Vorbereitungsbed\u00fcrfnisse. Sein zweiteiliges Design mit einer \u00e4u\u00dferen Tasche und einem herausnehmbaren inneren Tr\u00e4ger bietet Vielseitigkeit und \u00dcbersichtlichkeit, damit Sie f\u00fcr jede Notlage bereit sind.<\/p>\n","protected":false},"excerpt":{"rendered":"<p>Schneller Zugriff Erste-Hilfe-Set mit lebenswichtiger Ausr\u00fcstung.<\/p>\n","protected":false},"featured_media":251682,"template":"","meta":{"_acf_changed":false},"product_brand":[11129],"product_cat":[12064],"product_tag":[],"class_list":{"0":"post-694874","1":"product","2":"type-product","3":"status-publish","4":"has-post-thumbnail","6":"product_brand-blue-force-gear","7":"product_cat-medizinisch","9":"first","10":"instock","11":"taxable","12":"shipping-taxable","13":"purchasable","14":"product-type-variable","15":"wvs-archive-product-wrapper"},"acf":[],"_links":{"self":[{"href":"https:\/\/nbg.eu\/de\/wp-json\/wp\/v2\/product\/694874","targetHints":{"allow":["GET"]}}],"collection":[{"href":"https:\/\/nbg.eu\/de\/wp-json\/wp\/v2\/product"}],"about":[{"href":"https:\/\/nbg.eu\/de\/wp-json\/wp\/v2\/types\/product"}],"wp:featuredmedia":[{"embeddable":true,"href":"https:\/\/nbg.eu\/de\/wp-json\/wp\/v2\/media\/251682"}],"wp:attachment":[{"href":"https:\/\/nbg.eu\/de\/wp-json\/wp\/v2\/media?parent=694874"}],"wp:term":[{"taxonomy":"product_brand","embeddable":true,"href":"https:\/\/nbg.eu\/de\/wp-json\/wp\/v2\/product_brand?post=694874"},{"taxonomy":"product_cat","embeddable":true,"href":"https:\/\/nbg.eu\/de\/wp-json\/wp\/v2\/product_cat?post=694874"},{"taxonomy":"product_tag","embeddable":true,"href":"https:\/\/nbg.eu\/de\/wp-json\/wp\/v2\/product_tag?post=694874"}],"curies":[{"name":"wp","href":"https:\/\/api.w.org\/{rel}","templated":true}]}}