{"id":694931,"date":"2024-08-18T11:20:42","date_gmt":"2024-08-18T08:20:42","guid":{"rendered":"https:\/\/nbg.eu\/product\/trigger-bar-sa-da-kmr-l\/"},"modified":"2026-05-13T16:02:50","modified_gmt":"2026-05-13T13:02:50","slug":"trigger-bar-sa-da-kmr-l","status":"publish","type":"product","link":"https:\/\/nbg.eu\/de\/produkt\/trigger-bar-sa-da-kmr-l\/","title":{"rendered":"KMR Abzugsstange SA\/DA L"},"content":{"rendered":"<h2>Abzugsb\u00fcgel SA\/DA KMR L<\/h2>\n<p>Der Abzugsb\u00fcgel SA\/DA KMR L ist eine wesentliche interne Komponente f\u00fcr das KMR L-Modell, die sowohl den Einzelschuss- (SA) als auch den Doppelschuss-Betrieb (DA) erm\u00f6glicht. Diese Komponente \u00fcbertr\u00e4gt die Bewegung des Abzugs auf den Schlagmechanismus und gew\u00e4hrleistet so einen zuverl\u00e4ssigen und pr\u00e4zisen Schuss in beiden Modi.<\/p>\n<p>F\u00fcr Waffen KMR:<\/p>\n<p>KMR L-02 SPECTRA AB 2024<\/p>\n<p>KMR L-02 SPECTRA BIS 2023<\/p>\n<p>KMR L-02 UMBRA AB 2024<\/p>\n<p>KMR L-02 UMBRA BIS 2023<\/p>\n","protected":false},"excerpt":{"rendered":"<p>\u00dcbertr\u00e4gt die Bewegung in SA\/DA f\u00fcr KMR L-Modelle ausl\u00f6sen<\/p>\n","protected":false},"featured_media":25544,"template":"","meta":{"_acf_changed":false},"product_brand":[11493],"product_cat":[12057],"product_tag":[],"class_list":{"0":"post-694931","1":"product","2":"type-product","3":"status-publish","4":"has-post-thumbnail","6":"product_brand-kmr-precision","7":"product_cat-kmr-teile","9":"first","10":"instock","11":"taxable","12":"shipping-taxable","13":"product-type-simple"},"acf":[],"_links":{"self":[{"href":"https:\/\/nbg.eu\/de\/wp-json\/wp\/v2\/product\/694931","targetHints":{"allow":["GET"]}}],"collection":[{"href":"https:\/\/nbg.eu\/de\/wp-json\/wp\/v2\/product"}],"about":[{"href":"https:\/\/nbg.eu\/de\/wp-json\/wp\/v2\/types\/product"}],"wp:featuredmedia":[{"embeddable":true,"href":"https:\/\/nbg.eu\/de\/wp-json\/wp\/v2\/media\/25544"}],"wp:attachment":[{"href":"https:\/\/nbg.eu\/de\/wp-json\/wp\/v2\/media?parent=694931"}],"wp:term":[{"taxonomy":"product_brand","embeddable":true,"href":"https:\/\/nbg.eu\/de\/wp-json\/wp\/v2\/product_brand?post=694931"},{"taxonomy":"product_cat","embeddable":true,"href":"https:\/\/nbg.eu\/de\/wp-json\/wp\/v2\/product_cat?post=694931"},{"taxonomy":"product_tag","embeddable":true,"href":"https:\/\/nbg.eu\/de\/wp-json\/wp\/v2\/product_tag?post=694931"}],"curies":[{"name":"wp","href":"https:\/\/api.w.org\/{rel}","templated":true}]}}