{"id":696288,"date":"2025-12-22T17:18:06","date_gmt":"2025-12-22T14:18:06","guid":{"rendered":"https:\/\/nbg.eu\/product\/atlas-duffel-bag\/"},"modified":"2026-04-15T14:21:54","modified_gmt":"2026-04-15T11:21:54","slug":"atlas-duffel-bag","status":"publish","type":"product","link":"https:\/\/nbg.eu\/de\/produkt\/atlas-duffel-bag\/","title":{"rendered":"Eberlestock Reisetasche Atlas"},"content":{"rendered":"<h2>Der Atlas Duffel: Dein Gep\u00e4ck in Stil und Leichtigkeit transportieren<\/h2>\n<p>Der Atlas Duffel ist der kleine Bruder unseres beliebten Hercules Duffels und bietet all die gleichen Merkmale, die die Leute lieben. Mit einem gro\u00dfen Hauptfach, gepolsterten Trennw\u00e4nden, sechs Au\u00dfentaschen mit Rei\u00dfverschluss und einem hartschaligen Bodenfach darunter ist dieser robuste Reisetasche daf\u00fcr ausgelegt, dein Gep\u00e4ck organisiert und gesch\u00fctzt aufzubewahren.<\/p>\n<p>Mit Hilfe der verschlie\u00dfbaren YKK-Sicherheitsrei\u00dfverschl\u00fcsse stellt der Atlas Duffel sicher, dass deine Sachen auch unter h\u00e4rtesten Bedingungen sicher sind. Die beiliegende Regenh\u00fclle bietet eine zus\u00e4tzliche Schutzschicht, die dein Gep\u00e4ck vor Feuchtigkeit und Staub abschirmt.<\/p>\n<p>Mit beeindruckenden Abmessungen von 29,5H x 16B x 16T, einem Volumen von 5.844 c.i. \/ 95,77 l und einem Gewicht von 12 lbs 12oz bietet der Atlas Duffel ausreichend Platz f\u00fcr all deine Essenzielles. Das 4 Zoll tiefe Bodenfach bietet eine praktische Ablage f\u00fcr Dinge, die du schnell zur Hand haben m\u00f6chtest.<\/p>\n<p>Mit einem hartschaligen Boden und robusten Rollen ist der Atlas Duffel f\u00fcr die Strapazen des Reisens gebaut. Seine Innentaschen und anpassbaren Klettverschlusstrennw\u00e4nde erm\u00f6glichen es dir, die Organisation deinen spezifischen Bed\u00fcrfnissen anzupassen, womit er der perfekte Begleiter f\u00fcr deine Abenteuer ist.<\/p>\n","protected":false},"excerpt":{"rendered":"<p>Der Atlas Duffel ist ein ger\u00e4umiger und vielseitiger Reisetasche mit einer hartschaligen Basis, gepolsterten Unterteilungen und einem Regenschutz f\u00fcr Allwetterschutz.<\/p>\n","protected":false},"featured_media":696356,"template":"","meta":{"_acf_changed":false},"product_brand":[15152],"product_cat":[12047],"product_tag":[],"class_list":{"0":"post-696288","1":"product","2":"type-product","3":"status-publish","4":"has-post-thumbnail","6":"product_brand-eberlestock","7":"product_cat-rangetaschen","9":"first","10":"instock","11":"taxable","12":"shipping-taxable","13":"purchasable","14":"product-type-variable","15":"wvs-archive-product-wrapper"},"acf":[],"_links":{"self":[{"href":"https:\/\/nbg.eu\/de\/wp-json\/wp\/v2\/product\/696288","targetHints":{"allow":["GET"]}}],"collection":[{"href":"https:\/\/nbg.eu\/de\/wp-json\/wp\/v2\/product"}],"about":[{"href":"https:\/\/nbg.eu\/de\/wp-json\/wp\/v2\/types\/product"}],"wp:featuredmedia":[{"embeddable":true,"href":"https:\/\/nbg.eu\/de\/wp-json\/wp\/v2\/media\/696356"}],"wp:attachment":[{"href":"https:\/\/nbg.eu\/de\/wp-json\/wp\/v2\/media?parent=696288"}],"wp:term":[{"taxonomy":"product_brand","embeddable":true,"href":"https:\/\/nbg.eu\/de\/wp-json\/wp\/v2\/product_brand?post=696288"},{"taxonomy":"product_cat","embeddable":true,"href":"https:\/\/nbg.eu\/de\/wp-json\/wp\/v2\/product_cat?post=696288"},{"taxonomy":"product_tag","embeddable":true,"href":"https:\/\/nbg.eu\/de\/wp-json\/wp\/v2\/product_tag?post=696288"}],"curies":[{"name":"wp","href":"https:\/\/api.w.org\/{rel}","templated":true}]}}