{"id":696685,"date":"2025-12-22T15:43:37","date_gmt":"2025-12-22T12:43:37","guid":{"rendered":"https:\/\/nbg.eu\/product\/mission-assault-pack-multicam\/"},"modified":"2026-04-15T14:22:08","modified_gmt":"2026-04-15T11:22:08","slug":"mission-assault-pack-multicam","status":"publish","type":"product","link":"https:\/\/nbg.eu\/de\/produkt\/mission-assault-pack-multicam\/","title":{"rendered":"Eberlestock Sturmrucksack Mission &#8211; Multicam"},"content":{"rendered":"<h2>Mission Einsatzrucksack &#8211; Multicam<\/h2>\n<p>Von Grund auf konstruiert, um in der Reihe zu Hause zu sein, passt der Einsatzrucksack zum Mission-Rahmen f\u00fcr ein kompaktes, lastentragendes System. Mit einer Vielzahl von Organisationsmerkmalen, sicherem und einstellbarem Sitz und schnellem Zugriff auf das Innere h\u00e4lt der Einsatzrucksack Sie auf Kurs. Die M\u00f6glichkeit, \u00fcber das Mission EMOD-System weitere Zubeh\u00f6rteile und Funktionen hinzuzuf\u00fcgen, erweitert die Leistungsf\u00e4higkeit dieses Rucksacks noch weiter.<\/p>\n<p>Mit einem Gewicht von 1 lb 12 oz ist der Einsatzrucksack aus strapazierf\u00e4higem 500D-Ripstop-Material gefertigt und bietet ein gro\u00dfz\u00fcgiges Fassungsverm\u00f6gen von 2.000 Kubikzoll, um Ihre wichtigste Ausr\u00fcstung unterzubringen.<\/p>\n","protected":false},"excerpt":{"rendered":"<p>Vielseitiger, modularer Angriffspack mit Organisationsmerkmalen und EMOD-Kompatibilit\u00e4t.<\/p>\n","protected":false},"featured_media":696724,"template":"","meta":{"_acf_changed":false},"product_brand":[15152],"product_cat":[12051],"product_tag":[],"class_list":{"0":"post-696685","1":"product","2":"type-product","3":"status-publish","4":"has-post-thumbnail","6":"product_brand-eberlestock","7":"product_cat-rucksaecke","9":"first","10":"outofstock","11":"taxable","12":"shipping-taxable","13":"purchasable","14":"product-type-variable","15":"wvs-archive-product-wrapper"},"acf":[],"_links":{"self":[{"href":"https:\/\/nbg.eu\/de\/wp-json\/wp\/v2\/product\/696685","targetHints":{"allow":["GET"]}}],"collection":[{"href":"https:\/\/nbg.eu\/de\/wp-json\/wp\/v2\/product"}],"about":[{"href":"https:\/\/nbg.eu\/de\/wp-json\/wp\/v2\/types\/product"}],"wp:featuredmedia":[{"embeddable":true,"href":"https:\/\/nbg.eu\/de\/wp-json\/wp\/v2\/media\/696724"}],"wp:attachment":[{"href":"https:\/\/nbg.eu\/de\/wp-json\/wp\/v2\/media?parent=696685"}],"wp:term":[{"taxonomy":"product_brand","embeddable":true,"href":"https:\/\/nbg.eu\/de\/wp-json\/wp\/v2\/product_brand?post=696685"},{"taxonomy":"product_cat","embeddable":true,"href":"https:\/\/nbg.eu\/de\/wp-json\/wp\/v2\/product_cat?post=696685"},{"taxonomy":"product_tag","embeddable":true,"href":"https:\/\/nbg.eu\/de\/wp-json\/wp\/v2\/product_tag?post=696685"}],"curies":[{"name":"wp","href":"https:\/\/api.w.org\/{rel}","templated":true}]}}