{"id":697203,"date":"2025-12-22T16:34:07","date_gmt":"2025-12-22T13:34:07","guid":{"rendered":"https:\/\/nbg.eu\/product\/mission-frame-emod-multicam\/"},"modified":"2026-04-15T14:21:58","modified_gmt":"2026-04-15T11:21:58","slug":"mission-frame-emod-multicam","status":"publish","type":"product","link":"https:\/\/nbg.eu\/de\/produkt\/mission-frame-emod-multicam\/","title":{"rendered":"Eberlestock Rahmen Mission EMOD &#8211; Multicam"},"content":{"rendered":"<h2>Mission Frame &#8211; EMOD -Multicam<\/h2>\n<p>Die Grundlage von Mission EMOD, der Mission Frame, bietet einen robusten, modularen und kompakten Ausgangspunkt f\u00fcr Ihre neue Ausr\u00fcstung. Nach unz\u00e4hligen Stunden des Testens und der Entwicklung zusammen mit SOF-Bediensteten aus allen Bereichen wurde dieser Rahmen so konzipiert, dass er nahtlos mit Ihrer Ausr\u00fcstung sowohl auf als auch au\u00dferhalb Ihrer Person funktioniert.<\/p>\n<p>Abmessungen: 2 LB 15 OZ<\/p>\n","protected":false},"excerpt":{"rendered":"<p>Die Mission Frame- EMOD -Multicam: ein robuster, modularer und kompakter Ausgangspunkt f\u00fcr Ihre Ausr\u00fcstung, entwickelt f\u00fcr Spezialeinsatzkr\u00e4fte.<\/p>\n","protected":false},"featured_media":697229,"template":"","meta":{"_acf_changed":false},"product_brand":[15152],"product_cat":[12051],"product_tag":[],"class_list":{"0":"post-697203","1":"product","2":"type-product","3":"status-publish","4":"has-post-thumbnail","6":"product_brand-eberlestock","7":"product_cat-rucksaecke","9":"first","10":"instock","11":"taxable","12":"shipping-taxable","13":"purchasable","14":"product-type-variable","15":"wvs-archive-product-wrapper"},"acf":[],"_links":{"self":[{"href":"https:\/\/nbg.eu\/de\/wp-json\/wp\/v2\/product\/697203","targetHints":{"allow":["GET"]}}],"collection":[{"href":"https:\/\/nbg.eu\/de\/wp-json\/wp\/v2\/product"}],"about":[{"href":"https:\/\/nbg.eu\/de\/wp-json\/wp\/v2\/types\/product"}],"wp:featuredmedia":[{"embeddable":true,"href":"https:\/\/nbg.eu\/de\/wp-json\/wp\/v2\/media\/697229"}],"wp:attachment":[{"href":"https:\/\/nbg.eu\/de\/wp-json\/wp\/v2\/media?parent=697203"}],"wp:term":[{"taxonomy":"product_brand","embeddable":true,"href":"https:\/\/nbg.eu\/de\/wp-json\/wp\/v2\/product_brand?post=697203"},{"taxonomy":"product_cat","embeddable":true,"href":"https:\/\/nbg.eu\/de\/wp-json\/wp\/v2\/product_cat?post=697203"},{"taxonomy":"product_tag","embeddable":true,"href":"https:\/\/nbg.eu\/de\/wp-json\/wp\/v2\/product_tag?post=697203"}],"curies":[{"name":"wp","href":"https:\/\/api.w.org\/{rel}","templated":true}]}}