{"id":697986,"date":"2025-12-22T17:41:31","date_gmt":"2025-12-22T14:41:31","guid":{"rendered":"https:\/\/nbg.eu\/product\/aufstiegsranger-pack\/"},"modified":"2026-01-07T13:14:46","modified_gmt":"2026-01-07T10:14:46","slug":"aufstiegsranger-pack","status":"publish","type":"product","link":"https:\/\/nbg.eu\/de\/produkt\/aufstiegsranger-pack\/","title":{"rendered":"Aufstiegsranger-Pack"},"content":{"rendered":"<h2>UpRanger Pack: Verbessern Sie Ihren 3-Waffen- und Outdoor-Ausr\u00fcstungstransport<\/h2>\n<p>Inspiriert von den Bed\u00fcrfnissen eines Champion-3-Gunners ver\u00e4ndert der UpRanger\u2122-Rucksack das Spiel. Entwickelt, um auf seiner stabilen Polycarbonat-Au\u00dfenseite abgelegt zu werden, kann der Rucksack von der Geschirr-Seite aus ge\u00f6ffnet werden, um schnell an Ihre Ausr\u00fcstung zu gelangen, ohne dass sie unn\u00f6tig abgenutzt oder verschmutzt wird. Egal, ob Sie ihn f\u00fcr den Schie\u00dfstand, als robuste Kameratasche oder f\u00fcr andere Outdoor-Abenteuer verwenden, der UpRanger hat die Kapazit\u00e4t und die Funktionen, um all das zu bew\u00e4ltigen.<\/p>\n<p>Mit einem ger\u00e4umigen Volumen von 3260 Kubikzoll (53,4 L) und einem Gewicht von nur 6,45 Pfund ist der UpRanger ein hochleistungsf\u00e4higer, aber leichter Rucksack. Der gepolsterte, verstellbare Schulterriemen sorgt f\u00fcr einen bequemen Tragekomfort, w\u00e4hrend die konfigurierbaren Trennw\u00e4nde es Ihnen erm\u00f6glichen, die Innenaufteilung an Ihre spezifischen Bed\u00fcrfnisse anzupassen. F\u00fcr zus\u00e4tzlichen Schutz ist der Rucksack mit unserer gro\u00dfen, umkehrbaren Regenh\u00fclle kompatibel, um Ihre Ausr\u00fcstung bei schlechtem Wetter trocken zu halten.<\/p>\n<p>F\u00fcr die ultimative 3-Waffen-Ausstattung k\u00f6nnen Sie den UpRanger mit unseren Sidewinder-Waffenkoffer kombinieren, um eine All-in-One-L\u00f6sung zu erhalten, die Ihre Schusswaffen sicher und leicht zug\u00e4nglich h\u00e4lt. Die abnehmbaren Seitenfl\u00fcgel bieten zus\u00e4tzliche Flexibilit\u00e4t und erm\u00f6glichen es Ihnen, den Rucksack an Ihre individuellen Anforderungen anzupassen.<\/p>\n<p>Heben Sie Ihr Outdoor-Ausr\u00fcstungsmanagement mit dem innovativen UpRanger-Rucksack auf eine neue Ebene und optimieren Sie Ihre Aktivit\u00e4ten durch eine organisierte und gesch\u00fctzte Aufbewahrung Ihrer wichtigsten Ausr\u00fcstung.<\/p>\n","protected":false},"excerpt":{"rendered":"<p>Vielseitiger 3-Gewehr-Rucksack mit Polycarbonatbasis f\u00fcr schnellen, schmutzfreien Zugriff.<\/p>\n","protected":false},"featured_media":696428,"template":"","meta":{"_acf_changed":false},"product_brand":[15152],"product_cat":[12051],"product_tag":[],"class_list":{"0":"post-697986","1":"product","2":"type-product","3":"status-publish","4":"has-post-thumbnail","6":"product_brand-eberlestock","7":"product_cat-rucksaecke","9":"first","10":"instock","11":"taxable","12":"shipping-taxable","13":"purchasable","14":"product-type-variable","15":"wvs-archive-product-wrapper"},"acf":[],"_links":{"self":[{"href":"https:\/\/nbg.eu\/de\/wp-json\/wp\/v2\/product\/697986","targetHints":{"allow":["GET"]}}],"collection":[{"href":"https:\/\/nbg.eu\/de\/wp-json\/wp\/v2\/product"}],"about":[{"href":"https:\/\/nbg.eu\/de\/wp-json\/wp\/v2\/types\/product"}],"wp:featuredmedia":[{"embeddable":true,"href":"https:\/\/nbg.eu\/de\/wp-json\/wp\/v2\/media\/696428"}],"wp:attachment":[{"href":"https:\/\/nbg.eu\/de\/wp-json\/wp\/v2\/media?parent=697986"}],"wp:term":[{"taxonomy":"product_brand","embeddable":true,"href":"https:\/\/nbg.eu\/de\/wp-json\/wp\/v2\/product_brand?post=697986"},{"taxonomy":"product_cat","embeddable":true,"href":"https:\/\/nbg.eu\/de\/wp-json\/wp\/v2\/product_cat?post=697986"},{"taxonomy":"product_tag","embeddable":true,"href":"https:\/\/nbg.eu\/de\/wp-json\/wp\/v2\/product_tag?post=697986"}],"curies":[{"name":"wp","href":"https:\/\/api.w.org\/{rel}","templated":true}]}}