{"id":698727,"date":"2025-12-22T17:51:28","date_gmt":"2025-12-22T14:51:28","guid":{"rendered":"https:\/\/nbg.eu\/product\/lodrag-ii-pack\/"},"modified":"2026-04-15T14:21:43","modified_gmt":"2026-04-15T11:21:43","slug":"lodrag-ii-pack","status":"publish","type":"product","link":"https:\/\/nbg.eu\/de\/produkt\/lodrag-ii-pack\/","title":{"rendered":"Eberlestock Rucksack LoDrag II"},"content":{"rendered":"<h2>X31 LoDrag II\u2122 Taktischer Rucksack<\/h2>\n<p>Entwickelt, um ein hochfunktionaler, leichter taktischer Rucksack zu sein und einen taktischen, waffengro\u00dfen K\u00f6cher zu integrieren, ist der X31 LoDrag II\u2122 ein fester Bestandteil in der Pr\u00e4zisionsgewehrwelt. Im Hauptfach des LoDrag II befindet sich ein wegklappbares Regal, um den oberen und unteren Laderaum zu trennen, sowie ein Hydratationsschlauch f\u00fcr unsere 2L- und 3L-Hydratationssysteme. Die seitlichen Kompressionsriemen verf\u00fcgen \u00fcber HD 25mm Schnellverschl\u00fcsse, um Gegenst\u00e4nde wie Stative, die an der Seite des Rucksacks zusammengedr\u00fcckt sind, schnell zu l\u00f6sen.<\/p>\n<h2>Abmessungen<\/h2>\n<p>Volumen: 2290 c.i. \/ 37,5L<br \/>\nGewicht: 6,85 lbs<br \/>\nAbmessungen: 22,5H x 11B x 11,75T<br \/>\nK\u00f6cherabmessungen: 34&#8243; H x 10&#8243; B x 3T<\/p>\n<h2>Eigenschaften<\/h2>\n<ul>\n<li>Taktischer Waffenk\u00f6cher<\/li>\n<li>Wegklappbares Regal zur Trennung des oberen und unteren Laderaums<\/li>\n<li>Mitgelieferter Regenschutz<\/li>\n<li>Hydratationsschlauch<\/li>\n<\/ul>\n","protected":false},"excerpt":{"rendered":"<p>Leichter taktischer Rucksack mit waffentauglicher Scheide, ausklappbarem Regal und Hydratationsschlauch.<\/p>\n","protected":false},"featured_media":698808,"template":"","meta":{"_acf_changed":false},"product_brand":[15152],"product_cat":[12051],"product_tag":[],"class_list":{"0":"post-698727","1":"product","2":"type-product","3":"status-publish","4":"has-post-thumbnail","6":"product_brand-eberlestock","7":"product_cat-rucksaecke","9":"first","10":"instock","11":"taxable","12":"shipping-taxable","13":"purchasable","14":"product-type-variable","15":"wvs-archive-product-wrapper"},"acf":[],"_links":{"self":[{"href":"https:\/\/nbg.eu\/de\/wp-json\/wp\/v2\/product\/698727","targetHints":{"allow":["GET"]}}],"collection":[{"href":"https:\/\/nbg.eu\/de\/wp-json\/wp\/v2\/product"}],"about":[{"href":"https:\/\/nbg.eu\/de\/wp-json\/wp\/v2\/types\/product"}],"wp:featuredmedia":[{"embeddable":true,"href":"https:\/\/nbg.eu\/de\/wp-json\/wp\/v2\/media\/698808"}],"wp:attachment":[{"href":"https:\/\/nbg.eu\/de\/wp-json\/wp\/v2\/media?parent=698727"}],"wp:term":[{"taxonomy":"product_brand","embeddable":true,"href":"https:\/\/nbg.eu\/de\/wp-json\/wp\/v2\/product_brand?post=698727"},{"taxonomy":"product_cat","embeddable":true,"href":"https:\/\/nbg.eu\/de\/wp-json\/wp\/v2\/product_cat?post=698727"},{"taxonomy":"product_tag","embeddable":true,"href":"https:\/\/nbg.eu\/de\/wp-json\/wp\/v2\/product_tag?post=698727"}],"curies":[{"name":"wp","href":"https:\/\/api.w.org\/{rel}","templated":true}]}}