{"id":699112,"date":"2025-12-22T17:57:48","date_gmt":"2025-12-22T14:57:48","guid":{"rendered":"https:\/\/nbg.eu\/product\/gunslinger-ii-pack\/"},"modified":"2026-04-15T14:21:39","modified_gmt":"2026-04-15T11:21:39","slug":"gunslinger-ii-pack","status":"publish","type":"product","link":"https:\/\/nbg.eu\/de\/produkt\/gunslinger-ii-pack\/","title":{"rendered":"Eberlestock Rucksack G2 Gunslinger II"},"content":{"rendered":"<h2>Gunslinger II\u2122 Taktischer Rucksack<\/h2>\n<p>Der Gunslinger II\u2122 ist ein mittelgro\u00dfer taktischer Rucksack mit einem vollbreitigen Waffenfach, das gr\u00f6\u00dfere Waffen mit gr\u00f6\u00dferem Querschnitt oder volumin\u00f6se Visiere besser aufnehmen kann. Das breite Waffenfach kann auch als hervorragende Aufbewahrung f\u00fcr Laptops oder Milit\u00e4rfunkger\u00e4te dienen. Selbst wenn das Waffenfach zusammengeklappt ist, passt er perfekt f\u00fcr die meisten Kurzwaffen. Der Gunslinger II hat ein Fassungsverm\u00f6gen von 2100 Kubikzoll und ist serienm\u00e4\u00dfig mit unserem r\u00f6hrenf\u00f6rmigen Intex-II\u2122-Rahmensystem, einem voll einstellbaren Schultergurt und einem gepolsterten H\u00fcftgurt ausgestattet.<\/p>\n<h2>Abmessungen<\/h2>\n<p>Rucksackvolumen: 2.100 Kubikzoll \/ 34,41 Liter<br \/>\nWaffenfachvolumen: 600 Kubikzoll<br \/>\n-Gesamtvolumen: 44 Liter \/ 2.700 Kubikzoll<br \/>\n-Gewicht: 6 Pfund und 8 Unzen<br \/>\n-Hauptfachtasche: 22&#8243; H\u00f6he x 10&#8243; Breite x 8&#8243; Tiefe<br \/>\n-Waffenfachabmessungen: 34&#8243; L\u00e4nge x 10&#8243; Breite x 3&#8243; Tiefe, mit einer \u00d6ffnung von 26&#8243; Umfang. Der GSTC-\u00dcberzug erm\u00f6glicht den eingeschlossenen Transport von Waffen bis zu 60&#8243;.<br \/>\n-Tats\u00e4chliches Gewicht: 6,5 Pfund (mit GSTC).<\/p>\n<h2>Merkmale<\/h2>\n<p>Obere Fachtasche<br \/>\n-Belastungspanel<br \/>\n-Trinkflaschenhalter<br \/>\n-Integriertes Waffenfach<br \/>\n-Grapplezugb\u00e4nder<br \/>\n-Obere Kordelverschluss- und vordere Rei\u00dfverschluss\u00f6ffnung<br \/>\n-Intex II Rohrtragegriff<\/p>\n","protected":false},"excerpt":{"rendered":"<p>Der Gunslinger II\u2122 ist ein mittelgro\u00dfer taktischer Rucksack mit einem volllangen K\u00f6cher, um Waffen mit gr\u00f6\u00dferen Querschnitten oder klobigen Optiken besser unterzubringen.<\/p>\n","protected":false},"featured_media":699187,"template":"","meta":{"_acf_changed":false},"product_brand":[15152],"product_cat":[12051],"product_tag":[],"class_list":{"0":"post-699112","1":"product","2":"type-product","3":"status-publish","4":"has-post-thumbnail","6":"product_brand-eberlestock","7":"product_cat-rucksaecke","9":"first","10":"instock","11":"taxable","12":"shipping-taxable","13":"purchasable","14":"product-type-variable","15":"wvs-archive-product-wrapper"},"acf":[],"_links":{"self":[{"href":"https:\/\/nbg.eu\/de\/wp-json\/wp\/v2\/product\/699112","targetHints":{"allow":["GET"]}}],"collection":[{"href":"https:\/\/nbg.eu\/de\/wp-json\/wp\/v2\/product"}],"about":[{"href":"https:\/\/nbg.eu\/de\/wp-json\/wp\/v2\/types\/product"}],"wp:featuredmedia":[{"embeddable":true,"href":"https:\/\/nbg.eu\/de\/wp-json\/wp\/v2\/media\/699187"}],"wp:attachment":[{"href":"https:\/\/nbg.eu\/de\/wp-json\/wp\/v2\/media?parent=699112"}],"wp:term":[{"taxonomy":"product_brand","embeddable":true,"href":"https:\/\/nbg.eu\/de\/wp-json\/wp\/v2\/product_brand?post=699112"},{"taxonomy":"product_cat","embeddable":true,"href":"https:\/\/nbg.eu\/de\/wp-json\/wp\/v2\/product_cat?post=699112"},{"taxonomy":"product_tag","embeddable":true,"href":"https:\/\/nbg.eu\/de\/wp-json\/wp\/v2\/product_tag?post=699112"}],"curies":[{"name":"wp","href":"https:\/\/api.w.org\/{rel}","templated":true}]}}