{"id":701814,"date":"2025-12-23T11:39:12","date_gmt":"2025-12-23T08:39:12","guid":{"rendered":"https:\/\/nbg.eu\/product\/handwaermer\/"},"modified":"2026-04-15T14:21:21","modified_gmt":"2026-04-15T11:21:21","slug":"handwaermer","status":"publish","type":"product","link":"https:\/\/nbg.eu\/de\/produkt\/handwaermer\/","title":{"rendered":"Eberlestock Handw\u00e4rmer Recon"},"content":{"rendered":"<h2>Recon-Handw\u00e4rmer: M\u00fchelose W\u00e4rme f\u00fcr Outdoor-Abenteuer<\/h2>\n<p>Warme H\u00e4nde zu halten, ohne die Bewegungsfreiheit zu beeintr\u00e4chtigen, war noch nie so einfach wie mit dem Recon-Handw\u00e4rmer. Dieses innovative Zubeh\u00f6r l\u00e4sst sich nahtlos am Recon Modular Bino Harness anbringen, sodass Sie eine optimale Handposition f\u00fcr Komfort im Sitzen oder Stehen beibehalten k\u00f6nnen. Der Recon-Handw\u00e4rmer eliminiert die Notwendigkeit sperrender Handschuhe und erm\u00f6glicht Ihnen weiterhin die Ausf\u00fchrung feiner motorischer Aufgaben.<\/p>\n<p>F\u00fcr zus\u00e4tzlichen Komfort verf\u00fcgt der Recon-Handw\u00e4rmer \u00fcber eine vordere Rei\u00dfverschlusstasche, in der Sie zus\u00e4tzliche luftaktivierte Handw\u00e4rmer aufbewahren k\u00f6nnen. Dies erm\u00f6glicht es Ihnen, den Handw\u00e4rmer unabh\u00e4ngig vom Recon Modular Bino Harness zu verwenden und Ihnen eine zuverl\u00e4ssige W\u00e4rmequelle, unabh\u00e4ngig von der Aktivit\u00e4t oder Umgebung, zu bieten. Der mitgelieferte H\u00fcftgurt sorgt f\u00fcr einen sicheren und bequemen Sitz und h\u00e4lt Ihre H\u00e4nde in der perfekten Position f\u00fcr maximale Effizienz und Komfort.<\/p>\n<p>Egal, ob Sie V\u00f6gel beobachten, jagen oder einfach nur die Natur genie\u00dfen, der Recon-Handw\u00e4rmer ist der perfekte Begleiter, um Ihre H\u00e4nde warm und Ihre Finger beweglich zu halten. Erleben Sie den ultimativen Outdoor-Komfort und die Bequemlichkeit mit diesem vielseitigen und innovativen Zubeh\u00f6r.<\/p>\n","protected":false},"excerpt":{"rendered":"<p>Rekonstruierter Handw\u00e4rmer h\u00e4lt die H\u00e4nde warm ohne Handschuhe, befestigt sich am Rekonstruierten Geschirr.<\/p>\n","protected":false},"featured_media":701845,"template":"","meta":{"_acf_changed":false},"product_brand":[15152],"product_cat":[12115],"product_tag":[],"class_list":{"0":"post-701814","1":"product","2":"type-product","3":"status-publish","4":"has-post-thumbnail","6":"product_brand-eberlestock","7":"product_cat-ausruestung","9":"first","10":"instock","11":"taxable","12":"shipping-taxable","13":"purchasable","14":"product-type-variable","15":"wvs-archive-product-wrapper"},"acf":[],"_links":{"self":[{"href":"https:\/\/nbg.eu\/de\/wp-json\/wp\/v2\/product\/701814","targetHints":{"allow":["GET"]}}],"collection":[{"href":"https:\/\/nbg.eu\/de\/wp-json\/wp\/v2\/product"}],"about":[{"href":"https:\/\/nbg.eu\/de\/wp-json\/wp\/v2\/types\/product"}],"wp:featuredmedia":[{"embeddable":true,"href":"https:\/\/nbg.eu\/de\/wp-json\/wp\/v2\/media\/701845"}],"wp:attachment":[{"href":"https:\/\/nbg.eu\/de\/wp-json\/wp\/v2\/media?parent=701814"}],"wp:term":[{"taxonomy":"product_brand","embeddable":true,"href":"https:\/\/nbg.eu\/de\/wp-json\/wp\/v2\/product_brand?post=701814"},{"taxonomy":"product_cat","embeddable":true,"href":"https:\/\/nbg.eu\/de\/wp-json\/wp\/v2\/product_cat?post=701814"},{"taxonomy":"product_tag","embeddable":true,"href":"https:\/\/nbg.eu\/de\/wp-json\/wp\/v2\/product_tag?post=701814"}],"curies":[{"name":"wp","href":"https:\/\/api.w.org\/{rel}","templated":true}]}}