{"id":702151,"date":"2025-12-23T11:44:19","date_gmt":"2025-12-23T08:44:19","guid":{"rendered":"https:\/\/nbg.eu\/product\/bravo-modularer-fernglas-rucksack-gross\/"},"modified":"2026-04-15T14:21:17","modified_gmt":"2026-04-15T11:21:17","slug":"bravo-modularer-fernglas-rucksack-gross","status":"publish","type":"product","link":"https:\/\/nbg.eu\/de\/produkt\/bravo-modularer-fernglas-rucksack-gross\/","title":{"rendered":"Eberlestock Fernglas Rucksack Bravo Modular, Large"},"content":{"rendered":"<h2>Bravo Modular Bino Pack-Gro\u00df: Anpassbare Optik-Tragebox f\u00fcr Ihre Outdoor-Abenteuer<\/h2>\n<p>Konzipiert mit Modularit\u00e4t im Vordergrund ist der BRAVO MODULAR BINO PACK auf einer Brustgeschirr-Plattform aufgebaut, die sich mit einer Reihe von Zubeh\u00f6rteilen an Ihre Bed\u00fcrfnisse anpasst. Es verf\u00fcgt \u00fcber einen magnetischen, frei nach vorne ziehbaren Zugriff auf das Fernglasfach, eine ger\u00e4umige vordere Rei\u00dfverschluss-Tasche und Stretch-Seitentaschen. Interne Fernglas-Halterungen halten Ihre Ferngl\u00e4ser sicher, w\u00e4hrend die flachen, MOLLE-kompatiblen Fl\u00fcgel und ein R\u00fcckenteil Ihnen erm\u00f6glichen, Taschen und Zubeh\u00f6r nahtlos anzubringen.<\/p>\n<p>Gefertigt aus strapazierf\u00e4higem 500D Ripstop-Nylon und N140D-Material bietet der Bravo Modular Bino Pack-Gro\u00df zuverl\u00e4ssige Leistung in der freien Natur. Mit einem Gewicht von nur 14 Unzen liefert dieses vielseitige Paket eine bequeme und anpassbare Trageoption f\u00fcr Ihre Optik und lebenswichtiges Zubeh\u00f6r.<\/p>\n<p>Mit seinen inneren Abmessungen von 9&#8243;H x 5,5&#8243;B x 2,5&#8243;T und \u00e4u\u00dferen Abmessungen von 9,5&#8243;H x 6,25&#8243;B x 3,5&#8243;T bietet der Bravo Modular Bino Pack-Gro\u00df ausreichend Platz, um Ihre Ferngl\u00e4ser und andere wichtige Artikel unterzubringen. Der verstellbare Schultergurt mit Vorw\u00e4rtsziehen und die flachen, MOLLE-kompatiblen Fl\u00fcgel sorgen f\u00fcr einen sicheren und ma\u00dfgeschneiderten Sitz, so dass Sie den Rucksack an Ihre Bed\u00fcrfnisse anpassen k\u00f6nnen.<\/p>\n<p>Steigern Sie Ihr Outdoor-Erlebnis mit dem Bravo Modular Bino Pack-Gro\u00df, einer vielseitigen und anpassbaren L\u00f6sung zum Tragen Ihrer Ferngl\u00e4ser und lebenswichtiger Ausr\u00fcstung. Erkunden Sie das verf\u00fcgbare Zubeh\u00f6r, um Ihren Rucksack individuell zu gestalten und seine Funktionalit\u00e4t zu maximieren, damit er der perfekte Begleiter f\u00fcr Ihr n\u00e4chstes Abenteuer ist.<\/p>\n","protected":false},"excerpt":{"rendered":"<p>Modulare Brusttasche mit Fernglasentasche ohne Magazin, Fronttasche, dehnbare Seiten.<\/p>\n","protected":false},"featured_media":702185,"template":"","meta":{"_acf_changed":false},"product_brand":[15152],"product_cat":[15225],"product_tag":[],"class_list":{"0":"post-702151","1":"product","2":"type-product","3":"status-publish","4":"has-post-thumbnail","6":"product_brand-eberlestock","7":"product_cat-binocular-harnesses-de","9":"first","10":"instock","11":"taxable","12":"shipping-taxable","13":"purchasable","14":"product-type-variable","15":"wvs-archive-product-wrapper"},"acf":[],"_links":{"self":[{"href":"https:\/\/nbg.eu\/de\/wp-json\/wp\/v2\/product\/702151","targetHints":{"allow":["GET"]}}],"collection":[{"href":"https:\/\/nbg.eu\/de\/wp-json\/wp\/v2\/product"}],"about":[{"href":"https:\/\/nbg.eu\/de\/wp-json\/wp\/v2\/types\/product"}],"wp:featuredmedia":[{"embeddable":true,"href":"https:\/\/nbg.eu\/de\/wp-json\/wp\/v2\/media\/702185"}],"wp:attachment":[{"href":"https:\/\/nbg.eu\/de\/wp-json\/wp\/v2\/media?parent=702151"}],"wp:term":[{"taxonomy":"product_brand","embeddable":true,"href":"https:\/\/nbg.eu\/de\/wp-json\/wp\/v2\/product_brand?post=702151"},{"taxonomy":"product_cat","embeddable":true,"href":"https:\/\/nbg.eu\/de\/wp-json\/wp\/v2\/product_cat?post=702151"},{"taxonomy":"product_tag","embeddable":true,"href":"https:\/\/nbg.eu\/de\/wp-json\/wp\/v2\/product_tag?post=702151"}],"curies":[{"name":"wp","href":"https:\/\/api.w.org\/{rel}","templated":true}]}}