{"id":703297,"date":"2025-12-23T12:02:01","date_gmt":"2025-12-23T09:02:01","guid":{"rendered":"https:\/\/nbg.eu\/product\/bando-bag-xl\/"},"modified":"2026-04-15T14:21:10","modified_gmt":"2026-04-15T11:21:10","slug":"bando-bag-xl","status":"publish","type":"product","link":"https:\/\/nbg.eu\/de\/produkt\/bando-bag-xl\/","title":{"rendered":"Eberlestock Tasche Bando XL"},"content":{"rendered":"<h2>Bando Bag-XL: Vielseitige und praktische EDC-Tragetasche<\/h2>\n<p>Der Bando Bag-XL ist eine leichte und praktische M\u00f6glichkeit, Ihre allt\u00e4glichen Trageelemente (EDC) zu transportieren. Das voll verschlie\u00dfbare R\u00fcckfach des Bando Bag-XL misst 6&#8243;H x 11&#8243;B x 3&#8243;T, gro\u00df genug, um die meisten vollrahmigen Seitenwaffen und kleinere Feuerwaffen zu sichern. Das Hauptfach verf\u00fcgt \u00fcber eine Innentasche mit Rei\u00dfverschluss aus Mesh und zwei Schlupftaschen f\u00fcr zus\u00e4tzliche Ordnung, w\u00e4hrend eine kleine Vordertasche mit Rei\u00dfverschluss perfekt f\u00fcr Schl\u00fcssel, Kabel oder andere kleine Artikel ist.<\/p>\n<p>Der verstellbare H\u00fcftgurt am Bando Bag-XL erm\u00f6glicht eine individuelle Passform von 31,5&#8243; bis 44&#8243; L\u00e4nge. Der Bando Bag-XL wird auch einen integrierten \u00c4rmel enthalten, um einen Tourniquet unterhalb der Klappe des Hauptfachs bequem mitzuf\u00fchren und so leicht auf diese lebenswichtige Notfallausr\u00fcstung zuzugreifen.<\/p>\n<h2>Schl\u00fcsselmerkmale:<\/h2>\n<ul>\n<li>-Voll verschlie\u00dfbares R\u00fcckfach (6&#8243;H x 11&#8243;B x 3&#8243;T) f\u00fcr die Aufbewahrung von Seitenwaffen<\/li>\n<li>-Innentasche mit Rei\u00dfverschluss aus Mesh und zwei Schlupftaschen f\u00fcr die Organisation<\/li>\n<li>-Kleine Vordertasche mit Rei\u00dfverschluss f\u00fcr Schl\u00fcssel, Kabel und andere kleine Artikel<\/li>\n<li>-Verstellbarer H\u00fcftgurt (31,5&#8243;-44&#8243;)<\/li>\n<li>-Integrierter \u00c4rmel zum Tragen eines Tourniquets<\/li>\n<\/ul>\n","protected":false},"excerpt":{"rendered":"<p>Leichter, vollst\u00e4ndig rei\u00dfverschlossener EDC-Beutel mit einer Tasche von 6&#8243;h x 11&#8243;b x 3&#8243;t f\u00fcr Seitenwaffen in Originalgr\u00f6\u00dfe.<\/p>\n","protected":false},"featured_media":703373,"template":"","meta":{"_acf_changed":false},"product_brand":[15152],"product_cat":[12047],"product_tag":[],"class_list":{"0":"post-703297","1":"product","2":"type-product","3":"status-publish","4":"has-post-thumbnail","6":"product_brand-eberlestock","7":"product_cat-rangetaschen","9":"first","10":"instock","11":"taxable","12":"shipping-taxable","13":"purchasable","14":"product-type-variable","15":"wvs-archive-product-wrapper"},"acf":[],"_links":{"self":[{"href":"https:\/\/nbg.eu\/de\/wp-json\/wp\/v2\/product\/703297","targetHints":{"allow":["GET"]}}],"collection":[{"href":"https:\/\/nbg.eu\/de\/wp-json\/wp\/v2\/product"}],"about":[{"href":"https:\/\/nbg.eu\/de\/wp-json\/wp\/v2\/types\/product"}],"wp:featuredmedia":[{"embeddable":true,"href":"https:\/\/nbg.eu\/de\/wp-json\/wp\/v2\/media\/703373"}],"wp:attachment":[{"href":"https:\/\/nbg.eu\/de\/wp-json\/wp\/v2\/media?parent=703297"}],"wp:term":[{"taxonomy":"product_brand","embeddable":true,"href":"https:\/\/nbg.eu\/de\/wp-json\/wp\/v2\/product_brand?post=703297"},{"taxonomy":"product_cat","embeddable":true,"href":"https:\/\/nbg.eu\/de\/wp-json\/wp\/v2\/product_cat?post=703297"},{"taxonomy":"product_tag","embeddable":true,"href":"https:\/\/nbg.eu\/de\/wp-json\/wp\/v2\/product_tag?post=703297"}],"curies":[{"name":"wp","href":"https:\/\/api.w.org\/{rel}","templated":true}]}}