{"id":704050,"date":"2025-12-23T12:03:47","date_gmt":"2025-12-23T09:03:47","guid":{"rendered":"https:\/\/nbg.eu\/product\/beutelbeutel\/"},"modified":"2026-04-15T14:21:07","modified_gmt":"2026-04-15T11:21:07","slug":"beutelbeutel","status":"publish","type":"product","link":"https:\/\/nbg.eu\/de\/produkt\/beutelbeutel\/","title":{"rendered":"Eberlestock Tasche Bando"},"content":{"rendered":"<h2>Bando Tasche: Praktischer und leichter EDC-Tr\u00e4ger<\/h2>\n<p>Die Bando Tasche ist eine leichte und praktische M\u00f6glichkeit, Ihre EDC-Artikel zu transportieren. Eine voll verschlie\u00dfbare R\u00fcckentasche an der Bando misst 14 cm H\u00f6he x 24 cm Breite x 2,5 cm Tiefe und ist gro\u00df genug, um die meisten Subcompact- und Compact-Handfeuerwaffen wie die Glock-19 und \u00e4hnlich gro\u00dfe Modelle unterzubringen. Das Hauptfach verf\u00fcgt \u00fcber eine interne Rei\u00dfverschlusstaschen und zwei F\u00e4cher zum zus\u00e4tzlichen Verstauen. Eine kleine Rei\u00dfverschlusstasche vorn ist perfekt f\u00fcr Schl\u00fcssel, Kabel oder andere kleine Gegenst\u00e4nde. Die L\u00e4nge des H\u00fcftgurtes ist von 80 cm bis 112 cm verstellbar.<\/p>\n<h2>Wichtigste Merkmale<\/h2>\n<ul>\n<li>Voll verschlie\u00dfbare R\u00fcckentasche<\/li>\n<li>Interne Rei\u00dfverschlusstaschen<\/li>\n<li>Zwei interne F\u00e4cher<\/li>\n<li>Kleine Rei\u00dfverschlusstasche vorne<\/li>\n<li>Verstellbarer H\u00fcftgurt (80 cm &#8211; 112 cm)<\/li>\n<li>Integrierte Schlaufe zum einfachen Tragen eines Tourniquets<\/li>\n<\/ul>\n","protected":false},"excerpt":{"rendered":"<p>Die Bando-Tasche ist eine leichte und praktische M\u00f6glichkeit, Ihre EDC-Artikel zu transportieren. Sie passt auf die meisten Kompakt- bis Vollgr\u00f6\u00dfen-Seitenwaffen.<\/p>\n","protected":false},"featured_media":704075,"template":"","meta":{"_acf_changed":false},"product_brand":[15152],"product_cat":[12047],"product_tag":[],"class_list":{"0":"post-704050","1":"product","2":"type-product","3":"status-publish","4":"has-post-thumbnail","6":"product_brand-eberlestock","7":"product_cat-rangetaschen","9":"first","10":"instock","11":"taxable","12":"shipping-taxable","13":"purchasable","14":"product-type-variable","15":"wvs-archive-product-wrapper"},"acf":[],"_links":{"self":[{"href":"https:\/\/nbg.eu\/de\/wp-json\/wp\/v2\/product\/704050","targetHints":{"allow":["GET"]}}],"collection":[{"href":"https:\/\/nbg.eu\/de\/wp-json\/wp\/v2\/product"}],"about":[{"href":"https:\/\/nbg.eu\/de\/wp-json\/wp\/v2\/types\/product"}],"wp:featuredmedia":[{"embeddable":true,"href":"https:\/\/nbg.eu\/de\/wp-json\/wp\/v2\/media\/704075"}],"wp:attachment":[{"href":"https:\/\/nbg.eu\/de\/wp-json\/wp\/v2\/media?parent=704050"}],"wp:term":[{"taxonomy":"product_brand","embeddable":true,"href":"https:\/\/nbg.eu\/de\/wp-json\/wp\/v2\/product_brand?post=704050"},{"taxonomy":"product_cat","embeddable":true,"href":"https:\/\/nbg.eu\/de\/wp-json\/wp\/v2\/product_cat?post=704050"},{"taxonomy":"product_tag","embeddable":true,"href":"https:\/\/nbg.eu\/de\/wp-json\/wp\/v2\/product_tag?post=704050"}],"curies":[{"name":"wp","href":"https:\/\/api.w.org\/{rel}","templated":true}]}}