{"id":704599,"date":"2025-12-23T12:15:29","date_gmt":"2025-12-23T09:15:29","guid":{"rendered":"https:\/\/nbg.eu\/product\/switchklingenpackung\/"},"modified":"2026-04-15T14:21:03","modified_gmt":"2026-04-15T11:21:03","slug":"switchklingenpackung","status":"publish","type":"product","link":"https:\/\/nbg.eu\/de\/produkt\/switchklingenpackung\/","title":{"rendered":"Eberlestock Rucksack Switchblade"},"content":{"rendered":"<h2>Switchblade-Rucksack: Maximaler Platz und verdecktes Tragen<\/h2>\n<p>Der Switchblade\u2122-Rucksack ist so konzipiert, dass er ein niedriges Profil hat und gleichzeitig maximalen Platz und Organisation bietet. \u00d6ffnen Sie die Oberkantentasche, um auf zwei Magazintaschen und andere kleine Organisationsmerkmale zuzugreifen. Im Inneren finden Sie eine Dokumententrennwand, die perfekt f\u00fcr ein iPad, Laptop oder sogar eine kurzl\u00e4ufige Waffe geeignet ist.<\/p>\n<p>Die Vorderseite des Rucksacks verf\u00fcgt \u00fcber eine \u00fcberdimensionierte Tasche f\u00fcr den schnellen Zugriff auf Ihre wichtigen Artikel. An jeder Seite befinden sich ein Paar Kordelzug-Getr\u00e4nkehaltertaschen sowie eine flache Rei\u00dfverschlusstasche an der Seite. Der Rucksack hat auch eine verdeckte, magnetisch offene, schnell zug\u00e4ngliche Waffentasche f\u00fcr diskrete verdeckte F\u00fchrung.<\/p>\n<p>Mit einem Gesamtvolumen von 1.785 Kubikzoll (29,3 L) und einem Gewicht von nur 3,60 Pfund bietet der Switchblade\u2122 ausreichend Platz und Mobilit\u00e4t. Die Haupttasche misst 20,5 H x 12 B x 8 T Zoll, was ihn zu einer vielseitigen Wahl f\u00fcr den t\u00e4glichen Gebrauch oder taktische Eins\u00e4tze macht.<\/p>\n<p>Zu den Hauptmerkmalen geh\u00f6ren seltenerdemagnetische \u00d6ffnungen f\u00fcr den schnellen Zugriff auf Holster f\u00fcr verdeckte Waffen, Loop-Velcro-PALS-Gewebe zum Anbringen von MOLLE- oder Velcro-beschichteten Zubeh\u00f6rteilen und Innentaschen f\u00fcr Trinksysteme, Magazine und Organizer f\u00fcr kleine Gegenst\u00e4nde. Der abnehmbare Tragegurt und die H\u00fcftgurtkompatibilit\u00e4t erh\u00f6hen die Anpassungsf\u00e4higkeit des Rucksacks.<\/p>\n<p>Der Switchblade\u2122 verf\u00fcgt auch \u00fcber das neue MOLLE-10-Gewebe, das im Vergleich zu Standard-25-mm-MOLLE-Matrizen eine 60%ige Gewichtsersparnis bietet, sowie ein ambidextrisches verdecktes Holster, das f\u00fcr die meisten Handfeuerwaffen, einschlie\u00dflich Selbstladepistolen mit Vollrahmen, geeignet ist. F\u00fcr Wetterschutz verwenden Sie unseren kleinen umkehrbaren Regenschutz.<\/p>\n","protected":false},"excerpt":{"rendered":"<p>Die Switchblade\u2122 hat ein unauff\u00e4lliges Design und bietet maximalen Stauraum und Ordnung. \u00d6ffnen Sie das Deckelfach, finden Sie dort zwei Magazintaschen und andere kleine Ordnungselemente. Im Inneren befindet sich ein Dokumentenfach f\u00fcr ein iPad, Laptop oder sogar ein kurzl\u00e4ufiges Gewehr. An der Vorderseite des Rucksacks gibt es eine gro\u00dfz\u00fcgige Tasche f\u00fcr schnellen Zugriff auf wichtige Gegenst\u00e4nde. An beiden Seiten befinden sich jeweils zwei Kordelzugbechertaschen sowie eine flache Seitentasche mit Rei\u00dfverschluss. Der Rucksack verf\u00fcgt auch \u00fcber eine versteckte, magnetisch offene, schnell zug\u00e4ngliche Verdeckte-Waffe-Tasche.<\/p>\n","protected":false},"featured_media":704628,"template":"","meta":{"_acf_changed":false},"product_brand":[15152],"product_cat":[12051],"product_tag":[],"class_list":{"0":"post-704599","1":"product","2":"type-product","3":"status-publish","4":"has-post-thumbnail","6":"product_brand-eberlestock","7":"product_cat-rucksaecke","9":"first","10":"instock","11":"taxable","12":"shipping-taxable","13":"purchasable","14":"product-type-variable","15":"wvs-archive-product-wrapper"},"acf":[],"_links":{"self":[{"href":"https:\/\/nbg.eu\/de\/wp-json\/wp\/v2\/product\/704599","targetHints":{"allow":["GET"]}}],"collection":[{"href":"https:\/\/nbg.eu\/de\/wp-json\/wp\/v2\/product"}],"about":[{"href":"https:\/\/nbg.eu\/de\/wp-json\/wp\/v2\/types\/product"}],"wp:featuredmedia":[{"embeddable":true,"href":"https:\/\/nbg.eu\/de\/wp-json\/wp\/v2\/media\/704628"}],"wp:attachment":[{"href":"https:\/\/nbg.eu\/de\/wp-json\/wp\/v2\/media?parent=704599"}],"wp:term":[{"taxonomy":"product_brand","embeddable":true,"href":"https:\/\/nbg.eu\/de\/wp-json\/wp\/v2\/product_brand?post=704599"},{"taxonomy":"product_cat","embeddable":true,"href":"https:\/\/nbg.eu\/de\/wp-json\/wp\/v2\/product_cat?post=704599"},{"taxonomy":"product_tag","embeddable":true,"href":"https:\/\/nbg.eu\/de\/wp-json\/wp\/v2\/product_tag?post=704599"}],"curies":[{"name":"wp","href":"https:\/\/api.w.org\/{rel}","templated":true}]}}