{"id":720213,"date":"2025-05-21T16:04:06","date_gmt":"2025-05-21T13:04:06","guid":{"rendered":"https:\/\/nbg.eu\/product\/magazin-kmr-l-02-orca-kal-40-sw-18-schuss\/"},"modified":"2026-04-16T17:10:34","modified_gmt":"2026-04-16T14:10:34","slug":"magazin-kmr-l-02-orca-kal-40-sw-18-schuss","status":"publish","type":"product","link":"https:\/\/nbg.eu\/de\/produkt\/magazin-kmr-l-02-orca-kal-40-sw-18-schuss\/","title":{"rendered":"KMR Magazin L-02 ORCA .40 S&amp;W 18 Ptr."},"content":{"rendered":"<h2>MAGAZINE KMR L-02 ORCA &#8211; Erh\u00f6hen Sie Ihre Feuerkraft<\/h2>\n<p>Hier stellen wir Ihnen das MAGAZINE KMR L-02 ORCA vor, ein hochkapazitives Magazin, das Ihr Schie\u00dferlebnis verbessern soll. F\u00fcr die leistungsstarke .40 S&amp;W-Patrone ausgelegt, bietet dieses Magazin eine bemerkenswerte Kapazit\u00e4t von 18 Patronen und erm\u00f6glicht Ihnen so eine erh\u00f6hte Feuerkraft sowie weniger h\u00e4ufiges Nachladen.<\/p>\n<p>Mit Pr\u00e4zision und Sorgfalt gefertigt, ist das Magazin ein wesentliches Zubeh\u00f6r f\u00fcr Sch\u00fctzen, die das Beste verlangen. Seine robuste Konstruktion gew\u00e4hrleistet eine zuverl\u00e4ssige Leistung, auch unter anspruchsvollen Bedingungen.<\/p>\n<p>Mit seinem schlanken und ergonomischen Design integriert sich das MAGAZINE KMR L-02 ORCA nahtlos in Ihre Waffe und bietet einen komfortablen und sicheren Griff. Seine erh\u00f6hte Kapazit\u00e4t erm\u00f6glicht Ihnen ein l\u00e4ngeres Verweilen im Einsatz, reduziert die Notwendigkeit h\u00e4ufiger Magazinwechsel und maximiert Ihren taktischen Vorteil.<\/p>\n<p>Erleben Sie die Leistung und Vielseitigkeit des MAGAZINE KMR L-02 ORCA, des ultimativen hochkapazitiven Magazins f\u00fcr Ihre .40 S&amp;W-Waffe.<\/p>\n<p>Ref: 1152-02403-0001.<\/p>\n","protected":false},"excerpt":{"rendered":"<p>MAGAZIN KMR L-02 ORCA, Kal. 40 S&amp;W, 18 Patronen, Hochkapazit\u00e4tsmagazin f\u00fcr erh\u00f6hte Feuerkraft.<\/p>\n","protected":false},"featured_media":365269,"template":"","meta":{"_acf_changed":false},"product_brand":[11493],"product_cat":[12057,12053],"product_tag":[],"class_list":{"0":"post-720213","1":"product","2":"type-product","3":"status-publish","4":"has-post-thumbnail","6":"product_brand-kmr-precision","7":"product_cat-kmr-teile","8":"product_cat-pistolenteile","10":"first","11":"instock","12":"taxable","13":"shipping-taxable","14":"product-type-simple"},"acf":[],"_links":{"self":[{"href":"https:\/\/nbg.eu\/de\/wp-json\/wp\/v2\/product\/720213","targetHints":{"allow":["GET"]}}],"collection":[{"href":"https:\/\/nbg.eu\/de\/wp-json\/wp\/v2\/product"}],"about":[{"href":"https:\/\/nbg.eu\/de\/wp-json\/wp\/v2\/types\/product"}],"wp:featuredmedia":[{"embeddable":true,"href":"https:\/\/nbg.eu\/de\/wp-json\/wp\/v2\/media\/365269"}],"wp:attachment":[{"href":"https:\/\/nbg.eu\/de\/wp-json\/wp\/v2\/media?parent=720213"}],"wp:term":[{"taxonomy":"product_brand","embeddable":true,"href":"https:\/\/nbg.eu\/de\/wp-json\/wp\/v2\/product_brand?post=720213"},{"taxonomy":"product_cat","embeddable":true,"href":"https:\/\/nbg.eu\/de\/wp-json\/wp\/v2\/product_cat?post=720213"},{"taxonomy":"product_tag","embeddable":true,"href":"https:\/\/nbg.eu\/de\/wp-json\/wp\/v2\/product_tag?post=720213"}],"curies":[{"name":"wp","href":"https:\/\/api.w.org\/{rel}","templated":true}]}}