{"id":721299,"date":"2026-01-19T18:48:08","date_gmt":"2026-01-19T15:48:08","guid":{"rendered":"https:\/\/nbg.eu\/product\/rh-crocy-gizmo-adapter\/"},"modified":"2026-02-27T16:25:33","modified_gmt":"2026-02-27T13:25:33","slug":"rh-crocy-gizmo-adapter","status":"publish","type":"product","link":"https:\/\/nbg.eu\/de\/produkt\/rh-crocy-gizmo-adapter\/","title":{"rendered":"RH Crocy Gizmo Adapter"},"content":{"rendered":"<h2>RH Crocy Gizmo Adapter<\/h2>\n<p>Das Crocy Gizmo ist ein Verbindungsst\u00fcck, das f\u00fcr das RH Crocy AIWB-Holstersystem entwickelt wurde. Es erm\u00f6glicht die direkte Befestigung einer Magazintasche am Holster f\u00fcr eine vollst\u00e4ndige Appendix-Tragekonfiguration.<\/p>\n<h3>Hauptmerkmale:<\/h3>\n<ul>\n<li>Verbindet die Crocy-Magazintasche mit dem Crocy AIWB-Holster<\/li>\n<li>Kydex-Konstruktion f\u00fcr Langlebigkeit<\/li>\n<li>Erm\u00f6glicht modulare AIWB-Konfiguration<\/li>\n<li>Leicht und flaches Profil<\/li>\n<\/ul>\n","protected":false},"excerpt":{"rendered":"<p>RH Crocy Gizmo: Verbindungsst\u00fcck zur Befestigung einer Magazintasche am Crocy AIWB-Holster.<\/p>\n","protected":false},"featured_media":721300,"template":"","meta":{"_acf_changed":false},"product_brand":[11634],"product_cat":[12088],"product_tag":[],"class_list":{"0":"post-721299","1":"product","2":"type-product","3":"status-publish","4":"has-post-thumbnail","6":"product_brand-rh-holsters","7":"product_cat-holster-zubehoer","9":"first","10":"instock","11":"taxable","12":"shipping-taxable","13":"purchasable","14":"product-type-simple"},"acf":[],"_links":{"self":[{"href":"https:\/\/nbg.eu\/de\/wp-json\/wp\/v2\/product\/721299","targetHints":{"allow":["GET"]}}],"collection":[{"href":"https:\/\/nbg.eu\/de\/wp-json\/wp\/v2\/product"}],"about":[{"href":"https:\/\/nbg.eu\/de\/wp-json\/wp\/v2\/types\/product"}],"wp:featuredmedia":[{"embeddable":true,"href":"https:\/\/nbg.eu\/de\/wp-json\/wp\/v2\/media\/721300"}],"wp:attachment":[{"href":"https:\/\/nbg.eu\/de\/wp-json\/wp\/v2\/media?parent=721299"}],"wp:term":[{"taxonomy":"product_brand","embeddable":true,"href":"https:\/\/nbg.eu\/de\/wp-json\/wp\/v2\/product_brand?post=721299"},{"taxonomy":"product_cat","embeddable":true,"href":"https:\/\/nbg.eu\/de\/wp-json\/wp\/v2\/product_cat?post=721299"},{"taxonomy":"product_tag","embeddable":true,"href":"https:\/\/nbg.eu\/de\/wp-json\/wp\/v2\/product_tag?post=721299"}],"curies":[{"name":"wp","href":"https:\/\/api.w.org\/{rel}","templated":true}]}}