{"id":732267,"date":"2026-03-13T17:31:58","date_gmt":"2026-03-13T14:31:58","guid":{"rendered":"https:\/\/nbg.eu\/product\/microtech-l-u-d-t-t-e-gen-iii-black-standard-blue-2\/"},"modified":"2026-03-16T12:37:10","modified_gmt":"2026-03-16T09:37:10","slug":"microtech-l-u-d-t-t-e-gen-iii-black-standard-blue-2","status":"publish","type":"product","link":"https:\/\/nbg.eu\/de\/produkt\/microtech-l-u-d-t-t-e-gen-iii-black-standard-blue-2\/","title":{"rendered":"Microtech L.U.D.T. T\/E Gen III Schwarz Standard Blau"},"content":{"rendered":"<h2>\u00dcbersicht<\/h2>\n<p>Die Microtech L.U.D.T. Gen III ist ein leistungsstarker automatischer Falter, der an den klassischen UDT-Stil mit revolution\u00e4ren Aktualisierungen von Form und Funktion erinnert. Diese blaue Variante verf\u00fcgt \u00fcber eine schwarze DLC-beschichtete Tantoklinge mit standardm\u00e4\u00dfig glatter Schneide, geschmiedet aus Bohler M390MK-Stahl. Die Generation III verf\u00fcgt \u00fcber Griffeinlagen auf der R\u00fcckseite mit 3M Traction Tape f\u00fcr optimalen Halt, l\u00e4uft auf 24 Silica-Carbid-Lagern f\u00fcr die sanfteste Bewegung seiner Klasse und verwendet g\u00e4ngige Torx-Schrauben f\u00fcr eine einfache Wartung vor Ort.<\/p>\n<h3>24 Siliziumkarbid-Lager<\/h3>\n<p>Das LUDT Gen III-System l\u00e4uft auf 24 Pr\u00e4zisions-Silica-Carbid-Lagern und liefert die sanfteste und raffinierteste automatische Klappmechanik, die Microtech je hergestellt hat. Das Lagersystem eliminiert nahezu Reibung f\u00fcr einen blitzschnellen Einsatz.<\/p>\n<h3>3M Traktionsbandeinlagen<\/h3>\n<p>Die R\u00fcckkehr der Griffeinlagen im Gen III verwendet 3M Traction Tape in Industriequalit\u00e4t, das au\u00dfergew\u00f6hnlichen Halt bei N\u00e4sse, \u00d6l oder Handschuhen bietet, ohne das Griffprofil aufzutragen.<\/p>\n<h3>Wasserabweisende Konstruktion<\/h3>\n<p>Der LUDT Gen III wurde speziell f\u00fcr raue Umgebungen entwickelt und verf\u00fcgt \u00fcber eine wetterfeste Konstruktion, die dem Eindringen von Feuchtigkeit widersteht und ihn zuverl\u00e4ssig bei Regen, Schnee und Meeresumgebungen macht.<\/p>\n<h3>Premium-Komponenten<\/h3>\n<ul>\n<li>Bohler M390MK Tantoklinge<\/li>\n<li>Griff aus 6061-T6-Aluminium mit 3M Traction Tape-Einlagen<\/li>\n<li>24-Quarz-Lagersystem<\/li>\n<li>Klappbarer Taschenclip<\/li>\n<li>Gemeinsame Torx-Hardware f\u00fcr einfache Wartung<\/li>\n<li>Wasserfeste Konstruktion<\/li>\n<\/ul>\n<h3>Spezifikationen<\/h3>\n<table class=\"shop_attributes\">\n<tbody>\n<tr>\n<td><strong>Typ<\/strong><\/td>\n<td>Automatischer Ordner<\/td>\n<\/tr>\n<tr>\n<td><strong>Klingenl\u00e4nge<\/strong><\/td>\n<td>3,50&#8243;<\/td>\n<\/tr>\n<tr>\n<td><strong>Gesamtl\u00e4nge<\/strong><\/td>\n<td>8,00&#8243;<\/td>\n<\/tr>\n<tr>\n<td><strong>Griffl\u00e4nge<\/strong><\/td>\n<td>4,50&#8243;<\/td>\n<\/tr>\n<tr>\n<td><strong>Klingenstahl<\/strong><\/td>\n<td>Bohler M390MK<\/td>\n<\/tr>\n<tr>\n<td><strong>Griffmaterial<\/strong><\/td>\n<td>6061-T6 Aluminium mit 3M Traction Tape-Einlagen<\/td>\n<\/tr>\n<tr>\n<td><strong>Gewicht<\/strong><\/td>\n<td>3,60 Unzen<\/td>\n<\/tr>\n<tr>\n<td><strong>Taschenclip<\/strong><\/td>\n<td>Tip-Up Carry<\/td>\n<\/tr>\n<tr>\n<td><strong>Lager<\/strong><\/td>\n<td>24 Siliziumkarbid<\/td>\n<\/tr>\n<tr>\n<td><strong>Herkunftsland<\/strong><\/td>\n<td>USA<\/td>\n<\/tr>\n<tr>\n<td><strong>Grifffarbe<\/strong><\/td>\n<td>Blau<\/td>\n<\/tr>\n<tr>\n<td><strong>Klingenfinish<\/strong><\/td>\n<td>Schwarzer DLC<\/td>\n<\/tr>\n<tr>\n<td><strong>Kantentyp<\/strong><\/td>\n<td>Einfach<\/td>\n<\/tr>\n<\/tbody>\n<\/table>\n","protected":false},"excerpt":{"rendered":"<p>L.U.D.T. Automatik-Folder der Generation III in Blau mit schwarzer DLC-Standard-Tantoklinge M390MK. Verf\u00fcgt \u00fcber 24 Silica-Carbid-Lager und 3M Traction Tape-Einlagen. 3,50\u2033 Klinge, 8,00\u2033 insgesamt.<\/p>\n","protected":false},"featured_media":731480,"template":"","meta":{"_acf_changed":false},"product_brand":[15539],"product_cat":[15377,15355],"product_tag":[],"class_list":{"0":"post-732267","1":"product","2":"type-product","3":"status-publish","4":"has-post-thumbnail","6":"product_brand-microtech","7":"product_cat-folding-knives-de","8":"product_cat-knives-es","10":"first","11":"instock","12":"taxable","13":"shipping-taxable","14":"purchasable","15":"product-type-simple"},"acf":[],"_links":{"self":[{"href":"https:\/\/nbg.eu\/de\/wp-json\/wp\/v2\/product\/732267","targetHints":{"allow":["GET"]}}],"collection":[{"href":"https:\/\/nbg.eu\/de\/wp-json\/wp\/v2\/product"}],"about":[{"href":"https:\/\/nbg.eu\/de\/wp-json\/wp\/v2\/types\/product"}],"wp:featuredmedia":[{"embeddable":true,"href":"https:\/\/nbg.eu\/de\/wp-json\/wp\/v2\/media\/731480"}],"wp:attachment":[{"href":"https:\/\/nbg.eu\/de\/wp-json\/wp\/v2\/media?parent=732267"}],"wp:term":[{"taxonomy":"product_brand","embeddable":true,"href":"https:\/\/nbg.eu\/de\/wp-json\/wp\/v2\/product_brand?post=732267"},{"taxonomy":"product_cat","embeddable":true,"href":"https:\/\/nbg.eu\/de\/wp-json\/wp\/v2\/product_cat?post=732267"},{"taxonomy":"product_tag","embeddable":true,"href":"https:\/\/nbg.eu\/de\/wp-json\/wp\/v2\/product_tag?post=732267"}],"curies":[{"name":"wp","href":"https:\/\/api.w.org\/{rel}","templated":true}]}}