{"id":732271,"date":"2026-03-13T17:32:22","date_gmt":"2026-03-13T14:32:22","guid":{"rendered":"https:\/\/nbg.eu\/product\/microtech-scarab-ii-gen-iii-t-e-dlc-shadow-signature-series-2\/"},"modified":"2026-03-30T15:41:17","modified_gmt":"2026-03-30T12:41:17","slug":"microtech-scarab-ii-gen-iii-t-e-dlc-shadow-signature-series-2","status":"publish","type":"product","link":"https:\/\/nbg.eu\/de\/produkt\/microtech-scarab-ii-gen-iii-t-e-dlc-shadow-signature-series-2\/","title":{"rendered":"Microtech Scarab II Gen III T\/E DLC Shadow Signature Series"},"content":{"rendered":"<h2>\u00dcbersicht<\/h2>\n<p>Das Microtech Scarab II Gen III ist das gr\u00f6\u00dfte Double-Action-OTF-Messer in der aktuellen Produktpalette von Microtech. Es verf\u00fcgt \u00fcber die breiteste verf\u00fcgbare Klinge und eine imposante Gesamtl\u00e4nge von 9,70 Zoll. Diese Black DLC Shadow-Variante verf\u00fcgt \u00fcber eine DLC-beschichtete Tanto-Klinge aus Bohler M390MK-Stahl verwenden.<\/p>\n<h3>Gr\u00f6\u00dftes Double-Action-OTF<\/h3>\n<p>Mit einem Gewicht von etwa 5,9 Unzen und einer Klinge von fast 4 Zoll verf\u00fcgt der Scarab II \u00fcber Autorit\u00e4t. Sein breites Tanto-Klingenprofil bietet au\u00dfergew\u00f6hnliche Schneidleistung und Spitzenst\u00e4rke f\u00fcr anspruchsvolle Aufgaben.<\/p>\n<h3>Dual-Fuel-Antriebsstrang<\/h3>\n<p>Das Dual-Feder-Design erzeugt genug Kraft, um die Klinge zuverl\u00e4ssig auszufahren, selbst wenn sie in Wasser getaucht ist, was das Scarab II zu einem der zuverl\u00e4ssigsten OTF-Messer macht, die jemals hergestellt wurden.<\/p>\n<h3>Design der hinteren Anschl\u00fcsse<\/h3>\n<p>Die durchdachte hintere \u00d6ffnung erm\u00f6glicht ein m\u00fcheloses \u00d6ffnen des Messers auch unter schwierigen Bedingungen, wobei die Entlastungsschnitte in der Klinge und am Ende f\u00fcr ein Durchflussdesign sorgen.<\/p>\n<h3>Premium-Komponenten<\/h3>\n<ul>\n<li>Bohler M390MK breite Tantoklinge<\/li>\n<li>Konturgriff aus 6061-T6-Aluminium<\/li>\n<li>Dual-Fuel-Antriebsstrang mit Unterwassereinsatzf\u00e4higkeit<\/li>\n<li>Strukturierte Griffeins\u00e4tze f\u00fcr verbesserte Traktion<\/li>\n<li>R\u00fcckseitige Anschl\u00fcsse f\u00fcr zuverl\u00e4ssigen Betrieb<\/li>\n<li>Durchflussdesign mit Reliefschnitten<\/li>\n<li>DLC-beschichtete Hardware und Taschenclip<\/li>\n<li>Tief eingraviertes Scarab-Logo der Signature Series<\/li>\n<\/ul>\n<h3>Spezifikationen<\/h3>\n<table class=\"shop_attributes\">\n<tbody>\n<tr>\n<td><strong>Typ<\/strong><\/td>\n<td>Out-The-Front-Automatik<\/td>\n<\/tr>\n<tr>\n<td><strong>Klingenl\u00e4nge<\/strong><\/td>\n<td>3,95&#8243;<\/td>\n<\/tr>\n<tr>\n<td><strong>Gesamtl\u00e4nge<\/strong><\/td>\n<td>9,70&#8243;<\/td>\n<\/tr>\n<tr>\n<td><strong>Klingenstahl<\/strong><\/td>\n<td>Bohler M390MK (DLC-beschichtet)<\/td>\n<\/tr>\n<tr>\n<td><strong>Griffmaterial<\/strong><\/td>\n<td>6061-T6 Aluminium (Schwarz DLC Shadow)<\/td>\n<\/tr>\n<tr>\n<td><strong>Gewicht<\/strong><\/td>\n<td>~5,9 Unzen<\/td>\n<\/tr>\n<tr>\n<td><strong>Klingenstil<\/strong><\/td>\n<td>Tanto (T\/E)<\/td>\n<\/tr>\n<tr>\n<td><strong>Klingenfinish<\/strong><\/td>\n<td>DLC Shadow<\/td>\n<\/tr>\n<tr>\n<td><strong>Hardware<\/strong><\/td>\n<td>DLC-beschichtet<\/td>\n<\/tr>\n<tr>\n<td><strong>Kantentyp<\/strong><\/td>\n<td>Einfach<\/td>\n<\/tr>\n<tr>\n<td><strong>Serie<\/strong><\/td>\n<td>Signaturserie<\/td>\n<\/tr>\n<tr>\n<td><strong>Herkunftsland<\/strong><\/td>\n<td>USA<\/td>\n<\/tr>\n<\/tbody>\n<\/table>\n","protected":false},"excerpt":{"rendered":"<p>Scarab II Gen III Signature Series mit vollst\u00e4ndigem DLC Shadow-Finish \u2013 DLC-beschichtete M390MK-Tantoklinge, DLC-Hardware und schwarzer Aluminiumgriff. Microtechs gr\u00f6\u00dftes OTF. 3,95\u2033 Klinge, 9,70\u2033 insgesamt.<\/p>\n","protected":false},"featured_media":731492,"template":"","meta":{"_acf_changed":false},"product_brand":[15539],"product_cat":[15355,15990],"product_tag":[],"class_list":{"0":"post-732271","1":"product","2":"type-product","3":"status-publish","4":"has-post-thumbnail","6":"product_brand-microtech","7":"product_cat-knives-es","8":"product_cat-otf-knives-de","10":"first","11":"outofstock","12":"taxable","13":"shipping-taxable","14":"purchasable","15":"product-type-simple"},"acf":[],"_links":{"self":[{"href":"https:\/\/nbg.eu\/de\/wp-json\/wp\/v2\/product\/732271","targetHints":{"allow":["GET"]}}],"collection":[{"href":"https:\/\/nbg.eu\/de\/wp-json\/wp\/v2\/product"}],"about":[{"href":"https:\/\/nbg.eu\/de\/wp-json\/wp\/v2\/types\/product"}],"wp:featuredmedia":[{"embeddable":true,"href":"https:\/\/nbg.eu\/de\/wp-json\/wp\/v2\/media\/731492"}],"wp:attachment":[{"href":"https:\/\/nbg.eu\/de\/wp-json\/wp\/v2\/media?parent=732271"}],"wp:term":[{"taxonomy":"product_brand","embeddable":true,"href":"https:\/\/nbg.eu\/de\/wp-json\/wp\/v2\/product_brand?post=732271"},{"taxonomy":"product_cat","embeddable":true,"href":"https:\/\/nbg.eu\/de\/wp-json\/wp\/v2\/product_cat?post=732271"},{"taxonomy":"product_tag","embeddable":true,"href":"https:\/\/nbg.eu\/de\/wp-json\/wp\/v2\/product_tag?post=732271"}],"curies":[{"name":"wp","href":"https:\/\/api.w.org\/{rel}","templated":true}]}}