{"id":732274,"date":"2026-03-13T17:32:39","date_gmt":"2026-03-13T14:32:39","guid":{"rendered":"https:\/\/nbg.eu\/product\/microtech-socom-elite-t-e-full-serrated-tan-2\/"},"modified":"2026-03-16T12:37:55","modified_gmt":"2026-03-16T09:37:55","slug":"microtech-socom-elite-t-e-full-serrated-tan-2","status":"publish","type":"product","link":"https:\/\/nbg.eu\/de\/produkt\/microtech-socom-elite-t-e-full-serrated-tan-2\/","title":{"rendered":"Microtech Socom Elite T\/E Full Serrated Tan"},"content":{"rendered":"<h2>\u00dcbersicht<\/h2>\n<p>Das Microtech Socom Elite ist seit seiner Einf\u00fchrung im Jahr 1996 eines der beliebtesten taktischen Klappmesser geblieben, und diese Tanto-Edge-Variante f\u00fchrt dieses Erbe fort. Der ergonomische Griff des Socom Elite ist mit einer schwarzen DLC M390-Klinge mit vollem Wellenschliff ausgestattet und passt sich nat\u00fcrlich der Hand an. Ein integrierter Glasbrecher und ein gro\u00dfer Daumenknopf sorgen f\u00fcr praktischen Nutzen und eine einfache Einhandbedienung, auch mit Handschuhen.<\/p>\n<h3>Bew\u00e4hrtes taktisches Design<\/h3>\n<p>Seit 1996 wurde das Socom Elite durch jahrzehntelanges Feedback aus der Praxis von Milit\u00e4r, Strafverfolgungsbeh\u00f6rden und zivilen Benutzern verfeinert. Die Griffgeometrie sorgt f\u00fcr einen nat\u00fcrlichen, sicheren Halt, der die Erm\u00fcdung bei l\u00e4ngerem Gebrauch verringert.<\/p>\n<h3>Integrierter Glasbrecher<\/h3>\n<p>Ein in die Basis des Griffs integrierter geh\u00e4rteter Glasbrecher bietet die M\u00f6glichkeit, im Notfall zu entkommen, und macht das Socom Elite zu einem vielseitigen Werkzeug, das \u00fcber Schneidaufgaben hinausgeht.<\/p>\n<h3>Handschuhfreundliche Bedienung<\/h3>\n<p>Der \u00fcbergro\u00dfe Daumenpin und die strukturierten Griffeinlagen auf den Griffschalen aus Aluminium sorgen f\u00fcr gute Kontrolle und einfache Handhabung, selbst mit Einsatzhandschuhen oder bei N\u00e4sse.<\/p>\n<h3>Premium-Komponenten<\/h3>\n<ul>\n<li>Bohler M390-Klinge<\/li>\n<li>Griff aus 6061-T6-Aluminium mit Griffeinlagen<\/li>\n<li>Integrierter Glasbrecher<\/li>\n<li>Gro\u00dfer Daumenknopf f\u00fcr die Bedienung mit Handschuhen<\/li>\n<li>Taschenclip<\/li>\n<\/ul>\n<h3>Spezifikationen<\/h3>\n<table class=\"shop_attributes\">\n<tbody>\n<tr>\n<td><strong>Typ<\/strong><\/td>\n<td>Manueller Ordner<\/td>\n<\/tr>\n<tr>\n<td><strong>Klingenl\u00e4nge<\/strong><\/td>\n<td>4,05&#8243;<\/td>\n<\/tr>\n<tr>\n<td><strong>Gesamtl\u00e4nge<\/strong><\/td>\n<td>9,17&#8243;<\/td>\n<\/tr>\n<tr>\n<td><strong>Klingenstahl<\/strong><\/td>\n<td>Bohler M390<\/td>\n<\/tr>\n<tr>\n<td><strong>Griffmaterial<\/strong><\/td>\n<td>6061-T6 Aluminium (Hellbraun)<\/td>\n<\/tr>\n<tr>\n<td><strong>Gewicht<\/strong><\/td>\n<td>~5,3 Unzen<\/td>\n<\/tr>\n<tr>\n<td><strong>Klingenstil<\/strong><\/td>\n<td>Tanto (T\/E)<\/td>\n<\/tr>\n<tr>\n<td><strong>Klingenfinish<\/strong><\/td>\n<td>Schwarzer DLC<\/td>\n<\/tr>\n<tr>\n<td><strong>Kantentyp<\/strong><\/td>\n<td>Vollst\u00e4ndig gezahnt<\/td>\n<\/tr>\n<tr>\n<td><strong>Sperren<\/strong><\/td>\n<td>Liner Lock<\/td>\n<\/tr>\n<tr>\n<td><strong>Glasbrecher<\/strong><\/td>\n<td>Integriert<\/td>\n<\/tr>\n<tr>\n<td><strong>Herkunftsland<\/strong><\/td>\n<td>USA<\/td>\n<\/tr>\n<\/tbody>\n<\/table>\n","protected":false},"excerpt":{"rendered":"<p>Socom Elite-Folder in Hellbraun mit vollst\u00e4ndig gezahnter M390-Tantoklinge aus schwarzem DLC. Aggressive Schneidleistung mit der legend\u00e4ren Socom-Ergonomie und integriertem Glasbrecher. 4,05\u2033 Klinge, 9,17\u2033 insgesamt.<\/p>\n","protected":false},"featured_media":731504,"template":"","meta":{"_acf_changed":false},"product_brand":[15539],"product_cat":[15377,15355],"product_tag":[],"class_list":{"0":"post-732274","1":"product","2":"type-product","3":"status-publish","4":"has-post-thumbnail","6":"product_brand-microtech","7":"product_cat-folding-knives-de","8":"product_cat-knives-es","10":"first","11":"instock","12":"taxable","13":"shipping-taxable","14":"purchasable","15":"product-type-simple"},"acf":[],"_links":{"self":[{"href":"https:\/\/nbg.eu\/de\/wp-json\/wp\/v2\/product\/732274","targetHints":{"allow":["GET"]}}],"collection":[{"href":"https:\/\/nbg.eu\/de\/wp-json\/wp\/v2\/product"}],"about":[{"href":"https:\/\/nbg.eu\/de\/wp-json\/wp\/v2\/types\/product"}],"wp:featuredmedia":[{"embeddable":true,"href":"https:\/\/nbg.eu\/de\/wp-json\/wp\/v2\/media\/731504"}],"wp:attachment":[{"href":"https:\/\/nbg.eu\/de\/wp-json\/wp\/v2\/media?parent=732274"}],"wp:term":[{"taxonomy":"product_brand","embeddable":true,"href":"https:\/\/nbg.eu\/de\/wp-json\/wp\/v2\/product_brand?post=732274"},{"taxonomy":"product_cat","embeddable":true,"href":"https:\/\/nbg.eu\/de\/wp-json\/wp\/v2\/product_cat?post=732274"},{"taxonomy":"product_tag","embeddable":true,"href":"https:\/\/nbg.eu\/de\/wp-json\/wp\/v2\/product_tag?post=732274"}],"curies":[{"name":"wp","href":"https:\/\/api.w.org\/{rel}","templated":true}]}}